{"id":168039,"date":"2026-04-10T14:25:47","date_gmt":"2026-04-10T12:25:47","guid":{"rendered":"https:\/\/watchdeluxe.it\/prodotto\/hamilton-khakli-aviation-quarz-ref-h64554131\/"},"modified":"2026-04-10T14:25:47","modified_gmt":"2026-04-10T12:25:47","slug":"hamilton-khakli-aviation-quarz-ref-h64554131","status":"publish","type":"product","link":"https:\/\/watchdeluxe.it\/es\/prodotto\/hamilton-khakli-aviation-quarz-ref-h64554131\/","title":{"rendered":"Hamilton khakli aviation quarz ref. H64554131"},"content":{"rendered":"<p>Hamilton khakli aviation quarz ref. H64554131\n<\/p>\n<ul>\n<li><strong>Referencia:<\/strong> H64554131<\/li>\n<li><strong>Colecci\u00f3n:<\/strong> Khaki Aviation<\/li>\n<li><strong>Movimiento:<\/strong> Cuarzo Suizo multifunci\u00f3n (ETA E20.373)<\/li>\n<li><strong>Material de la caja:<\/strong> Acero inoxidable<\/li>\n<li><strong>Di\u00e1metro:<\/strong> 40 mm<\/li>\n<li><strong>Cristal:<\/strong> Zafiro antiara\u00f1azos<\/li>\n<li><strong>Impermeabilidad:<\/strong> 10 bar (100 metros)<\/li>\n<li><strong>Funciones Especiales:<\/strong> Logbook de piloto para registrar hasta 20 vuelos, husos horarios UTC, temperatura ISA<\/li>\n<li><strong>Esfera:<\/strong> Negra con visualizaci\u00f3n combinada anal\u00f3gico-digital<\/li>\n<li><strong>Brazalete:<\/strong> Acero inoxidable con cierre desplegable<\/li>\n<\/ul>\n","protected":false},"excerpt":{"rendered":"<p>El Hamilton Khaki Flight Timer es el compa\u00f1ero definitivo para los profesionales del vuelo, uniendo la excelencia tecnol\u00f3gica suiza a una est\u00e9tica aviador atemporal.<\/p>\n","protected":false},"featured_media":167789,"template":"","meta":{"_crdt_document":"","advanced_seo_description":"","jetpack_seo_html_title":"","jetpack_seo_noindex":false},"product_brand":[],"product_cat":[1915],"product_tag":[1387],"berocket_brand":[],"woo-feed-brand":[],"class_list":{"0":"post-168039","1":"product","2":"type-product","3":"status-publish","4":"has-post-thumbnail","6":"product_cat-hamilton","7":"product_tag-khaki","9":"first","10":"instock","11":"sale","12":"taxable","13":"shipping-taxable","14":"purchasable","15":"product-type-simple"},"bundled_by":[],"bundle_stock_status":"instock","bundle_stock_quantity":1,"bundle_virtual":false,"bundle_layout":"","bundle_add_to_cart_form_location":"","bundle_editable_in_cart":false,"bundle_sold_individually_context":"","bundle_item_grouping":"","bundle_min_size":"","bundle_max_size":"","bundle_price":[],"bundled_items":[],"bundle_sell_ids":[],"group_of_quantity":0,"min_quantity":0,"max_quantity":"","exclude_order_quantity_value_rules":"no","exclude_category_quantity_rules":"no","combine_variations":"no","jetpack_sharing_enabled":true,"jetpack_likes_enabled":true,"_links":{"self":[{"href":"https:\/\/watchdeluxe.it\/es\/wp-json\/wp\/v2\/product\/168039","targetHints":{"allow":["GET"]}}],"collection":[{"href":"https:\/\/watchdeluxe.it\/es\/wp-json\/wp\/v2\/product"}],"about":[{"href":"https:\/\/watchdeluxe.it\/es\/wp-json\/wp\/v2\/types\/product"}],"wp:featuredmedia":[{"embeddable":true,"href":"https:\/\/watchdeluxe.it\/es\/wp-json\/wp\/v2\/media\/167789"}],"wp:attachment":[{"href":"https:\/\/watchdeluxe.it\/es\/wp-json\/wp\/v2\/media?parent=168039"}],"wp:term":[{"taxonomy":"product_brand","embeddable":true,"href":"https:\/\/watchdeluxe.it\/es\/wp-json\/wp\/v2\/product_brand?post=168039"},{"taxonomy":"product_cat","embeddable":true,"href":"https:\/\/watchdeluxe.it\/es\/wp-json\/wp\/v2\/product_cat?post=168039"},{"taxonomy":"product_tag","embeddable":true,"href":"https:\/\/watchdeluxe.it\/es\/wp-json\/wp\/v2\/product_tag?post=168039"},{"taxonomy":"berocket_brand","embeddable":true,"href":"https:\/\/watchdeluxe.it\/es\/wp-json\/wp\/v2\/berocket_brand?post=168039"},{"taxonomy":"woo-feed-brand","embeddable":true,"href":"https:\/\/watchdeluxe.it\/es\/wp-json\/wp\/v2\/woo-feed-brand?post=168039"}],"curies":[{"name":"wp","href":"https:\/\/api.w.org\/{rel}","templated":true}]}}