{"id":167879,"date":"2026-04-10T15:38:57","date_gmt":"2026-04-10T13:38:57","guid":{"rendered":"https:\/\/watchdeluxe.it\/prodotto\/hamilton-american-classic-ardmore-ref-h11221852\/"},"modified":"2026-04-10T15:38:57","modified_gmt":"2026-04-10T13:38:57","slug":"hamilton-american-classic-ardmore-ref-h11221852","status":"publish","type":"product","link":"https:\/\/watchdeluxe.it\/es\/prodotto\/hamilton-american-classic-ardmore-ref-h11221852\/","title":{"rendered":"Hamilton American Classic Ardmore ref. H11221852"},"content":{"rendered":"<p>Hamilton American Classic Ardmore ref. H11221852\n<\/p>\n<ul>\n<li><strong>Colecci\u00f3n:<\/strong> American Classic<\/li>\n<li><strong>Movimiento:<\/strong> Cuarzo (Calibre 980.163)<\/li>\n<li><strong>Material de la caja:<\/strong> Acero inoxidable<\/li>\n<li><strong>Dimensiones de la caja:<\/strong> 18,7 mm x 27 mm<\/li>\n<li><strong>Grosor:<\/strong> 6,9 mm<\/li>\n<li><strong>Esfera:<\/strong> Plateada con n\u00fameros romanos a juego<\/li>\n<li><strong>Cristal:<\/strong> Mineral<\/li>\n<li><strong>Correa:<\/strong> Piel de vaca turquesa<\/li>\n<li><strong>Resistencia al agua:<\/strong> 3 bar (30 m)<\/li>\n<li><strong>Anchura de las asas:<\/strong> 14 mm<\/li>\n<\/ul>\n","protected":false},"excerpt":{"rendered":"<p>El Hamilton Ardmore Quartz es un icono del estilo Art D\u00e9co, donde la elegancia geom\u00e9trica de los a\u00f1os 30 se une a tonalidades contempor\u00e1neas para ofrecer un encanto atemporal.<\/p>\n","protected":false},"featured_media":167873,"template":"","meta":{"_crdt_document":"","advanced_seo_description":"","jetpack_seo_html_title":"","jetpack_seo_noindex":false},"product_brand":[],"product_cat":[1915],"product_tag":[1431],"berocket_brand":[],"woo-feed-brand":[],"class_list":{"0":"post-167879","1":"product","2":"type-product","3":"status-publish","4":"has-post-thumbnail","6":"product_cat-hamilton","7":"product_tag-american-classic","9":"first","10":"instock","11":"sale","12":"taxable","13":"shipping-taxable","14":"purchasable","15":"product-type-simple"},"bundled_by":[],"bundle_stock_status":"instock","bundle_stock_quantity":1,"bundle_virtual":false,"bundle_layout":"","bundle_add_to_cart_form_location":"","bundle_editable_in_cart":false,"bundle_sold_individually_context":"","bundle_item_grouping":"","bundle_min_size":"","bundle_max_size":"","bundle_price":[],"bundled_items":[],"bundle_sell_ids":[],"group_of_quantity":0,"min_quantity":0,"max_quantity":"","exclude_order_quantity_value_rules":"no","exclude_category_quantity_rules":"no","combine_variations":"no","jetpack_sharing_enabled":true,"jetpack_likes_enabled":true,"_links":{"self":[{"href":"https:\/\/watchdeluxe.it\/es\/wp-json\/wp\/v2\/product\/167879","targetHints":{"allow":["GET"]}}],"collection":[{"href":"https:\/\/watchdeluxe.it\/es\/wp-json\/wp\/v2\/product"}],"about":[{"href":"https:\/\/watchdeluxe.it\/es\/wp-json\/wp\/v2\/types\/product"}],"wp:featuredmedia":[{"embeddable":true,"href":"https:\/\/watchdeluxe.it\/es\/wp-json\/wp\/v2\/media\/167873"}],"wp:attachment":[{"href":"https:\/\/watchdeluxe.it\/es\/wp-json\/wp\/v2\/media?parent=167879"}],"wp:term":[{"taxonomy":"product_brand","embeddable":true,"href":"https:\/\/watchdeluxe.it\/es\/wp-json\/wp\/v2\/product_brand?post=167879"},{"taxonomy":"product_cat","embeddable":true,"href":"https:\/\/watchdeluxe.it\/es\/wp-json\/wp\/v2\/product_cat?post=167879"},{"taxonomy":"product_tag","embeddable":true,"href":"https:\/\/watchdeluxe.it\/es\/wp-json\/wp\/v2\/product_tag?post=167879"},{"taxonomy":"berocket_brand","embeddable":true,"href":"https:\/\/watchdeluxe.it\/es\/wp-json\/wp\/v2\/berocket_brand?post=167879"},{"taxonomy":"woo-feed-brand","embeddable":true,"href":"https:\/\/watchdeluxe.it\/es\/wp-json\/wp\/v2\/woo-feed-brand?post=167879"}],"curies":[{"name":"wp","href":"https:\/\/api.w.org\/{rel}","templated":true}]}}