{"id":167562,"date":"2026-04-10T09:40:25","date_gmt":"2026-04-10T07:40:25","guid":{"rendered":"https:\/\/watchdeluxe.it\/prodotto\/mido-multifort-patrimony-power-wind-ref-m0384301105100\/"},"modified":"2026-04-10T09:40:25","modified_gmt":"2026-04-10T07:40:25","slug":"mido-multifort-patrimony-power-wind-ref-m0384301105100","status":"publish","type":"product","link":"https:\/\/watchdeluxe.it\/es\/prodotto\/mido-multifort-patrimony-power-wind-ref-m0384301105100\/","title":{"rendered":"Mido multifort patrimony power wind ref. M0384301105100"},"content":{"rendered":"<\/p>\n<ul>\n<li><strong>Colecci\u00f3n:<\/strong> Multifort M<\/li>\n<li><strong>Movimiento:<\/strong> Autom\u00e1tico Mido Calibre 80 (base ETA C07.621)<\/li>\n<li><strong>Reserva de marcha:<\/strong> Hasta 80 h<\/li>\n<li><strong>Material de la caja:<\/strong> Acero inoxidable<\/li>\n<li><strong>Di\u00e1metro:<\/strong> 42 mm<\/li>\n<li><strong>Cristal:<\/strong> Zafiro con tratamiento antirreflejos en ambas caras<\/li>\n<li><strong>Esfera:<\/strong> Negro degradado con acabado satinado vertical &#8220;C\u00f4tes de Gen\u00e8ve&#8221;<\/li>\n<li><strong>Espiral:<\/strong> Nivachron\u2122 (antimagn\u00e9tica y resistente a los golpes)<\/li>\n<li><strong>Impermeabilidad:<\/strong> 10 bar (100 m) con corona de rosca<\/li>\n<li><strong>Caracter\u00edsticas:<\/strong> D\u00eda-Fecha y sistema de cambio r\u00e1pido de correa sin herramientas<\/li>\n<\/ul>\n","protected":false},"excerpt":{"rendered":"<p>Una combinaci\u00f3n perfecta de robustez suiza y precisi\u00f3n mec\u00e1nica, el MIDO Multifort M destaca por su esfera negra degradada y la innovadora espiral en Nivachron\u2122.<\/p>\n","protected":false},"featured_media":167539,"template":"","meta":{"_crdt_document":"","advanced_seo_description":"","jetpack_seo_html_title":"","jetpack_seo_noindex":false},"product_brand":[],"product_cat":[1922],"product_tag":[3719],"berocket_brand":[],"woo-feed-brand":[],"class_list":{"0":"post-167562","1":"product","2":"type-product","3":"status-publish","4":"has-post-thumbnail","6":"product_cat-mido","7":"product_tag-multifort","9":"first","10":"instock","11":"sale","12":"taxable","13":"shipping-taxable","14":"purchasable","15":"product-type-simple"},"bundled_by":[],"bundle_stock_status":"instock","bundle_stock_quantity":1,"bundle_virtual":false,"bundle_layout":"","bundle_add_to_cart_form_location":"","bundle_editable_in_cart":false,"bundle_sold_individually_context":"","bundle_item_grouping":"","bundle_min_size":"","bundle_max_size":"","bundle_price":[],"bundled_items":[],"bundle_sell_ids":[],"group_of_quantity":0,"min_quantity":0,"max_quantity":"","exclude_order_quantity_value_rules":"no","exclude_category_quantity_rules":"no","combine_variations":"no","jetpack_sharing_enabled":true,"jetpack_likes_enabled":true,"_links":{"self":[{"href":"https:\/\/watchdeluxe.it\/es\/wp-json\/wp\/v2\/product\/167562","targetHints":{"allow":["GET"]}}],"collection":[{"href":"https:\/\/watchdeluxe.it\/es\/wp-json\/wp\/v2\/product"}],"about":[{"href":"https:\/\/watchdeluxe.it\/es\/wp-json\/wp\/v2\/types\/product"}],"wp:featuredmedia":[{"embeddable":true,"href":"https:\/\/watchdeluxe.it\/es\/wp-json\/wp\/v2\/media\/167539"}],"wp:attachment":[{"href":"https:\/\/watchdeluxe.it\/es\/wp-json\/wp\/v2\/media?parent=167562"}],"wp:term":[{"taxonomy":"product_brand","embeddable":true,"href":"https:\/\/watchdeluxe.it\/es\/wp-json\/wp\/v2\/product_brand?post=167562"},{"taxonomy":"product_cat","embeddable":true,"href":"https:\/\/watchdeluxe.it\/es\/wp-json\/wp\/v2\/product_cat?post=167562"},{"taxonomy":"product_tag","embeddable":true,"href":"https:\/\/watchdeluxe.it\/es\/wp-json\/wp\/v2\/product_tag?post=167562"},{"taxonomy":"berocket_brand","embeddable":true,"href":"https:\/\/watchdeluxe.it\/es\/wp-json\/wp\/v2\/berocket_brand?post=167562"},{"taxonomy":"woo-feed-brand","embeddable":true,"href":"https:\/\/watchdeluxe.it\/es\/wp-json\/wp\/v2\/woo-feed-brand?post=167562"}],"curies":[{"name":"wp","href":"https:\/\/api.w.org\/{rel}","templated":true}]}}