{"id":167422,"date":"2026-04-09T19:24:12","date_gmt":"2026-04-09T17:24:12","guid":{"rendered":"https:\/\/watchdeluxe.it\/prodotto\/bell-ross-br05-azul-ref-br05c-blu-st-srb\/"},"modified":"2026-04-09T19:24:12","modified_gmt":"2026-04-09T17:24:12","slug":"bell-ross-br05-azul-ref-br05c-blu-st-srb","status":"publish","type":"product","link":"https:\/\/watchdeluxe.it\/es\/prodotto\/bell-ross-br05-azul-ref-br05c-blu-st-srb\/","title":{"rendered":"Bell &amp; Ross Br05 azul ref. BR05C-BLU-ST\/SRB"},"content":{"rendered":"<p>BELL &amp; ROSS BR05C-BLU-ST\/SRB<\/p>\n<li><strong>Esfera:<\/strong> Azul soleil con n\u00fameros e \u00edndices aplicados en Super-LumiNova<\/li>\n<li><strong>Funciones:<\/strong> Horas, minutos, peque\u00f1os segundos a las 3, fecha y cron\u00f3grafo<\/li>\n<li><strong>Cristal:<\/strong> Zafiro con tratamiento antirreflejos para una legibilidad \u00f3ptima<\/li>\n<li><strong>Impermeabilidad:<\/strong> Hasta 100 metros de profundidad<\/li>\n<li><strong>Correa:<\/strong> Caucho azul con acabado texturizado<\/li>\n<li><strong>Cierre:<\/strong> Hebilla desplegable en acero pulido-satinado<\/li>\n<li><strong>Fondo:<\/strong> Zafiro transparente con masa oscilante de 360 grados<\/li>\n<li><strong>Particularidad:<\/strong> Dise\u00f1o de caja integrada con protecci\u00f3n de la corona<\/li>\n<\/ul>\n","protected":false},"excerpt":{"rendered":"<p>El Bell &amp; Ross BR 05 Chrono Blue Steel representa la s\u00edntesis perfecta entre la est\u00e9tica arquitect\u00f3nica urbana y la precisi\u00f3n t\u00e9cnica de un cron\u00f3grafo de alta gama.<\/p>\n","protected":false},"featured_media":167421,"template":"","meta":{"_crdt_document":"","advanced_seo_description":"","jetpack_seo_html_title":"","jetpack_seo_noindex":false},"product_brand":[],"product_cat":[1913],"product_tag":[1422],"berocket_brand":[],"woo-feed-brand":[],"class_list":{"0":"post-167422","1":"product","2":"type-product","3":"status-publish","4":"has-post-thumbnail","6":"product_cat-bell-ross","7":"product_tag-br05","9":"first","10":"instock","11":"taxable","12":"shipping-taxable","13":"purchasable","14":"product-type-simple"},"bundled_by":[],"bundle_stock_status":"instock","bundle_stock_quantity":1,"bundle_virtual":false,"bundle_layout":"","bundle_add_to_cart_form_location":"","bundle_editable_in_cart":false,"bundle_sold_individually_context":"","bundle_item_grouping":"","bundle_min_size":"","bundle_max_size":"","bundle_price":[],"bundled_items":[],"bundle_sell_ids":[],"group_of_quantity":0,"min_quantity":0,"max_quantity":"","exclude_order_quantity_value_rules":"no","exclude_category_quantity_rules":"no","combine_variations":"no","jetpack_sharing_enabled":true,"jetpack_likes_enabled":true,"_links":{"self":[{"href":"https:\/\/watchdeluxe.it\/es\/wp-json\/wp\/v2\/product\/167422","targetHints":{"allow":["GET"]}}],"collection":[{"href":"https:\/\/watchdeluxe.it\/es\/wp-json\/wp\/v2\/product"}],"about":[{"href":"https:\/\/watchdeluxe.it\/es\/wp-json\/wp\/v2\/types\/product"}],"wp:featuredmedia":[{"embeddable":true,"href":"https:\/\/watchdeluxe.it\/es\/wp-json\/wp\/v2\/media\/167421"}],"wp:attachment":[{"href":"https:\/\/watchdeluxe.it\/es\/wp-json\/wp\/v2\/media?parent=167422"}],"wp:term":[{"taxonomy":"product_brand","embeddable":true,"href":"https:\/\/watchdeluxe.it\/es\/wp-json\/wp\/v2\/product_brand?post=167422"},{"taxonomy":"product_cat","embeddable":true,"href":"https:\/\/watchdeluxe.it\/es\/wp-json\/wp\/v2\/product_cat?post=167422"},{"taxonomy":"product_tag","embeddable":true,"href":"https:\/\/watchdeluxe.it\/es\/wp-json\/wp\/v2\/product_tag?post=167422"},{"taxonomy":"berocket_brand","embeddable":true,"href":"https:\/\/watchdeluxe.it\/es\/wp-json\/wp\/v2\/berocket_brand?post=167422"},{"taxonomy":"woo-feed-brand","embeddable":true,"href":"https:\/\/watchdeluxe.it\/es\/wp-json\/wp\/v2\/woo-feed-brand?post=167422"}],"curies":[{"name":"wp","href":"https:\/\/api.w.org\/{rel}","templated":true}]}}