{"id":162229,"date":"2026-04-08T14:31:57","date_gmt":"2026-04-08T12:31:57","guid":{"rendered":"https:\/\/watchdeluxe.it\/prodotto\/zenith-pilot-big-date-flyback-160th-anniversary-edition-ref-49-4002-3652-51-i009\/"},"modified":"2026-04-09T09:46:24","modified_gmt":"2026-04-09T07:46:24","slug":"zenith-pilot-big-date-flyback-160th-anniversary-edition-ref-49-4002-3652-51-i009","status":"publish","type":"product","link":"https:\/\/watchdeluxe.it\/es\/prodotto\/zenith-pilot-big-date-flyback-160th-anniversary-edition-ref-49-4002-3652-51-i009\/","title":{"rendered":"Zenith Pilot Big Date Flyback 160th Anniversary Edition ref. 49.4002.3652\/51.I009"},"content":{"rendered":"<p>G\u00e9nero: Reloj de caballero\/unisex<br \/>\nForma: Redonda<br \/>\nCuerda: Autom\u00e1tica<br \/>\nCalibre: El Primero 3600<br \/>\nReserva de marcha: 60 h<br \/>\nColor de la esfera: Azul<br \/>\nMaterial de la caja: Cer\u00e1mica<br \/>\nDi\u00e1metro de la caja: 42 mm<br \/>\nCristal: Cristal de zafiro<br \/>\nMaterial del bisel: Cer\u00e1mica<br \/>\nHermeticidad: 100 m\/10 ATM<br \/>\nMaterial de la correa: Caucho<br \/>\nColor de la correa: Azul<br \/>\nCierre: Desplegable<br \/>\nMaterial del cierre: Acero<\/p>\n","protected":false},"excerpt":{"rendered":"<p>G\u00e9nero: Reloj de caballero\/unisex Forma: Redonda Cuerda: Autom\u00e1tica Calibre: El Primero 3600 Reserva de marcha: 60 h Color de la esfera: Azul Material de la caja: Cer\u00e1mica Di\u00e1metro de la caja: 42 mm Cristal: Cristal de zafiro Material del bisel: Cer\u00e1mica Hermeticidad: 100 m\/10 ATM Material de la correa: Caucho Color de la correa: Azul [&hellip;]<\/p>\n","protected":false},"featured_media":162065,"template":"","meta":{"_crdt_document":"","advanced_seo_description":"","jetpack_seo_html_title":"","jetpack_seo_noindex":false},"product_brand":[],"product_cat":[1924],"product_tag":[3715],"berocket_brand":[],"woo-feed-brand":[],"class_list":{"0":"post-162229","1":"product","2":"type-product","3":"status-publish","4":"has-post-thumbnail","6":"product_cat-zenith","7":"product_tag-pilot-2","9":"first","10":"instock","11":"sale","12":"taxable","13":"shipping-taxable","14":"purchasable","15":"product-type-simple"},"bundled_by":[],"bundle_stock_status":"instock","bundle_stock_quantity":1,"bundle_virtual":false,"bundle_layout":"","bundle_add_to_cart_form_location":"","bundle_editable_in_cart":false,"bundle_sold_individually_context":"","bundle_item_grouping":"","bundle_min_size":"","bundle_max_size":"","bundle_price":[],"bundled_items":[],"bundle_sell_ids":[],"group_of_quantity":0,"min_quantity":0,"max_quantity":"","exclude_order_quantity_value_rules":"no","exclude_category_quantity_rules":"no","combine_variations":"no","jetpack_sharing_enabled":true,"jetpack_likes_enabled":true,"_links":{"self":[{"href":"https:\/\/watchdeluxe.it\/es\/wp-json\/wp\/v2\/product\/162229","targetHints":{"allow":["GET"]}}],"collection":[{"href":"https:\/\/watchdeluxe.it\/es\/wp-json\/wp\/v2\/product"}],"about":[{"href":"https:\/\/watchdeluxe.it\/es\/wp-json\/wp\/v2\/types\/product"}],"wp:featuredmedia":[{"embeddable":true,"href":"https:\/\/watchdeluxe.it\/es\/wp-json\/wp\/v2\/media\/162065"}],"wp:attachment":[{"href":"https:\/\/watchdeluxe.it\/es\/wp-json\/wp\/v2\/media?parent=162229"}],"wp:term":[{"taxonomy":"product_brand","embeddable":true,"href":"https:\/\/watchdeluxe.it\/es\/wp-json\/wp\/v2\/product_brand?post=162229"},{"taxonomy":"product_cat","embeddable":true,"href":"https:\/\/watchdeluxe.it\/es\/wp-json\/wp\/v2\/product_cat?post=162229"},{"taxonomy":"product_tag","embeddable":true,"href":"https:\/\/watchdeluxe.it\/es\/wp-json\/wp\/v2\/product_tag?post=162229"},{"taxonomy":"berocket_brand","embeddable":true,"href":"https:\/\/watchdeluxe.it\/es\/wp-json\/wp\/v2\/berocket_brand?post=162229"},{"taxonomy":"woo-feed-brand","embeddable":true,"href":"https:\/\/watchdeluxe.it\/es\/wp-json\/wp\/v2\/woo-feed-brand?post=162229"}],"curies":[{"name":"wp","href":"https:\/\/api.w.org\/{rel}","templated":true}]}}