{"id":161874,"date":"2025-04-30T14:09:28","date_gmt":"2025-04-30T12:09:28","guid":{"rendered":"https:\/\/watchdeluxe.it\/prodotto\/cronografo-de-piloto-iwc-41-apxgp-ref-iw388116\/"},"modified":"2026-04-11T11:54:57","modified_gmt":"2026-04-11T09:54:57","slug":"cronografo-de-piloto-iwc-41-apxgp-ref-iw388116","status":"publish","type":"product","link":"https:\/\/watchdeluxe.it\/es\/prodotto\/cronografo-de-piloto-iwc-41-apxgp-ref-iw388116\/","title":{"rendered":"Cron\u00f3grafo de piloto IWC 41 APXGP ref. IW388116"},"content":{"rendered":"<p>IWC Pilot&#8217;s cron\u00f3grafo 41 APXGP ref. IW388116<\/p>\n<p>FormaRedonda<br \/>\nDimensi\u00f3n41 MM<br \/>\nMaterial CajaAcero<br \/>\nTipo de cristalZafiro<br \/>\nImpermeabilidad100 M<\/p>\n<p>Movimiento<\/p>\n<p>Movimiento autom\u00e1tico<br \/>\nCalibre 69385<\/p>\n<p>Funciones<\/p>\n<p>Complicaci\u00f3nCron\u00f3grafo<br \/>\nCalendarioD\u00eda y fecha<\/p>\n<p>Marque<\/p>\n<p>EsferaNegra<\/p>\n<p>Pulsera<\/p>\n<p>CorreaCaucho<\/p>\n","protected":false},"excerpt":{"rendered":"<p>IWC Pilot&#8217;s cron\u00f3grafo 41 APXGP ref. IW388116 FormaRedonda Dimensi\u00f3n41 MM Material CajaAcero Tipo de cristalZafiro Impermeabilidad100 M Movimiento Movimiento autom\u00e1tico Calibre 69385 Funciones Complicaci\u00f3nCron\u00f3grafo CalendarioD\u00eda y fecha Marque EsferaNegra Pulsera CorreaCaucho<\/p>\n","protected":false},"featured_media":161450,"template":"","meta":{"_crdt_document":"","advanced_seo_description":"","jetpack_seo_html_title":"","jetpack_seo_noindex":false},"product_brand":[],"product_cat":[2237],"product_tag":[3959],"berocket_brand":[],"woo-feed-brand":[],"class_list":{"0":"post-161874","1":"product","2":"type-product","3":"status-publish","4":"has-post-thumbnail","6":"product_cat-cbi","7":"product_tag-piloto","9":"first","10":"instock","11":"sale","12":"taxable","13":"shipping-taxable","14":"purchasable","15":"product-type-simple"},"bundled_by":[],"bundle_stock_status":"instock","bundle_stock_quantity":1,"bundle_virtual":false,"bundle_layout":"","bundle_add_to_cart_form_location":"","bundle_editable_in_cart":false,"bundle_sold_individually_context":"","bundle_item_grouping":"","bundle_min_size":"","bundle_max_size":"","bundle_price":[],"bundled_items":[],"bundle_sell_ids":[],"group_of_quantity":0,"min_quantity":0,"max_quantity":"","exclude_order_quantity_value_rules":"no","exclude_category_quantity_rules":"no","combine_variations":"no","jetpack_sharing_enabled":true,"jetpack_likes_enabled":true,"_links":{"self":[{"href":"https:\/\/watchdeluxe.it\/es\/wp-json\/wp\/v2\/product\/161874","targetHints":{"allow":["GET"]}}],"collection":[{"href":"https:\/\/watchdeluxe.it\/es\/wp-json\/wp\/v2\/product"}],"about":[{"href":"https:\/\/watchdeluxe.it\/es\/wp-json\/wp\/v2\/types\/product"}],"wp:featuredmedia":[{"embeddable":true,"href":"https:\/\/watchdeluxe.it\/es\/wp-json\/wp\/v2\/media\/161450"}],"wp:attachment":[{"href":"https:\/\/watchdeluxe.it\/es\/wp-json\/wp\/v2\/media?parent=161874"}],"wp:term":[{"taxonomy":"product_brand","embeddable":true,"href":"https:\/\/watchdeluxe.it\/es\/wp-json\/wp\/v2\/product_brand?post=161874"},{"taxonomy":"product_cat","embeddable":true,"href":"https:\/\/watchdeluxe.it\/es\/wp-json\/wp\/v2\/product_cat?post=161874"},{"taxonomy":"product_tag","embeddable":true,"href":"https:\/\/watchdeluxe.it\/es\/wp-json\/wp\/v2\/product_tag?post=161874"},{"taxonomy":"berocket_brand","embeddable":true,"href":"https:\/\/watchdeluxe.it\/es\/wp-json\/wp\/v2\/berocket_brand?post=161874"},{"taxonomy":"woo-feed-brand","embeddable":true,"href":"https:\/\/watchdeluxe.it\/es\/wp-json\/wp\/v2\/woo-feed-brand?post=161874"}],"curies":[{"name":"wp","href":"https:\/\/api.w.org\/{rel}","templated":true}]}}