{"id":161872,"date":"2025-04-30T15:16:13","date_gmt":"2025-04-30T13:16:13","guid":{"rendered":"https:\/\/watchdeluxe.it\/prodotto\/longines-conquest-azul-ref-l37204929\/"},"modified":"2026-04-09T16:30:18","modified_gmt":"2026-04-09T14:30:18","slug":"longines-conquest-azul-ref-l37204929","status":"publish","type":"product","link":"https:\/\/watchdeluxe.it\/es\/prodotto\/longines-conquest-azul-ref-l37204929\/","title":{"rendered":"Longines Conquest azul ref. L37204929"},"content":{"rendered":"<p>Longines Conquest azul ref. L37204929<\/p>\n<p>Forma Redonda<br \/>\nTama\u00f1o 38 mm<br \/>\nMaterial de la caja Acero<br \/>\nHermeticidad 100 m<\/p>\n<p>Movimiento<\/p>\n<p>Movimiento Autom\u00e1tico<\/p>\n<p>Funciones<\/p>\n<p>Complicaci\u00f3n Solo Hora<br \/>\nCalendario Fecha<\/p>\n<p>Marque<\/p>\n<p>Esfera Azul con acabado rayos de sol<\/p>\n<p>Pulsera<\/p>\n<p>Correa de caucho<\/p>\n","protected":false},"excerpt":{"rendered":"<p>Longines Conquest azul ref. L37204929 Forma Redonda Tama\u00f1o 38 mm Material de la caja Acero Hermeticidad 100 m Movimiento Movimiento Autom\u00e1tico Funciones Complicaci\u00f3n Solo Hora Calendario Fecha Marque Esfera Azul con acabado rayos de sol Pulsera Correa de caucho<\/p>\n","protected":false},"featured_media":166711,"template":"","meta":{"_crdt_document":"","advanced_seo_description":"","jetpack_seo_html_title":"","jetpack_seo_noindex":false},"product_brand":[],"product_cat":[2187],"product_tag":[2416],"berocket_brand":[],"woo-feed-brand":[],"class_list":{"0":"post-161872","1":"product","2":"type-product","3":"status-publish","4":"has-post-thumbnail","6":"product_cat-longines-es","7":"product_tag-conquista","9":"first","10":"instock","11":"sale","12":"taxable","13":"shipping-taxable","14":"purchasable","15":"product-type-simple"},"bundled_by":[],"bundle_stock_status":"instock","bundle_stock_quantity":1,"bundle_virtual":false,"bundle_layout":"","bundle_add_to_cart_form_location":"","bundle_editable_in_cart":false,"bundle_sold_individually_context":"","bundle_item_grouping":"","bundle_min_size":"","bundle_max_size":"","bundle_price":[],"bundled_items":[],"bundle_sell_ids":[],"group_of_quantity":0,"min_quantity":0,"max_quantity":"","exclude_order_quantity_value_rules":"no","exclude_category_quantity_rules":"no","combine_variations":"no","jetpack_sharing_enabled":true,"jetpack_likes_enabled":true,"_links":{"self":[{"href":"https:\/\/watchdeluxe.it\/es\/wp-json\/wp\/v2\/product\/161872","targetHints":{"allow":["GET"]}}],"collection":[{"href":"https:\/\/watchdeluxe.it\/es\/wp-json\/wp\/v2\/product"}],"about":[{"href":"https:\/\/watchdeluxe.it\/es\/wp-json\/wp\/v2\/types\/product"}],"wp:featuredmedia":[{"embeddable":true,"href":"https:\/\/watchdeluxe.it\/es\/wp-json\/wp\/v2\/media\/166711"}],"wp:attachment":[{"href":"https:\/\/watchdeluxe.it\/es\/wp-json\/wp\/v2\/media?parent=161872"}],"wp:term":[{"taxonomy":"product_brand","embeddable":true,"href":"https:\/\/watchdeluxe.it\/es\/wp-json\/wp\/v2\/product_brand?post=161872"},{"taxonomy":"product_cat","embeddable":true,"href":"https:\/\/watchdeluxe.it\/es\/wp-json\/wp\/v2\/product_cat?post=161872"},{"taxonomy":"product_tag","embeddable":true,"href":"https:\/\/watchdeluxe.it\/es\/wp-json\/wp\/v2\/product_tag?post=161872"},{"taxonomy":"berocket_brand","embeddable":true,"href":"https:\/\/watchdeluxe.it\/es\/wp-json\/wp\/v2\/berocket_brand?post=161872"},{"taxonomy":"woo-feed-brand","embeddable":true,"href":"https:\/\/watchdeluxe.it\/es\/wp-json\/wp\/v2\/woo-feed-brand?post=161872"}],"curies":[{"name":"wp","href":"https:\/\/api.w.org\/{rel}","templated":true}]}}