{"id":161504,"date":"2025-04-30T11:23:50","date_gmt":"2025-04-30T09:23:50","guid":{"rendered":"https:\/\/watchdeluxe.it\/prodotto\/reloj-de-aviador-iwc-mark-xx-mercedes-amg-petronas-formula-one-team-ref-iw328210\/"},"modified":"2026-04-11T11:54:58","modified_gmt":"2026-04-11T09:54:58","slug":"reloj-de-aviador-iwc-mark-xx-mercedes-amg-petronas-formula-one-team-ref-iw328210","status":"publish","type":"product","link":"https:\/\/watchdeluxe.it\/es\/prodotto\/reloj-de-aviador-iwc-mark-xx-mercedes-amg-petronas-formula-one-team-ref-iw328210\/","title":{"rendered":"Reloj de Aviador Iwc Mark XX Mercedes-AMG PETRONAS Formula One Team ref. IW328210"},"content":{"rendered":"<p>Reloj de Aviador Iwc Mark XX Mercedes-AMG PETRONAS Formula One Team ref. IW328210<\/p>\n<p>FormaRedondo<br \/>\nDimensi\u00f3n40 mm<br \/>\nMaterial de la CajaTitanio<br \/>\nTipo de CristalZafiro<br \/>\nImpermeabilidad100 m<\/p>\n<p>Movimiento<\/p>\n<p>MovimientoAutom\u00e1tico<br \/>\nCalibre32111<\/p>\n<p>Funciones<\/p>\n<p>Complicaci\u00f3nSolo hora<br \/>\nCalendarioFecha<\/p>\n<p>Marque<\/p>\n<p>EsferaNegra<\/p>\n<p>Pulsera<\/p>\n<p>CorreaCaucho<\/p>\n","protected":false},"excerpt":{"rendered":"<p>Reloj de Aviador Iwc Mark XX Mercedes-AMG PETRONAS Formula One Team ref. IW328210 FormaRedondo Dimensi\u00f3n40 mm Material de la CajaTitanio Tipo de CristalZafiro Impermeabilidad100 m Movimiento MovimientoAutom\u00e1tico Calibre32111 Funciones Complicaci\u00f3nSolo hora CalendarioFecha Marque EsferaNegra Pulsera CorreaCaucho<\/p>\n","protected":false},"featured_media":161451,"template":"","meta":{"_crdt_document":"","advanced_seo_description":"","jetpack_seo_html_title":"","jetpack_seo_noindex":false},"product_brand":[],"product_cat":[2237],"product_tag":[3959],"berocket_brand":[],"woo-feed-brand":[],"class_list":{"0":"post-161504","1":"product","2":"type-product","3":"status-publish","4":"has-post-thumbnail","6":"product_cat-cbi","7":"product_tag-piloto","9":"first","10":"instock","11":"sale","12":"taxable","13":"shipping-taxable","14":"purchasable","15":"product-type-simple"},"bundled_by":[],"bundle_stock_status":"instock","bundle_stock_quantity":1,"bundle_virtual":false,"bundle_layout":"","bundle_add_to_cart_form_location":"","bundle_editable_in_cart":false,"bundle_sold_individually_context":"","bundle_item_grouping":"","bundle_min_size":"","bundle_max_size":"","bundle_price":[],"bundled_items":[],"bundle_sell_ids":[],"group_of_quantity":0,"min_quantity":0,"max_quantity":"","exclude_order_quantity_value_rules":"no","exclude_category_quantity_rules":"no","combine_variations":"no","jetpack_sharing_enabled":true,"jetpack_likes_enabled":true,"_links":{"self":[{"href":"https:\/\/watchdeluxe.it\/es\/wp-json\/wp\/v2\/product\/161504","targetHints":{"allow":["GET"]}}],"collection":[{"href":"https:\/\/watchdeluxe.it\/es\/wp-json\/wp\/v2\/product"}],"about":[{"href":"https:\/\/watchdeluxe.it\/es\/wp-json\/wp\/v2\/types\/product"}],"wp:featuredmedia":[{"embeddable":true,"href":"https:\/\/watchdeluxe.it\/es\/wp-json\/wp\/v2\/media\/161451"}],"wp:attachment":[{"href":"https:\/\/watchdeluxe.it\/es\/wp-json\/wp\/v2\/media?parent=161504"}],"wp:term":[{"taxonomy":"product_brand","embeddable":true,"href":"https:\/\/watchdeluxe.it\/es\/wp-json\/wp\/v2\/product_brand?post=161504"},{"taxonomy":"product_cat","embeddable":true,"href":"https:\/\/watchdeluxe.it\/es\/wp-json\/wp\/v2\/product_cat?post=161504"},{"taxonomy":"product_tag","embeddable":true,"href":"https:\/\/watchdeluxe.it\/es\/wp-json\/wp\/v2\/product_tag?post=161504"},{"taxonomy":"berocket_brand","embeddable":true,"href":"https:\/\/watchdeluxe.it\/es\/wp-json\/wp\/v2\/berocket_brand?post=161504"},{"taxonomy":"woo-feed-brand","embeddable":true,"href":"https:\/\/watchdeluxe.it\/es\/wp-json\/wp\/v2\/woo-feed-brand?post=161504"}],"curies":[{"name":"wp","href":"https:\/\/api.w.org\/{rel}","templated":true}]}}