{"id":160825,"date":"2026-04-07T16:51:10","date_gmt":"2026-04-07T14:51:10","guid":{"rendered":"https:\/\/watchdeluxe.it\/prodotto\/hublot-classic-fusion-aerofusion-black-magic-ref-525-cm0170-rx\/"},"modified":"2026-04-10T16:22:58","modified_gmt":"2026-04-10T14:22:58","slug":"hublot-classic-fusion-aerofusion-black-magic-ref-525-cm0170-rx","status":"publish","type":"product","link":"https:\/\/watchdeluxe.it\/es\/prodotto\/hublot-classic-fusion-aerofusion-black-magic-ref-525-cm0170-rx\/","title":{"rendered":"Hublot Classic Fusion Aerofusion Black Magic ref. 525.CM0170.RX"},"content":{"rendered":"<p>Forma Redonda<br \/>\nTama\u00f1o 45 MM<br \/>\nMaterial Caja Cer\u00e1mica Negra<br \/>\nImpermeabilidad 50 M<\/p>\n<p>Movimiento<\/p>\n<p>Movimiento autom\u00e1tico<\/p>\n<p>Funciones<\/p>\n<p>Complicaci\u00f3n Cron\u00f3grafo<br \/>\nDatario Fecha<\/p>\n<p>Marque<\/p>\n<p>Esfera Esqueleto<\/p>\n<p>Pulsera<\/p>\n<p>Correa de caucho<\/p>\n<p>M\u00e1s detalles<\/p>\n<p>L\u00ednea Classic Fusion<br \/>\nModelo Chronograph<br \/>\nCer\u00e1mica<br \/>\nDi\u00e1metro caja<br \/>\n45,00 mm<\/p>\n","protected":false},"excerpt":{"rendered":"<p>Forma Redonda Tama\u00f1o 45 MM Material Caja Cer\u00e1mica Negra Impermeabilidad 50 M Movimiento Movimiento autom\u00e1tico Funciones Complicaci\u00f3n Cron\u00f3grafo Datario Fecha Marque Esfera Esqueleto Pulsera Correa de caucho M\u00e1s detalles L\u00ednea Classic Fusion Modelo Chronograph Cer\u00e1mica Di\u00e1metro caja 45,00 mm<\/p>\n","protected":false},"featured_media":160809,"template":"","meta":{"_crdt_document":"","advanced_seo_description":"","jetpack_seo_html_title":"","jetpack_seo_noindex":false},"product_brand":[],"product_cat":[1917],"product_tag":[3889],"berocket_brand":[],"woo-feed-brand":[],"class_list":{"0":"post-160825","1":"product","2":"type-product","3":"status-publish","4":"has-post-thumbnail","6":"product_cat-hublot","7":"product_tag-classic-fusion-2","9":"first","10":"instock","11":"taxable","12":"shipping-taxable","13":"product-type-simple"},"bundled_by":[],"bundle_stock_status":"instock","bundle_stock_quantity":1,"bundle_virtual":false,"bundle_layout":"","bundle_add_to_cart_form_location":"","bundle_editable_in_cart":false,"bundle_sold_individually_context":"","bundle_item_grouping":"","bundle_min_size":"","bundle_max_size":"","bundle_price":[],"bundled_items":[],"bundle_sell_ids":[],"group_of_quantity":0,"min_quantity":0,"max_quantity":"","exclude_order_quantity_value_rules":"no","exclude_category_quantity_rules":"no","combine_variations":"no","exclude_global_add_ons":[],"addons":[],"jetpack_sharing_enabled":true,"jetpack_likes_enabled":true,"_links":{"self":[{"href":"https:\/\/watchdeluxe.it\/es\/wp-json\/wp\/v2\/product\/160825","targetHints":{"allow":["GET"]}}],"collection":[{"href":"https:\/\/watchdeluxe.it\/es\/wp-json\/wp\/v2\/product"}],"about":[{"href":"https:\/\/watchdeluxe.it\/es\/wp-json\/wp\/v2\/types\/product"}],"wp:featuredmedia":[{"embeddable":true,"href":"https:\/\/watchdeluxe.it\/es\/wp-json\/wp\/v2\/media\/160809"}],"wp:attachment":[{"href":"https:\/\/watchdeluxe.it\/es\/wp-json\/wp\/v2\/media?parent=160825"}],"wp:term":[{"taxonomy":"product_brand","embeddable":true,"href":"https:\/\/watchdeluxe.it\/es\/wp-json\/wp\/v2\/product_brand?post=160825"},{"taxonomy":"product_cat","embeddable":true,"href":"https:\/\/watchdeluxe.it\/es\/wp-json\/wp\/v2\/product_cat?post=160825"},{"taxonomy":"product_tag","embeddable":true,"href":"https:\/\/watchdeluxe.it\/es\/wp-json\/wp\/v2\/product_tag?post=160825"},{"taxonomy":"berocket_brand","embeddable":true,"href":"https:\/\/watchdeluxe.it\/es\/wp-json\/wp\/v2\/berocket_brand?post=160825"},{"taxonomy":"woo-feed-brand","embeddable":true,"href":"https:\/\/watchdeluxe.it\/es\/wp-json\/wp\/v2\/woo-feed-brand?post=160825"}],"curies":[{"name":"wp","href":"https:\/\/api.w.org\/{rel}","templated":true}]}}