{"id":160634,"date":"2026-04-07T15:47:32","date_gmt":"2026-04-07T13:47:32","guid":{"rendered":"https:\/\/watchdeluxe.it\/prodotto\/hamilton-american-classic-intra-matic-chronograph-h-ref-h38429861\/"},"modified":"2026-04-07T15:47:32","modified_gmt":"2026-04-07T13:47:32","slug":"hamilton-american-classic-intra-matic-chronograph-h-ref-h38429861","status":"publish","type":"product","link":"https:\/\/watchdeluxe.it\/es\/prodotto\/hamilton-american-classic-intra-matic-chronograph-h-ref-h38429861\/","title":{"rendered":"Hamilton American Classic Intra-Matic Chronograph H ref. H38429861"},"content":{"rendered":"<p>Hamilton American Classic Intra-Matic Chronograph H ref. H38429861<br \/>\nCalibre: H-51<br \/>\nColecci\u00f3n: American Classic<br \/>\nMovimiento: mec\u00e1nico<br \/>\nFunciones: cron\u00f3grafo y taqu\u00edmetro<\/p>\n<p>Dimensiones caja: 40 mm<br \/>\nGrosor: 14,35 mm<br \/>\nMaterial caja: acero<br \/>\nColor esfera: verde<br \/>\nCristal: zafiro<br \/>\nImpermeabilidad: 10 bar (100 m)<br \/>\nReserva de marcha: 60 horas<br \/>\nAnti Reflection: s\u00ed<br \/>\nNivachron: s\u00ed<br \/>\nSuper-LumiNova: s\u00ed<br \/>\nEstado: colecci\u00f3n actual<\/p>\n<p>Ancho entre asas: 20 mm<br \/>\nCorrea \u2013 Referencia accesorio: H6000002171<br \/>\nTipo de correa: piel de becerro<br \/>\nTipo de hebilla: de ardill\u00f3n<br \/>\nAncho hebilla: 18 mm<\/p>\n<p>Brazalete de acero adicional<br \/>\nCaja Especial<\/p>\n","protected":false},"excerpt":{"rendered":"<p>Hamilton American Classic Intra-Matic Chronograph H ref. H38429861 Calibre: H-51 Colecci\u00f3n: American Classic Movimiento: mec\u00e1nico Funciones: cron\u00f3grafo y taqu\u00edmetro Dimensiones caja: 40 mm Grosor: 14,35 mm Material caja: acero Color esfera: verde Cristal: zafiro Impermeabilidad: 10 bar (100 m) Reserva de marcha: 60 horas Anti Reflection: s\u00ed Nivachron: s\u00ed Super-LumiNova: s\u00ed Estado: colecci\u00f3n actual Ancho [&hellip;]<\/p>\n","protected":false},"featured_media":159785,"template":"","meta":{"_crdt_document":"","advanced_seo_description":"","jetpack_seo_html_title":"","jetpack_seo_noindex":false},"product_brand":[],"product_cat":[1915],"product_tag":[1431],"berocket_brand":[],"woo-feed-brand":[],"class_list":{"0":"post-160634","1":"product","2":"type-product","3":"status-publish","4":"has-post-thumbnail","6":"product_cat-hamilton","7":"product_tag-american-classic","9":"first","10":"instock","11":"sale","12":"taxable","13":"shipping-taxable","14":"purchasable","15":"product-type-simple"},"bundled_by":[],"bundle_stock_status":"instock","bundle_stock_quantity":1,"bundle_virtual":false,"bundle_layout":"","bundle_add_to_cart_form_location":"","bundle_editable_in_cart":false,"bundle_sold_individually_context":"","bundle_item_grouping":"","bundle_min_size":"","bundle_max_size":"","bundle_price":[],"bundled_items":[],"bundle_sell_ids":[],"group_of_quantity":0,"min_quantity":0,"max_quantity":"","exclude_order_quantity_value_rules":"no","exclude_category_quantity_rules":"no","combine_variations":"no","jetpack_sharing_enabled":true,"jetpack_likes_enabled":true,"_links":{"self":[{"href":"https:\/\/watchdeluxe.it\/es\/wp-json\/wp\/v2\/product\/160634","targetHints":{"allow":["GET"]}}],"collection":[{"href":"https:\/\/watchdeluxe.it\/es\/wp-json\/wp\/v2\/product"}],"about":[{"href":"https:\/\/watchdeluxe.it\/es\/wp-json\/wp\/v2\/types\/product"}],"wp:featuredmedia":[{"embeddable":true,"href":"https:\/\/watchdeluxe.it\/es\/wp-json\/wp\/v2\/media\/159785"}],"wp:attachment":[{"href":"https:\/\/watchdeluxe.it\/es\/wp-json\/wp\/v2\/media?parent=160634"}],"wp:term":[{"taxonomy":"product_brand","embeddable":true,"href":"https:\/\/watchdeluxe.it\/es\/wp-json\/wp\/v2\/product_brand?post=160634"},{"taxonomy":"product_cat","embeddable":true,"href":"https:\/\/watchdeluxe.it\/es\/wp-json\/wp\/v2\/product_cat?post=160634"},{"taxonomy":"product_tag","embeddable":true,"href":"https:\/\/watchdeluxe.it\/es\/wp-json\/wp\/v2\/product_tag?post=160634"},{"taxonomy":"berocket_brand","embeddable":true,"href":"https:\/\/watchdeluxe.it\/es\/wp-json\/wp\/v2\/berocket_brand?post=160634"},{"taxonomy":"woo-feed-brand","embeddable":true,"href":"https:\/\/watchdeluxe.it\/es\/wp-json\/wp\/v2\/woo-feed-brand?post=160634"}],"curies":[{"name":"wp","href":"https:\/\/api.w.org\/{rel}","templated":true}]}}