{"id":145704,"date":"2026-04-04T09:54:18","date_gmt":"2026-04-04T07:54:18","guid":{"rendered":"https:\/\/watchdeluxe.it\/prodotto\/longines-spirit-zulu-ref-l38024632\/"},"modified":"2026-04-07T11:07:22","modified_gmt":"2026-04-07T09:07:22","slug":"longines-spirit-zulu-ref-l38024632","status":"publish","type":"product","link":"https:\/\/watchdeluxe.it\/es\/prodotto\/longines-spirit-zulu-ref-l38024632\/","title":{"rendered":"LONGINES Spirit Zulu ref. L38024632"},"content":{"rendered":"<p>Longines Spirit Zulu Time con caja de acero de 39 mm, esfera antracita con detalles dorados, bisel con inserto de cer\u00e1mica verde, correa de piel marr\u00f3n con cierre desplegable, corona a rosca que garantiza una estanqueidad de 100 metros y movimiento autom\u00e1tico con certificado COSC con 72 horas de reserva de marcha<\/p>\n","protected":false},"excerpt":{"rendered":"<p>Explore la elegancia atemporal del Longines L38024632, un reloj que combina estilo y precisi\u00f3n.<\/p>\n","protected":false},"featured_media":145714,"template":"","meta":{"_crdt_document":"","advanced_seo_description":"","jetpack_seo_html_title":"","jetpack_seo_noindex":false},"product_brand":[],"product_cat":[1923],"product_tag":[5499],"berocket_brand":[],"woo-feed-brand":[],"class_list":{"0":"post-145704","1":"product","2":"type-product","3":"status-publish","4":"has-post-thumbnail","6":"product_cat-longines","7":"product_tag-spirit-zulu","9":"first","10":"instock","11":"sale","12":"taxable","13":"shipping-taxable","14":"purchasable","15":"product-type-simple"},"bundled_by":[],"bundle_stock_status":"instock","bundle_stock_quantity":1,"bundle_virtual":false,"bundle_layout":"","bundle_add_to_cart_form_location":"","bundle_editable_in_cart":false,"bundle_sold_individually_context":"","bundle_item_grouping":"","bundle_min_size":"","bundle_max_size":"","bundle_price":[],"bundled_items":[],"bundle_sell_ids":[],"group_of_quantity":0,"min_quantity":0,"max_quantity":"","exclude_order_quantity_value_rules":"no","exclude_category_quantity_rules":"no","combine_variations":"no","jetpack_sharing_enabled":true,"jetpack_likes_enabled":true,"_links":{"self":[{"href":"https:\/\/watchdeluxe.it\/es\/wp-json\/wp\/v2\/product\/145704","targetHints":{"allow":["GET"]}}],"collection":[{"href":"https:\/\/watchdeluxe.it\/es\/wp-json\/wp\/v2\/product"}],"about":[{"href":"https:\/\/watchdeluxe.it\/es\/wp-json\/wp\/v2\/types\/product"}],"wp:featuredmedia":[{"embeddable":true,"href":"https:\/\/watchdeluxe.it\/es\/wp-json\/wp\/v2\/media\/145714"}],"wp:attachment":[{"href":"https:\/\/watchdeluxe.it\/es\/wp-json\/wp\/v2\/media?parent=145704"}],"wp:term":[{"taxonomy":"product_brand","embeddable":true,"href":"https:\/\/watchdeluxe.it\/es\/wp-json\/wp\/v2\/product_brand?post=145704"},{"taxonomy":"product_cat","embeddable":true,"href":"https:\/\/watchdeluxe.it\/es\/wp-json\/wp\/v2\/product_cat?post=145704"},{"taxonomy":"product_tag","embeddable":true,"href":"https:\/\/watchdeluxe.it\/es\/wp-json\/wp\/v2\/product_tag?post=145704"},{"taxonomy":"berocket_brand","embeddable":true,"href":"https:\/\/watchdeluxe.it\/es\/wp-json\/wp\/v2\/berocket_brand?post=145704"},{"taxonomy":"woo-feed-brand","embeddable":true,"href":"https:\/\/watchdeluxe.it\/es\/wp-json\/wp\/v2\/woo-feed-brand?post=145704"}],"curies":[{"name":"wp","href":"https:\/\/api.w.org\/{rel}","templated":true}]}}