{"id":135041,"date":"2026-03-24T17:23:06","date_gmt":"2026-03-24T16:23:06","guid":{"rendered":"https:\/\/watchdeluxe.it\/prodotto\/baume-mercier-riviera-42-mm-ref-m0a10717-2\/"},"modified":"2026-04-11T11:52:48","modified_gmt":"2026-04-11T09:52:48","slug":"baume-mercier-riviera-42-mm-ref-m0a10717-2","status":"publish","type":"product","link":"https:\/\/watchdeluxe.it\/es\/prodotto\/baume-mercier-riviera-42-mm-ref-m0a10717-2\/","title":{"rendered":"Baume &amp; Mercier Riviera 42 Mm Ref. M0A10717"},"content":{"rendered":"<p>Baume &amp; Mercier Riviera 42 Mm Ref. M0A10717nn<\/p>\n<table class=\"data-table\">n<\/p>\n<tbody>n<\/p>\n<tr class=\"odd\">n<\/p>\n<td class=\"spec-name\">Colecci\u00f3n<\/td>\n<p>n<\/p>\n<td class=\"spec-value\">RIVIERA<\/td>\n<p>n<\/tr>\n<p>n<\/p>\n<tr class=\"even\">n<\/p>\n<td class=\"spec-name\">Complicaci\u00f3n<\/td>\n<p>n<\/p>\n<td class=\"spec-value\">SOLO HORA<\/td>\n<p>n<\/tr>\n<p>n<\/p>\n<tr class=\"odd\">n<\/p>\n<td class=\"spec-name\">Movimiento<\/td>\n<p>n<\/p>\n<td class=\"spec-value\">AUTOM\u00c1TICO<\/td>\n<p>n<\/tr>\n<p>n<\/p>\n<tr class=\"even\">n<\/p>\n<td class=\"spec-name\">Calendario<\/td>\n<p>n<\/p>\n<td class=\"spec-value\">FECHA<\/td>\n<p>n<\/tr>\n<p>n<\/p>\n<tr class=\"odd\">n<\/p>\n<td class=\"spec-name\">Forma<\/td>\n<p>n<\/p>\n<td class=\"spec-value\">DE FORMA<\/td>\n<p>n<\/tr>\n<p>n<\/p>\n<tr class=\"even\">n<\/p>\n<td class=\"spec-name\">Tama\u00f1o<\/td>\n<p>n<\/p>\n<td class=\"spec-value\">42 MM<\/td>\n<p>n<\/tr>\n<p>n<\/p>\n<tr class=\"odd\">n<\/p>\n<td class=\"spec-name\">Material de la caja<\/td>\n<p>n<\/p>\n<td class=\"spec-value\">Acero<\/td>\n<p>n<\/tr>\n<p>n<\/p>\n<tr class=\"even\">n<\/p>\n<td class=\"spec-name\">Esfera<\/td>\n<p>n<\/p>\n<td class=\"spec-value\">GRIS<\/td>\n<p>n<\/tr>\n<p>n<\/p>\n<tr class=\"odd\">n<\/p>\n<td class=\"spec-name\">Brazalete<\/td>\n<p>n<\/p>\n<td class=\"spec-value\">ACERO<\/td>\n<p>n<\/tr>\n<p>n<\/p>\n<tr class=\"even\">n<\/p>\n<td class=\"spec-name\">Hermeticidad<\/td>\n<p>n<\/p>\n<td class=\"spec-value\">300 M<\/td>\n<p>n<\/tr>\n<p>n<\/tbody>\n<p>n<\/table>\n","protected":false},"excerpt":{"rendered":"<p>Baume &amp; Mercier Riviera 42 Mm Ref. M0A10717nn n n n Colecci\u00f3n n RIVIERA n n n Complicaci\u00f3n n SOLO HORA n n n Movimiento n AUTOM\u00c1TICO n n n Calendario n FECHA n n n Forma n DE FORMA n n n Tama\u00f1o n 42 MM n n n Material de la caja n [&hellip;]<\/p>\n","protected":false},"featured_media":172157,"template":"","meta":{"_crdt_document":"","advanced_seo_description":"","jetpack_seo_html_title":"","jetpack_seo_noindex":false},"product_brand":[],"product_cat":[2613,2360],"product_tag":[],"berocket_brand":[],"woo-feed-brand":[],"class_list":{"0":"post-135041","1":"product","2":"type-product","3":"status-publish","4":"has-post-thumbnail","6":"product_cat-baume-mercier-es","7":"product_cat-nomos-glashutte-es","9":"first","10":"instock","11":"sale","12":"taxable","13":"shipping-taxable","14":"purchasable","15":"product-type-simple"},"bundled_by":[],"bundle_stock_status":"instock","bundle_stock_quantity":1,"bundle_virtual":false,"bundle_layout":"","bundle_add_to_cart_form_location":"","bundle_editable_in_cart":false,"bundle_sold_individually_context":"","bundle_item_grouping":"","bundle_min_size":"","bundle_max_size":"","bundle_price":[],"bundled_items":[],"bundle_sell_ids":[],"group_of_quantity":0,"min_quantity":0,"max_quantity":"","exclude_order_quantity_value_rules":"no","exclude_category_quantity_rules":"no","combine_variations":"no","jetpack_sharing_enabled":true,"jetpack_likes_enabled":true,"_links":{"self":[{"href":"https:\/\/watchdeluxe.it\/es\/wp-json\/wp\/v2\/product\/135041","targetHints":{"allow":["GET"]}}],"collection":[{"href":"https:\/\/watchdeluxe.it\/es\/wp-json\/wp\/v2\/product"}],"about":[{"href":"https:\/\/watchdeluxe.it\/es\/wp-json\/wp\/v2\/types\/product"}],"wp:featuredmedia":[{"embeddable":true,"href":"https:\/\/watchdeluxe.it\/es\/wp-json\/wp\/v2\/media\/172157"}],"wp:attachment":[{"href":"https:\/\/watchdeluxe.it\/es\/wp-json\/wp\/v2\/media?parent=135041"}],"wp:term":[{"taxonomy":"product_brand","embeddable":true,"href":"https:\/\/watchdeluxe.it\/es\/wp-json\/wp\/v2\/product_brand?post=135041"},{"taxonomy":"product_cat","embeddable":true,"href":"https:\/\/watchdeluxe.it\/es\/wp-json\/wp\/v2\/product_cat?post=135041"},{"taxonomy":"product_tag","embeddable":true,"href":"https:\/\/watchdeluxe.it\/es\/wp-json\/wp\/v2\/product_tag?post=135041"},{"taxonomy":"berocket_brand","embeddable":true,"href":"https:\/\/watchdeluxe.it\/es\/wp-json\/wp\/v2\/berocket_brand?post=135041"},{"taxonomy":"woo-feed-brand","embeddable":true,"href":"https:\/\/watchdeluxe.it\/es\/wp-json\/wp\/v2\/woo-feed-brand?post=135041"}],"curies":[{"name":"wp","href":"https:\/\/api.w.org\/{rel}","templated":true}]}}