{"id":134973,"date":"2026-03-24T17:22:56","date_gmt":"2026-03-24T16:22:56","guid":{"rendered":"https:\/\/watchdeluxe.it\/prodotto\/baume-mercier-classima-reserva-de-marcha-ref-m0a10718\/"},"modified":"2026-04-11T11:52:41","modified_gmt":"2026-04-11T09:52:41","slug":"baume-mercier-classima-reserva-de-marcha-ref-m0a10718","status":"publish","type":"product","link":"https:\/\/watchdeluxe.it\/es\/prodotto\/baume-mercier-classima-reserva-de-marcha-ref-m0a10718\/","title":{"rendered":"Baume &amp; Mercier Classima reserva de marcha ref. M0A10718"},"content":{"rendered":"<p>Baume &amp; Mercier Classima reserva de marcha ref. M0A10718<br \/>\nReloj autom\u00e1tico, cuerda autom\u00e1tica<br \/>\nReserva de marcha: 42 h<br \/>\nReserva de marcha<br \/>\nMOVIMIENTO<br \/>\nSwiss Made<br \/>\nEnerg\u00eda Autom\u00e1tico, cuerda autom\u00e1tica<br \/>\nFrecuencia 28800.0 vph\/4.0 hz<br \/>\nRub\u00edes 24<br \/>\nCAJA<br \/>\nForma redonda<br \/>\nMedida Di\u00e1metro: 42.1 x 39.05 mm<br \/>\nEspesor 10.1 mm<br \/>\nMaterial y acabados Acero, Pulido<br \/>\nFondo cerrado, Clips\u00e9<br \/>\nESFERA<br \/>\nAgujas Rojo, Hoja<br \/>\n2 CORREAS INCLUIDAS<br \/>\nMaterial Piel de alig\u00e1tor, Negro<br \/>\nHebilla ardill\u00f3n, Acero<br \/>\nMaterial Tejido, Marr\u00f3n claro<br \/>\nHebilla ardill\u00f3n, Acero<\/p>\n","protected":false},"excerpt":{"rendered":"<p>Baume &amp; Mercier Classima reserva de marcha ref. M0A10718 Reloj autom\u00e1tico, cuerda autom\u00e1tica Reserva de marcha: 42 h Reserva de marcha MOVIMIENTO Swiss Made Energ\u00eda Autom\u00e1tico, cuerda autom\u00e1tica Frecuencia 28800.0 vph\/4.0 hz Rub\u00edes 24 CAJA Forma redonda Medida Di\u00e1metro: 42.1 x 39.05 mm Espesor 10.1 mm Material y acabados Acero, Pulido Fondo cerrado, Clips\u00e9 ESFERA [&hellip;]<\/p>\n","protected":false},"featured_media":152254,"template":"","meta":{"_crdt_document":"","advanced_seo_description":"","jetpack_seo_html_title":"","jetpack_seo_noindex":false},"product_brand":[],"product_cat":[1927,1919],"product_tag":[],"berocket_brand":[],"woo-feed-brand":[],"class_list":{"0":"post-134973","1":"product","2":"type-product","3":"status-publish","4":"has-post-thumbnail","6":"product_cat-baume-mercier","7":"product_cat-nomos-glashutte","9":"first","10":"instock","11":"sale","12":"taxable","13":"shipping-taxable","14":"purchasable","15":"product-type-simple"},"bundled_by":[],"bundle_stock_status":"instock","bundle_stock_quantity":1,"bundle_virtual":false,"bundle_layout":"","bundle_add_to_cart_form_location":"","bundle_editable_in_cart":false,"bundle_sold_individually_context":"","bundle_item_grouping":"","bundle_min_size":"","bundle_max_size":"","bundle_price":[],"bundled_items":[],"bundle_sell_ids":[],"group_of_quantity":0,"min_quantity":0,"max_quantity":"","exclude_order_quantity_value_rules":"no","exclude_category_quantity_rules":"no","combine_variations":"no","jetpack_sharing_enabled":true,"jetpack_likes_enabled":true,"_links":{"self":[{"href":"https:\/\/watchdeluxe.it\/es\/wp-json\/wp\/v2\/product\/134973","targetHints":{"allow":["GET"]}}],"collection":[{"href":"https:\/\/watchdeluxe.it\/es\/wp-json\/wp\/v2\/product"}],"about":[{"href":"https:\/\/watchdeluxe.it\/es\/wp-json\/wp\/v2\/types\/product"}],"wp:featuredmedia":[{"embeddable":true,"href":"https:\/\/watchdeluxe.it\/es\/wp-json\/wp\/v2\/media\/152254"}],"wp:attachment":[{"href":"https:\/\/watchdeluxe.it\/es\/wp-json\/wp\/v2\/media?parent=134973"}],"wp:term":[{"taxonomy":"product_brand","embeddable":true,"href":"https:\/\/watchdeluxe.it\/es\/wp-json\/wp\/v2\/product_brand?post=134973"},{"taxonomy":"product_cat","embeddable":true,"href":"https:\/\/watchdeluxe.it\/es\/wp-json\/wp\/v2\/product_cat?post=134973"},{"taxonomy":"product_tag","embeddable":true,"href":"https:\/\/watchdeluxe.it\/es\/wp-json\/wp\/v2\/product_tag?post=134973"},{"taxonomy":"berocket_brand","embeddable":true,"href":"https:\/\/watchdeluxe.it\/es\/wp-json\/wp\/v2\/berocket_brand?post=134973"},{"taxonomy":"woo-feed-brand","embeddable":true,"href":"https:\/\/watchdeluxe.it\/es\/wp-json\/wp\/v2\/woo-feed-brand?post=134973"}],"curies":[{"name":"wp","href":"https:\/\/api.w.org\/{rel}","templated":true}]}}