{"id":134089,"date":"2026-02-05T16:15:36","date_gmt":"2026-02-05T15:15:36","guid":{"rendered":"https:\/\/watchdeluxe.it\/prodotto\/iwc-portugues-oro-rosa-ref-iw358404\/"},"modified":"2026-02-05T16:15:36","modified_gmt":"2026-02-05T15:15:36","slug":"iwc-portugues-oro-rosa-ref-iw358404","status":"publish","type":"product","link":"https:\/\/watchdeluxe.it\/es\/prodotto\/iwc-portugues-oro-rosa-ref-iw358404\/","title":{"rendered":"Iwc portugu\u00e9s oro rosa ref. IW358404"},"content":{"rendered":"<p>Iwc portugu\u00e9s oro rosa ref. IW358404<\/p>\n<div class=\"col-sm-7 col-md-8 col-lg-6\">\n<div class=\"summary entry-summary product-details-right style2 clearfix\">\n<ul>\n<li><strong>Caja:<\/strong> Caja de oro rosa de 18 ct<\/li>\n<li><strong>Di\u00e1metro (mm):<\/strong> 40,4 mm<\/li>\n<li><strong>Grosor (mm):<\/strong> 12,4 mm<\/li>\n<li><strong>Resistencia al agua (bar):<\/strong> 5 Bar<\/li>\n<li><strong>Calibre:<\/strong> Calibre 82200<\/li>\n<li><strong>Movimiento:<\/strong> Movimiento de manufactura IWC<\/li>\n<li><strong>Carga:<\/strong> Autom\u00e1tico, carga autom\u00e1tica<\/li>\n<li><strong>Autonom\u00eda de marcha:<\/strong> 60 horas de autonom\u00eda de marcha<\/li>\n<li><strong>Frecuencia:<\/strong> Frecuencia 28.800 VPH (4 Hz)<\/li>\n<li><strong>Componentes:<\/strong> 192 Componentes<\/li>\n<li><strong>Rub\u00edes:<\/strong> 31 Rub\u00edes<\/li>\n<\/ul>\n<h3>Caracter\u00edsticas<\/h3>\n<p class=\"caratteristica\">Segundero peque\u00f1o con dispositivo de parada<\/p>\n<p class=\"caratteristica\">Sistema de carga autom\u00e1tica Pellaton<\/p>\n<p class=\"caratteristica\">Cristales de zafiro de doble caja. Revestimiento antirreflejos en ambas caras <\/p>\n<\/div>\n<\/div>\n","protected":false},"excerpt":{"rendered":"<p>Iwc portugu\u00e9s oro rosa ref. IW358404 Caja: Caja de oro rosa de 18 ct Di\u00e1metro (mm): 40,4 mm Grosor (mm): 12,4 mm Resistencia al agua (bar): 5 Bar Calibre: Calibre 82200 Movimiento: Movimiento de manufactura IWC Carga: Autom\u00e1tico, carga autom\u00e1tica Autonom\u00eda de marcha: 60 horas de autonom\u00eda de marcha Frecuencia: Frecuencia 28.800 VPH (4 Hz) [&hellip;]<\/p>\n","protected":false},"featured_media":134090,"template":"","meta":{"_crdt_document":"","advanced_seo_description":"","jetpack_seo_html_title":"","jetpack_seo_noindex":false,"jetpack_post_was_ever_published":false},"product_brand":[2150],"product_cat":[1918],"product_tag":[5396],"berocket_brand":[],"woo-feed-brand":[],"class_list":{"0":"post-134089","1":"product","2":"type-product","3":"status-publish","4":"has-post-thumbnail","6":"product_brand-iwc","7":"product_cat-iwc","8":"product_tag-portoghse","10":"first","11":"instock","12":"sale","13":"taxable","14":"shipping-taxable","15":"purchasable","16":"product-type-simple"},"bundled_by":[],"bundle_stock_status":"instock","bundle_stock_quantity":null,"bundle_virtual":false,"bundle_layout":"","bundle_add_to_cart_form_location":"","bundle_editable_in_cart":false,"bundle_sold_individually_context":"","bundle_item_grouping":"","bundle_min_size":"","bundle_max_size":"","bundle_price":[],"bundled_items":[],"bundle_sell_ids":[],"group_of_quantity":0,"min_quantity":0,"max_quantity":"","exclude_order_quantity_value_rules":"no","exclude_category_quantity_rules":"no","combine_variations":"no","exclude_global_add_ons":[],"addons":[],"jetpack_sharing_enabled":true,"jetpack_likes_enabled":true,"_links":{"self":[{"href":"https:\/\/watchdeluxe.it\/es\/wp-json\/wp\/v2\/product\/134089","targetHints":{"allow":["GET"]}}],"collection":[{"href":"https:\/\/watchdeluxe.it\/es\/wp-json\/wp\/v2\/product"}],"about":[{"href":"https:\/\/watchdeluxe.it\/es\/wp-json\/wp\/v2\/types\/product"}],"wp:featuredmedia":[{"embeddable":true,"href":"https:\/\/watchdeluxe.it\/es\/wp-json\/wp\/v2\/media\/134090"}],"wp:attachment":[{"href":"https:\/\/watchdeluxe.it\/es\/wp-json\/wp\/v2\/media?parent=134089"}],"wp:term":[{"taxonomy":"product_brand","embeddable":true,"href":"https:\/\/watchdeluxe.it\/es\/wp-json\/wp\/v2\/product_brand?post=134089"},{"taxonomy":"product_cat","embeddable":true,"href":"https:\/\/watchdeluxe.it\/es\/wp-json\/wp\/v2\/product_cat?post=134089"},{"taxonomy":"product_tag","embeddable":true,"href":"https:\/\/watchdeluxe.it\/es\/wp-json\/wp\/v2\/product_tag?post=134089"},{"taxonomy":"berocket_brand","embeddable":true,"href":"https:\/\/watchdeluxe.it\/es\/wp-json\/wp\/v2\/berocket_brand?post=134089"},{"taxonomy":"woo-feed-brand","embeddable":true,"href":"https:\/\/watchdeluxe.it\/es\/wp-json\/wp\/v2\/woo-feed-brand?post=134089"}],"curies":[{"name":"wp","href":"https:\/\/api.w.org\/{rel}","templated":true}]}}