{"id":133840,"date":"2026-02-03T15:24:14","date_gmt":"2026-02-03T14:24:14","guid":{"rendered":"https:\/\/watchdeluxe.it\/prodotto\/tag-heuer-monaco-cronografo-edicion-limitada-ref-cbl218e-ft6312\/"},"modified":"2026-02-03T15:24:14","modified_gmt":"2026-02-03T14:24:14","slug":"tag-heuer-monaco-cronografo-edicion-limitada-ref-cbl218e-ft6312","status":"publish","type":"product","link":"https:\/\/watchdeluxe.it\/es\/prodotto\/tag-heuer-monaco-cronografo-edicion-limitada-ref-cbl218e-ft6312\/","title":{"rendered":"Tag Heuer Monaco cron\u00f3grafo edici\u00f3n limitada ref. CBL218E.FT6312"},"content":{"rendered":"<p>Tag Heuer Monaco cron\u00f3grafo edici\u00f3n limitada ref. CBL218E.FT6312<\/p>\n<p>Formula 1 Heineken Las Vegas Grand Prix 2025<\/p>\n<h4 class=\"product-name\"><span class=\"details-attributes d-block\">Autom\u00e1tico, 39 mm, Titanio con revestimiento DLC<\/span><\/h4>\n<div class=\"row\">\n<div class=\"col-5 col-lg-4\">Colecci\u00f3n Tag Heuer Monaco<\/div>\n<\/div>\n<div class=\"row\">\n<div class=\"col-5 col-lg-4\">Tipo Cron\u00f3grafos<\/div>\n<\/div>\n<div class=\"row\">\n<div class=\"col-5 col-lg-4\">Movimiento autom\u00e1tico<\/div>\n<\/div>\n<div class=\"row\">\n<div class=\"col-5 col-lg-4\">Dimensiones de la caja \u00d8 39 mm<\/div>\n<\/div>\n<div class=\"row\">\n<div class=\"col-5 col-lg-4\">Material Titanio<\/div>\n<\/div>\n<div class=\"row\">\n<div class=\"col-5 col-lg-4\">Correa de piel de becerro, caucho<\/div>\n<\/div>\n<div class=\"row\">\n<div class=\"col-5 col-lg-4\">Resistencia al agua 10 ATM<\/div>\n<\/div>\n<div class=\"row\">\n<div class=\"col-5 col-lg-4\">Esfera Esqueleto<\/div>\n<\/div>\n<div class=\"row\">\n<div class=\"col-5 col-lg-4\">Cristal de zafiro<\/div>\n<\/div>\n<div class=\"row\">\n<div class=\"col-5 col-lg-4\">Cierre plegable<\/div>\n<\/div>\n<div class=\"row\">\n<div class=\"col-7 col-lg-8\"><\/div>\n<\/div>\n","protected":false},"excerpt":{"rendered":"<p>Tag Heuer Monaco cron\u00f3grafo edici\u00f3n limitada ref. CBL218E.FT6312 Formula 1 Heineken Las Vegas Grand Prix 2025 Autom\u00e1tico, 39 mm, Titanio con revestimiento DLC Colecci\u00f3n Tag Heuer Monaco Tipo Cron\u00f3grafos Movimiento autom\u00e1tico Dimensiones de la caja \u00d8 39 mm Material Titanio Correa de piel de becerro, caucho Resistencia al agua 10 ATM Esfera Esqueleto Cristal de [&hellip;]<\/p>\n","protected":false},"featured_media":133841,"template":"","meta":{"_crdt_document":"","advanced_seo_description":"","jetpack_seo_html_title":"","jetpack_seo_noindex":false},"product_brand":[2161],"product_cat":[1920],"product_tag":[1660],"berocket_brand":[],"woo-feed-brand":[],"class_list":{"0":"post-133840","1":"product","2":"type-product","3":"status-publish","4":"has-post-thumbnail","6":"product_brand-tag-heuer","7":"product_cat-tag-heuer","8":"product_tag-monaco","10":"first","11":"instock","12":"sale","13":"taxable","14":"shipping-taxable","15":"purchasable","16":"product-type-simple"},"bundled_by":[],"bundle_stock_status":"instock","bundle_stock_quantity":null,"bundle_virtual":false,"bundle_layout":"","bundle_add_to_cart_form_location":"","bundle_editable_in_cart":false,"bundle_sold_individually_context":"","bundle_item_grouping":"","bundle_min_size":"","bundle_max_size":"","bundle_price":[],"bundled_items":[],"bundle_sell_ids":[],"group_of_quantity":0,"min_quantity":0,"max_quantity":"","exclude_order_quantity_value_rules":"no","exclude_category_quantity_rules":"no","combine_variations":"no","exclude_global_add_ons":[],"addons":[],"jetpack_sharing_enabled":true,"jetpack_likes_enabled":true,"_links":{"self":[{"href":"https:\/\/watchdeluxe.it\/es\/wp-json\/wp\/v2\/product\/133840","targetHints":{"allow":["GET"]}}],"collection":[{"href":"https:\/\/watchdeluxe.it\/es\/wp-json\/wp\/v2\/product"}],"about":[{"href":"https:\/\/watchdeluxe.it\/es\/wp-json\/wp\/v2\/types\/product"}],"wp:featuredmedia":[{"embeddable":true,"href":"https:\/\/watchdeluxe.it\/es\/wp-json\/wp\/v2\/media\/133841"}],"wp:attachment":[{"href":"https:\/\/watchdeluxe.it\/es\/wp-json\/wp\/v2\/media?parent=133840"}],"wp:term":[{"taxonomy":"product_brand","embeddable":true,"href":"https:\/\/watchdeluxe.it\/es\/wp-json\/wp\/v2\/product_brand?post=133840"},{"taxonomy":"product_cat","embeddable":true,"href":"https:\/\/watchdeluxe.it\/es\/wp-json\/wp\/v2\/product_cat?post=133840"},{"taxonomy":"product_tag","embeddable":true,"href":"https:\/\/watchdeluxe.it\/es\/wp-json\/wp\/v2\/product_tag?post=133840"},{"taxonomy":"berocket_brand","embeddable":true,"href":"https:\/\/watchdeluxe.it\/es\/wp-json\/wp\/v2\/berocket_brand?post=133840"},{"taxonomy":"woo-feed-brand","embeddable":true,"href":"https:\/\/watchdeluxe.it\/es\/wp-json\/wp\/v2\/woo-feed-brand?post=133840"}],"curies":[{"name":"wp","href":"https:\/\/api.w.org\/{rel}","templated":true}]}}