{"id":133813,"date":"2026-02-03T15:16:55","date_gmt":"2026-02-03T14:16:55","guid":{"rendered":"https:\/\/watchdeluxe.it\/prodotto\/nomos-club-sport-neomatik-horas-del-mundo-reverie-ref-790-s11\/"},"modified":"2026-04-07T12:11:21","modified_gmt":"2026-04-07T10:11:21","slug":"nomos-club-sport-neomatik-horas-del-mundo-reverie-ref-790-s11","status":"publish","type":"product","link":"https:\/\/watchdeluxe.it\/es\/prodotto\/nomos-club-sport-neomatik-horas-del-mundo-reverie-ref-790-s11\/","title":{"rendered":"Nomos Club Sport neomatik horas del mundo Reverie ref. 790.S11"},"content":{"rendered":"<p>Nomos Club Sport neomatik horas del mundo Reverie ref. 790.S11<\/p>\n<div class=\"product-specs__listing\">\n<dl class=\"specs-list\">\n<dt>Caso<\/dt>\n<dd>acero inoxidable, atornillado, corona atornillada<br \/>\nfondo de cristal de zafiro<\/dd>\n<dt>Vidrio<\/dt>\n<dd>cristal de zafiro abombado con tratamiento antirreflejos interior y exterior<\/dd>\n<dt>Carga<\/dt>\n<dd>autom\u00e1tico<\/dd>\n<dt>Dimensiones<\/dt>\n<dd>di\u00e1metro <span class=\"size-property\"> 40.0 mm <\/span><br \/>\ngrosor <span class=\"size-property\"> 9.9 mm <\/span><br \/>\nDimensi\u00f3n exterior del asa <span class=\"size-property\"> 48.0 mm <\/span> <\/dd>\n<dt>Resistencia al agua<\/dt>\n<dd>10 atm (se puede llevar mientras se nada)<\/dd>\n<\/dl>\n<dl class=\"specs-list\">\n<dt>Marque<\/dt>\n<dd>galvanizado, oro champ\u00e1n, con acabado de rayos de sol, n\u00fameros de las horas e \u00edndices con superluminova en blanco<\/dd>\n<dt>Manos<\/dt>\n<dd>agujas de horas y minutos rodiadas con inserciones de superluminova blanca<\/dd>\n<dt>correa<\/dt>\n<dd>Horween Genuine Shell Cordovan marr\u00f3n, con bordes<br \/>\n<span class=\"size-property\"> ancho de asa 20 mm <\/span> <\/dd>\n<dt>Hebilla<\/dt>\n<dd>Hebilla redonda de acero inoxidable<\/dd>\n<dt>EDICI\u00d3N LIMITADA CON GRABADO<\/dt>\n<dd>Edici\u00f3n Limitada \u2013 Reverie 1\/175<\/dd>\n<\/dl>\n<\/div>\n","protected":false},"excerpt":{"rendered":"<p>Nomos Club Sport neomatik horas del mundo Reverie ref. 790.S11 Caso acero inoxidable, atornillado, corona atornillada fondo de cristal de zafiro Vidrio cristal de zafiro abombado con tratamiento antirreflejos interior y exterior Carga autom\u00e1tico Dimensiones di\u00e1metro 40.0 mm grosor 9.9 mm Dimensi\u00f3n exterior del asa 48.0 mm Resistencia al agua 10 atm (se puede llevar [&hellip;]<\/p>\n","protected":false},"featured_media":135961,"template":"","meta":{"_crdt_document":"","advanced_seo_description":"","jetpack_seo_html_title":"","jetpack_seo_noindex":false},"product_brand":[],"product_cat":[1919],"product_tag":[1478],"berocket_brand":[],"woo-feed-brand":[],"class_list":{"0":"post-133813","1":"product","2":"type-product","3":"status-publish","4":"has-post-thumbnail","6":"product_cat-nomos-glashutte","7":"product_tag-club","9":"first","10":"instock","11":"sale","12":"taxable","13":"shipping-taxable","14":"purchasable","15":"product-type-simple"},"bundled_by":[],"bundle_stock_status":"instock","bundle_stock_quantity":1,"bundle_virtual":false,"bundle_layout":"","bundle_add_to_cart_form_location":"","bundle_editable_in_cart":false,"bundle_sold_individually_context":"","bundle_item_grouping":"","bundle_min_size":"","bundle_max_size":"","bundle_price":[],"bundled_items":[],"bundle_sell_ids":[],"group_of_quantity":0,"min_quantity":0,"max_quantity":"","exclude_order_quantity_value_rules":"no","exclude_category_quantity_rules":"no","combine_variations":"no","jetpack_sharing_enabled":true,"jetpack_likes_enabled":true,"_links":{"self":[{"href":"https:\/\/watchdeluxe.it\/es\/wp-json\/wp\/v2\/product\/133813","targetHints":{"allow":["GET"]}}],"collection":[{"href":"https:\/\/watchdeluxe.it\/es\/wp-json\/wp\/v2\/product"}],"about":[{"href":"https:\/\/watchdeluxe.it\/es\/wp-json\/wp\/v2\/types\/product"}],"wp:featuredmedia":[{"embeddable":true,"href":"https:\/\/watchdeluxe.it\/es\/wp-json\/wp\/v2\/media\/135961"}],"wp:attachment":[{"href":"https:\/\/watchdeluxe.it\/es\/wp-json\/wp\/v2\/media?parent=133813"}],"wp:term":[{"taxonomy":"product_brand","embeddable":true,"href":"https:\/\/watchdeluxe.it\/es\/wp-json\/wp\/v2\/product_brand?post=133813"},{"taxonomy":"product_cat","embeddable":true,"href":"https:\/\/watchdeluxe.it\/es\/wp-json\/wp\/v2\/product_cat?post=133813"},{"taxonomy":"product_tag","embeddable":true,"href":"https:\/\/watchdeluxe.it\/es\/wp-json\/wp\/v2\/product_tag?post=133813"},{"taxonomy":"berocket_brand","embeddable":true,"href":"https:\/\/watchdeluxe.it\/es\/wp-json\/wp\/v2\/berocket_brand?post=133813"},{"taxonomy":"woo-feed-brand","embeddable":true,"href":"https:\/\/watchdeluxe.it\/es\/wp-json\/wp\/v2\/woo-feed-brand?post=133813"}],"curies":[{"name":"wp","href":"https:\/\/api.w.org\/{rel}","templated":true}]}}