{"id":133788,"date":"2026-02-03T15:09:54","date_gmt":"2026-02-03T14:09:54","guid":{"rendered":"https:\/\/watchdeluxe.it\/prodotto\/glashutte-original-seventies-cronografo-panorama-date-ref-1-37-02-20-02-70\/"},"modified":"2026-04-06T04:07:35","modified_gmt":"2026-04-06T02:07:35","slug":"glashutte-original-seventies-cronografo-panorama-date-ref-1-37-02-20-02-70","status":"publish","type":"product","link":"https:\/\/watchdeluxe.it\/es\/prodotto\/glashutte-original-seventies-cronografo-panorama-date-ref-1-37-02-20-02-70\/","title":{"rendered":"Glash\u00fctte Original Seventies cron\u00f3grafo Panorama Date ref. 1-37-02-20-02-70"},"content":{"rendered":"<p>Glash\u00fctte Original Seventies cron\u00f3grafo Panorama Date ref. 1-37-02-20-02-70<\/p>\n<p>Funciones<\/p>\n<ul>\n<li>Horas y minutos<\/li>\n<li>Segundero peque\u00f1o<\/li>\n<li>Totalizador cron\u00f3grafo de 30 minutos<\/li>\n<li>espectador de 12 minutos<\/li>\n<li>Fecha Panor\u00e1mica<\/li>\n<li>Indicador de reserva de marcha<\/li>\n<li>Flyback<\/li>\n<\/ul>\n<p>Caso<\/p>\n<ul>\n<li>100 ejemplares Limitaciones acero<\/li>\n<li>Acero Material de la caja<\/li>\n<li>10 bar Sumergible<\/li>\n<li>40,00 x 40,00 mm Di\u00e1metro de la caja<\/li>\n<li>14,10 mm Grosor de la caja<\/li>\n<li>Caracter\u00edsticas de la corona de rosca<\/li>\n<\/ul>\n<p>Marque<\/p>\n<ul>\n<li>Esfera \u00cdndices aplicados<\/li>\n<li>Fecha Resumen blanco sobre fondo negro<\/li>\n<\/ul>\n<p>Calibre 37-02<\/p>\n<ul>\n<li>Movimiento autom\u00e1tico Tipo de movimiento<\/li>\n<li>70 horas \u00b1 5% Reserva de marcha<\/li>\n<li>28.800 vph, equivalentes a 4 Hz Frecuencia<\/li>\n<\/ul>\n<p>Comentarios<\/p>\n<ul>\n<li>Platina de tres cuartos de Glash\u00fctte con decoraci\u00f3n de bandas<\/li>\n<li>Piezas de acero pulido<\/li>\n<li>\u00c1ngulos biselados\/pulidos<\/li>\n<li>Tornillos pulidos\/quemados<\/li>\n<\/ul>\n<p>Correa<\/p>\n<ul>\n<li>Acero inoxidable Material<\/li>\n<li>26 mm<\/li>\n<\/ul>\n","protected":false},"excerpt":{"rendered":"<p>Glash\u00fctte Original Seventies cron\u00f3grafo Panorama Date ref. 1-37-02-20-02-70 Funciones Horas y minutos Segundero peque\u00f1o Totalizador cron\u00f3grafo de 30 minutos espectador de 12 minutos Fecha Panor\u00e1mica Indicador de reserva de marcha Flyback Caso 100 ejemplares Limitaciones acero Acero Material de la caja 10 bar Sumergible 40,00 x 40,00 mm Di\u00e1metro de la caja 14,10 mm Grosor [&hellip;]<\/p>\n","protected":false},"featured_media":152106,"template":"","meta":{"_crdt_document":"","advanced_seo_description":"","jetpack_seo_html_title":"","jetpack_seo_noindex":false},"product_brand":[],"product_cat":[3915],"product_tag":[4152],"berocket_brand":[],"woo-feed-brand":[],"class_list":{"0":"post-133788","1":"product","2":"type-product","3":"status-publish","4":"has-post-thumbnail","6":"product_cat-glashutte-original","7":"product_tag-seventies-2","9":"first","10":"instock","11":"sale","12":"taxable","13":"shipping-taxable","14":"purchasable","15":"product-type-simple"},"bundled_by":[],"bundle_stock_status":"instock","bundle_stock_quantity":1,"bundle_virtual":false,"bundle_layout":"","bundle_add_to_cart_form_location":"","bundle_editable_in_cart":false,"bundle_sold_individually_context":"","bundle_item_grouping":"","bundle_min_size":"","bundle_max_size":"","bundle_price":[],"bundled_items":[],"bundle_sell_ids":[],"group_of_quantity":0,"min_quantity":0,"max_quantity":"","exclude_order_quantity_value_rules":"no","exclude_category_quantity_rules":"no","combine_variations":"no","exclude_global_add_ons":[],"addons":[],"jetpack_sharing_enabled":true,"jetpack_likes_enabled":true,"_links":{"self":[{"href":"https:\/\/watchdeluxe.it\/es\/wp-json\/wp\/v2\/product\/133788","targetHints":{"allow":["GET"]}}],"collection":[{"href":"https:\/\/watchdeluxe.it\/es\/wp-json\/wp\/v2\/product"}],"about":[{"href":"https:\/\/watchdeluxe.it\/es\/wp-json\/wp\/v2\/types\/product"}],"wp:featuredmedia":[{"embeddable":true,"href":"https:\/\/watchdeluxe.it\/es\/wp-json\/wp\/v2\/media\/152106"}],"wp:attachment":[{"href":"https:\/\/watchdeluxe.it\/es\/wp-json\/wp\/v2\/media?parent=133788"}],"wp:term":[{"taxonomy":"product_brand","embeddable":true,"href":"https:\/\/watchdeluxe.it\/es\/wp-json\/wp\/v2\/product_brand?post=133788"},{"taxonomy":"product_cat","embeddable":true,"href":"https:\/\/watchdeluxe.it\/es\/wp-json\/wp\/v2\/product_cat?post=133788"},{"taxonomy":"product_tag","embeddable":true,"href":"https:\/\/watchdeluxe.it\/es\/wp-json\/wp\/v2\/product_tag?post=133788"},{"taxonomy":"berocket_brand","embeddable":true,"href":"https:\/\/watchdeluxe.it\/es\/wp-json\/wp\/v2\/berocket_brand?post=133788"},{"taxonomy":"woo-feed-brand","embeddable":true,"href":"https:\/\/watchdeluxe.it\/es\/wp-json\/wp\/v2\/woo-feed-brand?post=133788"}],"curies":[{"name":"wp","href":"https:\/\/api.w.org\/{rel}","templated":true}]}}