{"id":133302,"date":"2026-02-02T15:42:03","date_gmt":"2026-02-02T14:42:03","guid":{"rendered":"https:\/\/watchdeluxe.it\/prodotto\/breitling-breitling-navitimer-b01-negro-ref-ab0139211b1a1\/"},"modified":"2026-02-02T15:42:03","modified_gmt":"2026-02-02T14:42:03","slug":"breitling-breitling-navitimer-b01-negro-ref-ab0139211b1a1","status":"publish","type":"product","link":"https:\/\/watchdeluxe.it\/es\/prodotto\/breitling-breitling-navitimer-b01-negro-ref-ab0139211b1a1\/","title":{"rendered":"Breitling Breitling Navitimer B01 negro ref. AB0139211B1A1"},"content":{"rendered":"<p>Breitling Breitling Navitimer B01 negro ref. AB0139211B1A1<\/p>\n<div class=\"row\">\n<div class=\"col-5 col-lg-4\">Colecci\u00f3n Navitimer<\/div>\n<\/div>\n<div class=\"row\">\n<div class=\"col-5 col-lg-4\">Tipo Cron\u00f3grafo<\/div>\n<\/div>\n<div class=\"row\">\n<div class=\"col-5 col-lg-4\">Movimiento autom\u00e1tico<\/div>\n<\/div>\n<div class=\"row\">\n<div class=\"col-5 col-lg-4\">Dimensiones de la caja \u00d8 41 MM<\/div>\n<\/div>\n<div class=\"row\">\n<div class=\"col-5 col-lg-4\">Material Acero<\/div>\n<\/div>\n<div class=\"row\">\n<div class=\"col-5 col-lg-4\">Correa de acero<\/div>\n<\/div>\n<div class=\"row\">\n<div class=\"col-5 col-lg-4\">Resistencia al agua 3 ATM<\/div>\n<\/div>\n<div class=\"row\">\n<div class=\"col-5 col-lg-4\">Esfera negra<\/div>\n<\/div>\n<div class=\"row\">\n<div class=\"col-5 col-lg-4\">Cristal de zafiro<\/div>\n<\/div>\n<div class=\"row\">\n<div class=\"col-5 col-lg-4\">Cierre plegable<\/div>\n<\/div>\n","protected":false},"excerpt":{"rendered":"<p>Breitling Breitling Navitimer B01 negro ref. AB0139211B1A1 Colecci\u00f3n Navitimer Tipo Cron\u00f3grafo Movimiento autom\u00e1tico Dimensiones de la caja \u00d8 41 MM Material Acero Correa de acero Resistencia al agua 3 ATM Esfera negra Cristal de zafiro Cierre plegable<\/p>\n","protected":false},"featured_media":133303,"template":"","meta":{"_crdt_document":"","advanced_seo_description":"","jetpack_seo_html_title":"","jetpack_seo_noindex":false},"product_brand":[],"product_cat":[1914],"product_tag":[3720],"berocket_brand":[],"woo-feed-brand":[],"class_list":{"0":"post-133302","1":"product","2":"type-product","3":"status-publish","4":"has-post-thumbnail","6":"product_cat-breitling","7":"product_tag-navitimer","9":"first","10":"instock","11":"sale","12":"taxable","13":"shipping-taxable","14":"purchasable","15":"product-type-simple"},"bundled_by":[],"bundle_stock_status":"instock","bundle_stock_quantity":1,"bundle_virtual":false,"bundle_layout":"","bundle_add_to_cart_form_location":"","bundle_editable_in_cart":false,"bundle_sold_individually_context":"","bundle_item_grouping":"","bundle_min_size":"","bundle_max_size":"","bundle_price":[],"bundled_items":[],"bundle_sell_ids":[],"group_of_quantity":0,"min_quantity":0,"max_quantity":"","exclude_order_quantity_value_rules":"no","exclude_category_quantity_rules":"no","combine_variations":"no","jetpack_sharing_enabled":true,"jetpack_likes_enabled":true,"_links":{"self":[{"href":"https:\/\/watchdeluxe.it\/es\/wp-json\/wp\/v2\/product\/133302","targetHints":{"allow":["GET"]}}],"collection":[{"href":"https:\/\/watchdeluxe.it\/es\/wp-json\/wp\/v2\/product"}],"about":[{"href":"https:\/\/watchdeluxe.it\/es\/wp-json\/wp\/v2\/types\/product"}],"wp:featuredmedia":[{"embeddable":true,"href":"https:\/\/watchdeluxe.it\/es\/wp-json\/wp\/v2\/media\/133303"}],"wp:attachment":[{"href":"https:\/\/watchdeluxe.it\/es\/wp-json\/wp\/v2\/media?parent=133302"}],"wp:term":[{"taxonomy":"product_brand","embeddable":true,"href":"https:\/\/watchdeluxe.it\/es\/wp-json\/wp\/v2\/product_brand?post=133302"},{"taxonomy":"product_cat","embeddable":true,"href":"https:\/\/watchdeluxe.it\/es\/wp-json\/wp\/v2\/product_cat?post=133302"},{"taxonomy":"product_tag","embeddable":true,"href":"https:\/\/watchdeluxe.it\/es\/wp-json\/wp\/v2\/product_tag?post=133302"},{"taxonomy":"berocket_brand","embeddable":true,"href":"https:\/\/watchdeluxe.it\/es\/wp-json\/wp\/v2\/berocket_brand?post=133302"},{"taxonomy":"woo-feed-brand","embeddable":true,"href":"https:\/\/watchdeluxe.it\/es\/wp-json\/wp\/v2\/woo-feed-brand?post=133302"}],"curies":[{"name":"wp","href":"https:\/\/api.w.org\/{rel}","templated":true}]}}