{"id":133180,"date":"2026-02-02T14:49:08","date_gmt":"2026-02-02T13:49:08","guid":{"rendered":"https:\/\/watchdeluxe.it\/prodotto\/omega-seamaster-planet-ocean-600m-azul-ref-217-30-42-21-01-002\/"},"modified":"2026-04-10T15:59:07","modified_gmt":"2026-04-10T13:59:07","slug":"omega-seamaster-planet-ocean-600m-azul-ref-217-30-42-21-01-002","status":"publish","type":"product","link":"https:\/\/watchdeluxe.it\/es\/prodotto\/omega-seamaster-planet-ocean-600m-azul-ref-217-30-42-21-01-002\/","title":{"rendered":"Omega Seamaster Planet Ocean 600m azul ref. 217.30.42.21.01.002"},"content":{"rendered":"<p>Omega Seamaster Planet Ocean 600m azul ref. O21730422101002<\/p>\n<div class=\"product-fields\">\n<div class=\"product-field product-field-type-S\"><span class=\"product-fields-title-wrapper\"><span class=\"product-fields-title\"><strong>Medida<\/strong><\/span><\/span>42.00 mm<\/div>\n<div class=\"clear\"><\/div>\n<\/div>\n<div class=\"product-fields\">\n<div class=\"product-field product-field-type-S\"><span class=\"product-fields-title-wrapper\"><span class=\"product-fields-title\"><strong>Colecci\u00f3n<\/strong><\/span><\/span>Seamaster<\/div>\n<div class=\"product-field product-field-type-S\"><\/div>\n<div class=\"product-field product-field-type-S\"><span class=\"product-fields-title-wrapper\"><span class=\"product-fields-title\"><strong>Material de la caja<\/strong><\/span><\/span>Acero<\/div>\n<div class=\"product-field product-field-type-S\"><span class=\"product-fields-title-wrapper\"><span class=\"product-fields-title\"><strong>Funci\u00f3n<\/strong><\/span><\/span>Tiempo<\/div>\n<div class=\"product-field product-field-type-S\"><span class=\"product-fields-title-wrapper\"><span class=\"product-fields-title\"><strong>Forma<\/strong><\/span><\/span>Redonda<\/div>\n<div class=\"clear\"><\/div>\n<\/div>\n<div class=\"product-fields\">\n<div class=\"product-field product-field-type-S\"> <span class=\"product-fields-title-wrapper\"> <span class=\"product-fields-title\"><strong>Brazalete<\/strong><\/span><\/span>Acero<\/div>\n<div class=\"clear\"><\/div>\n<\/div>\n<div class=\"product-fields\">\n<div class=\"product-field product-field-type-S\"> <span class=\"product-fields-title-wrapper\"> <span class=\"product-fields-title\"><strong>Movimiento<\/strong><\/span><\/span>Autom\u00e1tico<\/div>\n<div>Distancia entre las asas: 21 mm<br \/>\nDe asa a asa: 47,50 mm<br \/>\nGrosor: 13,79 mm<br \/>\nCristal: Cristal de zafiro plano resistente a los ara\u00f1azos con tratamiento antirreflectante en ambos lados<br \/>\nPeso total del producto (aprox.): 177 g<br \/>\nReserva de marcha: 60 horas<\/div>\n<\/div>\n<p>&nbsp;<\/p>\n","protected":false},"excerpt":{"rendered":"<p>Omega Seamaster Planet Ocean 600m azul ref. O21730422101002 Medida42.00 mm Colecci\u00f3nSeamaster Material de la cajaAcero Funci\u00f3nTiempo FormaRedonda BrazaleteAcero MovimientoAutom\u00e1tico Distancia entre las asas: 21 mm De asa a asa: 47,50 mm Grosor: 13,79 mm Cristal: Cristal de zafiro plano resistente a los ara\u00f1azos con tratamiento antirreflectante en ambos lados Peso total del producto (aprox.): 177 [&hellip;]<\/p>\n","protected":false},"featured_media":168113,"template":"","meta":{"_crdt_document":"","advanced_seo_description":"","jetpack_seo_html_title":"","jetpack_seo_noindex":false},"product_brand":[],"product_cat":[1921],"product_tag":[3984],"berocket_brand":[],"woo-feed-brand":[],"class_list":{"0":"post-133180","1":"product","2":"type-product","3":"status-publish","4":"has-post-thumbnail","6":"product_cat-omega","7":"product_tag-planet-ocean","9":"first","10":"instock","11":"sale","12":"taxable","13":"shipping-taxable","14":"purchasable","15":"product-type-simple"},"bundled_by":[],"bundle_stock_status":"instock","bundle_stock_quantity":1,"bundle_virtual":false,"bundle_layout":"","bundle_add_to_cart_form_location":"","bundle_editable_in_cart":false,"bundle_sold_individually_context":"","bundle_item_grouping":"","bundle_min_size":"","bundle_max_size":"","bundle_price":[],"bundled_items":[],"bundle_sell_ids":[],"group_of_quantity":0,"min_quantity":0,"max_quantity":"","exclude_order_quantity_value_rules":"no","exclude_category_quantity_rules":"no","combine_variations":"no","jetpack_sharing_enabled":true,"jetpack_likes_enabled":true,"_links":{"self":[{"href":"https:\/\/watchdeluxe.it\/es\/wp-json\/wp\/v2\/product\/133180","targetHints":{"allow":["GET"]}}],"collection":[{"href":"https:\/\/watchdeluxe.it\/es\/wp-json\/wp\/v2\/product"}],"about":[{"href":"https:\/\/watchdeluxe.it\/es\/wp-json\/wp\/v2\/types\/product"}],"wp:featuredmedia":[{"embeddable":true,"href":"https:\/\/watchdeluxe.it\/es\/wp-json\/wp\/v2\/media\/168113"}],"wp:attachment":[{"href":"https:\/\/watchdeluxe.it\/es\/wp-json\/wp\/v2\/media?parent=133180"}],"wp:term":[{"taxonomy":"product_brand","embeddable":true,"href":"https:\/\/watchdeluxe.it\/es\/wp-json\/wp\/v2\/product_brand?post=133180"},{"taxonomy":"product_cat","embeddable":true,"href":"https:\/\/watchdeluxe.it\/es\/wp-json\/wp\/v2\/product_cat?post=133180"},{"taxonomy":"product_tag","embeddable":true,"href":"https:\/\/watchdeluxe.it\/es\/wp-json\/wp\/v2\/product_tag?post=133180"},{"taxonomy":"berocket_brand","embeddable":true,"href":"https:\/\/watchdeluxe.it\/es\/wp-json\/wp\/v2\/berocket_brand?post=133180"},{"taxonomy":"woo-feed-brand","embeddable":true,"href":"https:\/\/watchdeluxe.it\/es\/wp-json\/wp\/v2\/woo-feed-brand?post=133180"}],"curies":[{"name":"wp","href":"https:\/\/api.w.org\/{rel}","templated":true}]}}