{"id":133016,"date":"2026-02-02T11:44:16","date_gmt":"2026-02-02T10:44:16","guid":{"rendered":"https:\/\/watchdeluxe.it\/prodotto\/iwc-portofino-fases-de-la-luna-ano-de-la-serpiente-edicion-limitada-ref-iw459604\/"},"modified":"2026-04-13T14:34:15","modified_gmt":"2026-04-13T12:34:15","slug":"iwc-portofino-fases-de-la-luna-ano-de-la-serpiente-edicion-limitada-ref-iw459604","status":"publish","type":"product","link":"https:\/\/watchdeluxe.it\/es\/prodotto\/iwc-portofino-fases-de-la-luna-ano-de-la-serpiente-edicion-limitada-ref-iw459604\/","title":{"rendered":"Iwc Portofino fases de la luna a\u00f1o de la serpiente edici\u00f3n limitada ref. IW459604"},"content":{"rendered":"<p>Iwc Portofino fases de la luna a\u00f1o de la serpiente edici\u00f3n limitada ref. IW459604<\/p>\n<div class=\"row\">\n<div class=\"col-5 col-lg-4\">Tipolog\u00edaFases de la luna<\/div>\n<\/div>\n<div class=\"row\">\n<div class=\"col-5 col-lg-4\">Movimiento autom\u00e1tico<\/div>\n<\/div>\n<div class=\"row\">\n<div class=\"col-5 col-lg-4\">Dimensiones de la caja \u00d8 37,1 mm<\/div>\n<\/div>\n<div class=\"row\">\n<div class=\"col-5 col-lg-4\">Material Acero<\/div>\n<\/div>\n<div class=\"row\">\n<div class=\"col-5 col-lg-4\">Correa de piel de becerro<\/div>\n<\/div>\n<div class=\"row\">\n<div class=\"col-5 col-lg-4\">Resistencia al agua 5 ATM<\/div>\n<\/div>\n<div class=\"row\">\n<div class=\"col-5 col-lg-4\">Esfera roja<\/div>\n<\/div>\n<div class=\"row\">\n<div class=\"col-5 col-lg-4\">Cristal de zafiro<\/div>\n<\/div>\n<div class=\"row\">\n<div class=\"col-5 col-lg-4\">Cierre del Despliegue<\/div>\n<\/div>\n","protected":false},"excerpt":{"rendered":"<p>Iwc Portofino fases de la luna a\u00f1o de la serpiente edici\u00f3n limitada ref. IW459604 Tipolog\u00edaFases de la luna Movimiento autom\u00e1tico Dimensiones de la caja \u00d8 37,1 mm Material Acero Correa de piel de becerro Resistencia al agua 5 ATM Esfera roja Cristal de zafiro Cierre del Despliegue<\/p>\n","protected":false},"featured_media":133017,"template":"","meta":{"_crdt_document":"","advanced_seo_description":"","jetpack_seo_html_title":"","jetpack_seo_noindex":false},"product_brand":[],"product_cat":[1918],"product_tag":[1405],"berocket_brand":[],"woo-feed-brand":[],"class_list":{"0":"post-133016","1":"product","2":"type-product","3":"status-publish","4":"has-post-thumbnail","6":"product_cat-iwc","7":"product_tag-portofino","9":"first","10":"instock","11":"sale","12":"taxable","13":"shipping-taxable","14":"purchasable","15":"product-type-simple"},"bundled_by":[],"bundle_stock_status":"instock","bundle_stock_quantity":1,"bundle_virtual":false,"bundle_layout":"","bundle_add_to_cart_form_location":"","bundle_editable_in_cart":false,"bundle_sold_individually_context":"","bundle_item_grouping":"","bundle_min_size":"","bundle_max_size":"","bundle_price":[],"bundled_items":[],"bundle_sell_ids":[],"group_of_quantity":0,"min_quantity":0,"max_quantity":"","exclude_order_quantity_value_rules":"no","exclude_category_quantity_rules":"no","combine_variations":"no","jetpack_sharing_enabled":true,"jetpack_likes_enabled":true,"_links":{"self":[{"href":"https:\/\/watchdeluxe.it\/es\/wp-json\/wp\/v2\/product\/133016","targetHints":{"allow":["GET"]}}],"collection":[{"href":"https:\/\/watchdeluxe.it\/es\/wp-json\/wp\/v2\/product"}],"about":[{"href":"https:\/\/watchdeluxe.it\/es\/wp-json\/wp\/v2\/types\/product"}],"wp:featuredmedia":[{"embeddable":true,"href":"https:\/\/watchdeluxe.it\/es\/wp-json\/wp\/v2\/media\/133017"}],"wp:attachment":[{"href":"https:\/\/watchdeluxe.it\/es\/wp-json\/wp\/v2\/media?parent=133016"}],"wp:term":[{"taxonomy":"product_brand","embeddable":true,"href":"https:\/\/watchdeluxe.it\/es\/wp-json\/wp\/v2\/product_brand?post=133016"},{"taxonomy":"product_cat","embeddable":true,"href":"https:\/\/watchdeluxe.it\/es\/wp-json\/wp\/v2\/product_cat?post=133016"},{"taxonomy":"product_tag","embeddable":true,"href":"https:\/\/watchdeluxe.it\/es\/wp-json\/wp\/v2\/product_tag?post=133016"},{"taxonomy":"berocket_brand","embeddable":true,"href":"https:\/\/watchdeluxe.it\/es\/wp-json\/wp\/v2\/berocket_brand?post=133016"},{"taxonomy":"woo-feed-brand","embeddable":true,"href":"https:\/\/watchdeluxe.it\/es\/wp-json\/wp\/v2\/woo-feed-brand?post=133016"}],"curies":[{"name":"wp","href":"https:\/\/api.w.org\/{rel}","templated":true}]}}