{"id":132619,"date":"2026-01-26T16:52:15","date_gmt":"2026-01-26T15:52:15","guid":{"rendered":"https:\/\/watchdeluxe.it\/prodotto\/tag-heuer-formula-1-senna-ref-caz201d-ba0633\/"},"modified":"2026-01-26T16:52:15","modified_gmt":"2026-01-26T15:52:15","slug":"tag-heuer-formula-1-senna-ref-caz201d-ba0633","status":"publish","type":"product","link":"https:\/\/watchdeluxe.it\/es\/prodotto\/tag-heuer-formula-1-senna-ref-caz201d-ba0633\/","title":{"rendered":"Tag Heuer F\u00f3rmula 1 Senna ref. CAZ201D.BA0633"},"content":{"rendered":"<p>Tag Heuer F\u00f3rmula 1 Senna ref. CAZ201D.BA0633<\/p>\n<div class=\"col-12 col-lg-6\">\n<p> <span class=\"spec-title\"> Tama\u00f1o <\/span> <span class=\"spec-value\"> 44 mm <\/span> <\/p>\n<\/div>\n<div class=\"col-12 col-lg-6\">\n<p> <span class=\"spec-title\"> Resistencia al agua <\/span> <span class=\"spec-value\"> 200 m <\/span> <\/p>\n<\/div>\n<div class=\"col-12 col-lg-6\">\n<p> <span class=\"spec-title\"> Cuerpo de la caja <\/span> <span class=\"spec-value\"> Acero Acabado satinado\/pulido <\/span> <\/p>\n<\/div>\n<div class=\"col-12 col-lg-6\">\n<p> <span class=\"spec-title\"> Bisel <\/span> <span class=\"spec-value\"> Bisel fijo Cer\u00e1mica <\/span> <\/p>\n<\/div>\n<div class=\"col-12 col-lg-6\">\n<p> <span class=\"spec-title\"> Volver <\/span> <span class=\"spec-value\"> Acero <\/span> <\/p>\n<div class=\"col-12 col-lg-6\">\n<p> <span class=\"spec-title\"> Calibre <\/span> <span class=\"spec-value\"> Calibre 16 Autom\u00e1tico <\/span> <\/p>\n<\/div>\n<div class=\"col-12 col-lg-6\">\n<p> <span class=\"spec-title\"> Movimiento <\/span> <span class=\"spec-value\"> Cron\u00f3grafo autom\u00e1tico <\/span> <\/p>\n<\/div>\n<div class=\"col-12 col-lg-6\">\n<p> <span class=\"spec-title\"> Reserva de marcha (horas) <\/span> <span class=\"spec-value\"> 42 <\/span> <\/p>\n<\/div>\n<div class=\"col-12 col-lg-6\">\n<p> <span class=\"spec-title\"> Frecuencia del balanc\u00edn <\/span> <span class=\"spec-value\"> 28&#8217;800 (4 Hz) <\/span> <\/p>\n<\/div>\n<div class=\"col-12 col-lg-6\">\n<p> <span class=\"spec-title\"> Funciones <\/span> <span class=\"spec-value\"> Horas, minutos, cron\u00f3grafo: 1\/4 de segundo, contador de 30 minutos, contador de 12 horas, fecha <\/span> <\/p>\n<\/div>\n<\/div>\n","protected":false},"excerpt":{"rendered":"<p>Tag Heuer F\u00f3rmula 1 Senna ref. CAZ201D.BA0633 Tama\u00f1o 44 mm Resistencia al agua 200 m Cuerpo de la caja Acero Acabado satinado\/pulido Bisel Bisel fijo Cer\u00e1mica Volver Acero Calibre Calibre 16 Autom\u00e1tico Movimiento Cron\u00f3grafo autom\u00e1tico Reserva de marcha (horas) 42 Frecuencia del balanc\u00edn 28&#8217;800 (4 Hz) Funciones Horas, minutos, cron\u00f3grafo: 1\/4 de segundo, contador de [&hellip;]<\/p>\n","protected":false},"featured_media":65722,"template":"","meta":{"_crdt_document":"","advanced_seo_description":"","jetpack_seo_html_title":"","jetpack_seo_noindex":false},"product_brand":[],"product_cat":[1920],"product_tag":[4179],"berocket_brand":[],"woo-feed-brand":[],"class_list":{"0":"post-132619","1":"product","2":"type-product","3":"status-publish","4":"has-post-thumbnail","6":"product_cat-tag-heuer","7":"product_tag-formula-1-2","9":"first","10":"outofstock","11":"sale","12":"taxable","13":"shipping-taxable","14":"purchasable","15":"product-type-simple"},"bundled_by":[],"bundle_stock_status":"outofstock","bundle_stock_quantity":0,"bundle_virtual":false,"bundle_layout":"","bundle_add_to_cart_form_location":"","bundle_editable_in_cart":false,"bundle_sold_individually_context":"","bundle_item_grouping":"","bundle_min_size":"","bundle_max_size":"","bundle_price":[],"bundled_items":[],"bundle_sell_ids":[],"group_of_quantity":0,"min_quantity":0,"max_quantity":"","exclude_order_quantity_value_rules":"no","exclude_category_quantity_rules":"no","combine_variations":"no","jetpack_sharing_enabled":true,"jetpack_likes_enabled":true,"_links":{"self":[{"href":"https:\/\/watchdeluxe.it\/es\/wp-json\/wp\/v2\/product\/132619","targetHints":{"allow":["GET"]}}],"collection":[{"href":"https:\/\/watchdeluxe.it\/es\/wp-json\/wp\/v2\/product"}],"about":[{"href":"https:\/\/watchdeluxe.it\/es\/wp-json\/wp\/v2\/types\/product"}],"wp:featuredmedia":[{"embeddable":true,"href":"https:\/\/watchdeluxe.it\/es\/wp-json\/wp\/v2\/media\/65722"}],"wp:attachment":[{"href":"https:\/\/watchdeluxe.it\/es\/wp-json\/wp\/v2\/media?parent=132619"}],"wp:term":[{"taxonomy":"product_brand","embeddable":true,"href":"https:\/\/watchdeluxe.it\/es\/wp-json\/wp\/v2\/product_brand?post=132619"},{"taxonomy":"product_cat","embeddable":true,"href":"https:\/\/watchdeluxe.it\/es\/wp-json\/wp\/v2\/product_cat?post=132619"},{"taxonomy":"product_tag","embeddable":true,"href":"https:\/\/watchdeluxe.it\/es\/wp-json\/wp\/v2\/product_tag?post=132619"},{"taxonomy":"berocket_brand","embeddable":true,"href":"https:\/\/watchdeluxe.it\/es\/wp-json\/wp\/v2\/berocket_brand?post=132619"},{"taxonomy":"woo-feed-brand","embeddable":true,"href":"https:\/\/watchdeluxe.it\/es\/wp-json\/wp\/v2\/woo-feed-brand?post=132619"}],"curies":[{"name":"wp","href":"https:\/\/api.w.org\/{rel}","templated":true}]}}