{"id":125955,"date":"2025-11-18T17:03:51","date_gmt":"2025-11-18T16:03:51","guid":{"rendered":"https:\/\/watchdeluxe.it\/prodotto\/hamilton-khaki-aviation-x-wind-day-date-auto-ref-h77735560\/"},"modified":"2025-11-18T17:03:51","modified_gmt":"2025-11-18T16:03:51","slug":"hamilton-khaki-aviation-x-wind-day-date-auto-ref-h77735560","status":"publish","type":"product","link":"https:\/\/watchdeluxe.it\/es\/prodotto\/hamilton-khaki-aviation-x-wind-day-date-auto-ref-h77735560\/","title":{"rendered":"Hamilton Khaki Aviation X-Wind Day Date Auto ref. H77735560"},"content":{"rendered":"<p>Hamilton Khaki Aviation X-Wind Day Date Auto ref. H77735560<\/p>\n<p data-end=\"229\" data-start=\"195\"><strong data-end=\"208\" data-start=\"195\">Movimiento<\/strong>: autom\u00e1tico<\/p>\n<p data-end=\"269\" data-start=\"232\"><strong data-end=\"253\" data-start=\"232\">Funciones del reloj<\/strong>: Fecha, D\u00eda<\/p>\n<p data-end=\"299\" data-start=\"272\"><strong data-end=\"290\" data-start=\"272\">Di\u00e1metro de la caja<\/strong>: 45 mm<\/p>\n<p data-end=\"331\" data-start=\"302\"><strong data-end=\"320\" data-start=\"302\">Grosor de la caja<\/strong>: 12,8 mm<\/p>\n<p data-end=\"363\" data-start=\"334\"><strong data-end=\"354\" data-start=\"334\">Color de la esfera<\/strong>: Verde<\/p>\n<p data-end=\"396\" data-start=\"366\"><strong data-end=\"385\" data-start=\"366\">Material de la caja<\/strong>: Acero<\/p>\n<p data-end=\"419\" data-start=\"399\"><strong data-end=\"408\" data-start=\"399\">Cristal<\/strong>: Zafiro<\/p>\n<p data-end=\"449\" data-start=\"422\"><strong data-end=\"440\" data-start=\"422\">Ancho del bucle<\/strong>: 22 mm<\/p>\n<p data-end=\"483\" data-start=\"452\"><strong data-end=\"473\" data-start=\"452\">Reserva de marcha<\/strong>: 80 horas<\/p>\n<p data-end=\"517\" data-start=\"486\"><strong data-end=\"495\" data-start=\"486\">Estado<\/strong>: Colecci\u00f3n actual<\/p>\n<p data-end=\"556\" data-start=\"520\"><strong data-end=\"538\" data-start=\"520\">Resistencia al agua<\/strong>: 10 bares (100 m)<\/p>\n<p data-end=\"593\" data-start=\"559\"><strong data-end=\"587\" data-start=\"559\">Tratamiento antirreflejos<\/strong>: S\u00ed<\/p>\n<p data-end=\"622\" data-start=\"596\"><strong data-end=\"616\" data-start=\"596\">Dorso visible<\/strong>: S\u00ed<\/p>\n<p data-end=\"648\" data-start=\"625\"><strong data-end=\"642\" data-start=\"625\">Corona atornillada<\/strong>: S\u00ed<\/p>\n<p data-end=\"670\" data-start=\"651\"><strong data-end=\"664\" data-start=\"651\">Nivachron<\/strong>: S\u00ed<\/p>\n<p data-end=\"697\" data-start=\"673\"><strong data-end=\"691\" data-start=\"673\">Super-Luminova<\/strong>: S\u00ed<\/p>\n<p data-end=\"738\" data-start=\"700\"><strong data-end=\"723\" data-start=\"700\">Referencia de la correa<\/strong>: H6007761031<\/p>\n<p data-end=\"779\" data-start=\"741\"><strong data-end=\"759\" data-start=\"741\">Tipo de correa<\/strong>: Piel de becerro<\/p>\n<p data-end=\"809\" data-start=\"782\"><strong data-end=\"797\" data-start=\"782\">Tipo de hebilla<\/strong>: Hebilla en H<\/p>\n<p data-end=\"841\" data-start=\"812\"><strong data-end=\"832\" data-start=\"812\">Ancho de la hebilla<\/strong>: 22 mm<\/p>\n<h4>H-30<\/h4>\n<ul>\n<li>Cuerda autom\u00e1tica &#8211; Tres agujas &#8211; Funci\u00f3n de d\u00eda y fecha &#8211; Reserva de marcha prolongada de 80 horas &#8211; Movimiento decorado en algunos modelos<\/li>\n<\/ul>\n","protected":false},"excerpt":{"rendered":"<p>Hamilton Khaki Aviation X-Wind Day Date Auto ref. H77735560 Movimiento: autom\u00e1tico Funciones del reloj: Fecha, D\u00eda Di\u00e1metro de la caja: 45 mm Grosor de la caja: 12,8 mm Color de la esfera: Verde Material de la caja: Acero Cristal: Zafiro Ancho del bucle: 22 mm Reserva de marcha: 80 horas Estado: Colecci\u00f3n actual Resistencia al [&hellip;]<\/p>\n","protected":false},"featured_media":125956,"template":"","meta":{"_crdt_document":"","advanced_seo_description":"","jetpack_seo_html_title":"","jetpack_seo_noindex":false},"product_brand":[],"product_cat":[1915],"product_tag":[1387],"berocket_brand":[],"woo-feed-brand":[],"class_list":{"0":"post-125955","1":"product","2":"type-product","3":"status-publish","4":"has-post-thumbnail","6":"product_cat-hamilton","7":"product_tag-khaki","9":"first","10":"instock","11":"sale","12":"taxable","13":"shipping-taxable","14":"purchasable","15":"product-type-simple"},"bundled_by":[],"bundle_stock_status":"instock","bundle_stock_quantity":1,"bundle_virtual":false,"bundle_layout":"","bundle_add_to_cart_form_location":"","bundle_editable_in_cart":false,"bundle_sold_individually_context":"","bundle_item_grouping":"","bundle_min_size":"","bundle_max_size":"","bundle_price":[],"bundled_items":[],"bundle_sell_ids":[],"group_of_quantity":0,"min_quantity":0,"max_quantity":"","exclude_order_quantity_value_rules":"no","exclude_category_quantity_rules":"no","combine_variations":"no","jetpack_sharing_enabled":true,"jetpack_likes_enabled":true,"_links":{"self":[{"href":"https:\/\/watchdeluxe.it\/es\/wp-json\/wp\/v2\/product\/125955","targetHints":{"allow":["GET"]}}],"collection":[{"href":"https:\/\/watchdeluxe.it\/es\/wp-json\/wp\/v2\/product"}],"about":[{"href":"https:\/\/watchdeluxe.it\/es\/wp-json\/wp\/v2\/types\/product"}],"wp:featuredmedia":[{"embeddable":true,"href":"https:\/\/watchdeluxe.it\/es\/wp-json\/wp\/v2\/media\/125956"}],"wp:attachment":[{"href":"https:\/\/watchdeluxe.it\/es\/wp-json\/wp\/v2\/media?parent=125955"}],"wp:term":[{"taxonomy":"product_brand","embeddable":true,"href":"https:\/\/watchdeluxe.it\/es\/wp-json\/wp\/v2\/product_brand?post=125955"},{"taxonomy":"product_cat","embeddable":true,"href":"https:\/\/watchdeluxe.it\/es\/wp-json\/wp\/v2\/product_cat?post=125955"},{"taxonomy":"product_tag","embeddable":true,"href":"https:\/\/watchdeluxe.it\/es\/wp-json\/wp\/v2\/product_tag?post=125955"},{"taxonomy":"berocket_brand","embeddable":true,"href":"https:\/\/watchdeluxe.it\/es\/wp-json\/wp\/v2\/berocket_brand?post=125955"},{"taxonomy":"woo-feed-brand","embeddable":true,"href":"https:\/\/watchdeluxe.it\/es\/wp-json\/wp\/v2\/woo-feed-brand?post=125955"}],"curies":[{"name":"wp","href":"https:\/\/api.w.org\/{rel}","templated":true}]}}