{"id":125899,"date":"2025-11-18T16:45:39","date_gmt":"2025-11-18T15:45:39","guid":{"rendered":"https:\/\/watchdeluxe.it\/prodotto\/tag-heuer-carrera-fecha-dia-ref-wda2115-ba0043\/"},"modified":"2026-04-10T16:44:09","modified_gmt":"2026-04-10T14:44:09","slug":"tag-heuer-carrera-fecha-dia-ref-wda2115-ba0043","status":"publish","type":"product","link":"https:\/\/watchdeluxe.it\/es\/prodotto\/tag-heuer-carrera-fecha-dia-ref-wda2115-ba0043\/","title":{"rendered":"Tag Heuer Carrera Day-Date ref. WDA2115.BA0043"},"content":{"rendered":"<p>Tag Heuer Carrera Day-Date ref. WDA2115.BA0043<\/p>\n<div class=\"row\">\n<div class=\"col-5 col-lg-4\">Colecci\u00f3n Tag Heuer Carrera<\/div>\n<\/div>\n<div class=\"row\">\n<div class=\"col-5 col-lg-4\">Tipo S\u00f3lo tiempo<\/div>\n<\/div>\n<div class=\"row\">\n<div class=\"col-5 col-lg-4\">Movimiento autom\u00e1tico<\/div>\n<\/div>\n<div class=\"row\">\n<div class=\"col-5 col-lg-4\">Dimensiones de la caja \u00d8 41 MM<\/div>\n<\/div>\n<div class=\"row\">\n<div class=\"col-5 col-lg-4\">Material Acero<\/div>\n<\/div>\n<div class=\"row\">\n<div class=\"col-5 col-lg-4\">Correa de acero<\/div>\n<\/div>\n<div class=\"row\">\n<div class=\"col-5 col-lg-4\">Resistencia al agua 10 ATM<\/div>\n<\/div>\n<div class=\"row\">\n<div class=\"col-5 col-lg-4\">Dial verde<\/div>\n<\/div>\n<div class=\"row\">\n<div class=\"col-5 col-lg-4\">Cristal de zafiro<\/div>\n<\/div>\n<div class=\"row\">\n<div class=\"col-5 col-lg-4\">Cierre plegable<\/div>\n<\/div>\n<div class=\"row\">\n<div class=\"col-7 col-lg-8\"><\/div>\n<\/div>\n","protected":false},"excerpt":{"rendered":"<p>Tag Heuer Carrera Day-Date ref. WDA2115.BA0043 Colecci\u00f3n Tag Heuer Carrera Tipo S\u00f3lo tiempo Movimiento autom\u00e1tico Dimensiones de la caja \u00d8 41 MM Material Acero Correa de acero Resistencia al agua 10 ATM Dial verde Cristal de zafiro Cierre plegable<\/p>\n","protected":false},"featured_media":125898,"template":"","meta":{"_crdt_document":"","advanced_seo_description":"","jetpack_seo_html_title":"","jetpack_seo_noindex":false},"product_brand":[],"product_cat":[1920],"product_tag":[3738],"berocket_brand":[],"woo-feed-brand":[],"class_list":{"0":"post-125899","1":"product","2":"type-product","3":"status-publish","4":"has-post-thumbnail","6":"product_cat-tag-heuer","7":"product_tag-carrera-2","9":"first","10":"instock","11":"sale","12":"taxable","13":"shipping-taxable","14":"purchasable","15":"product-type-simple"},"bundled_by":[],"bundle_stock_status":"instock","bundle_stock_quantity":1,"bundle_virtual":false,"bundle_layout":"","bundle_add_to_cart_form_location":"","bundle_editable_in_cart":false,"bundle_sold_individually_context":"","bundle_item_grouping":"","bundle_min_size":"","bundle_max_size":"","bundle_price":[],"bundled_items":[],"bundle_sell_ids":[],"group_of_quantity":0,"min_quantity":0,"max_quantity":"","exclude_order_quantity_value_rules":"no","exclude_category_quantity_rules":"no","combine_variations":"no","jetpack_sharing_enabled":true,"jetpack_likes_enabled":true,"_links":{"self":[{"href":"https:\/\/watchdeluxe.it\/es\/wp-json\/wp\/v2\/product\/125899","targetHints":{"allow":["GET"]}}],"collection":[{"href":"https:\/\/watchdeluxe.it\/es\/wp-json\/wp\/v2\/product"}],"about":[{"href":"https:\/\/watchdeluxe.it\/es\/wp-json\/wp\/v2\/types\/product"}],"wp:featuredmedia":[{"embeddable":true,"href":"https:\/\/watchdeluxe.it\/es\/wp-json\/wp\/v2\/media\/125898"}],"wp:attachment":[{"href":"https:\/\/watchdeluxe.it\/es\/wp-json\/wp\/v2\/media?parent=125899"}],"wp:term":[{"taxonomy":"product_brand","embeddable":true,"href":"https:\/\/watchdeluxe.it\/es\/wp-json\/wp\/v2\/product_brand?post=125899"},{"taxonomy":"product_cat","embeddable":true,"href":"https:\/\/watchdeluxe.it\/es\/wp-json\/wp\/v2\/product_cat?post=125899"},{"taxonomy":"product_tag","embeddable":true,"href":"https:\/\/watchdeluxe.it\/es\/wp-json\/wp\/v2\/product_tag?post=125899"},{"taxonomy":"berocket_brand","embeddable":true,"href":"https:\/\/watchdeluxe.it\/es\/wp-json\/wp\/v2\/berocket_brand?post=125899"},{"taxonomy":"woo-feed-brand","embeddable":true,"href":"https:\/\/watchdeluxe.it\/es\/wp-json\/wp\/v2\/woo-feed-brand?post=125899"}],"curies":[{"name":"wp","href":"https:\/\/api.w.org\/{rel}","templated":true}]}}