{"id":125859,"date":"2026-01-26T17:04:42","date_gmt":"2026-01-26T16:04:42","guid":{"rendered":"https:\/\/watchdeluxe.it\/prodotto\/omega-speedmaster-lado-oscuro-de-la-luna-ref-310-92-44-51-01-002\/"},"modified":"2026-01-26T17:04:44","modified_gmt":"2026-01-26T16:04:44","slug":"omega-speedmaster-lado-oscuro-de-la-luna-ref-310-92-44-51-01-002","status":"publish","type":"product","link":"https:\/\/watchdeluxe.it\/es\/prodotto\/omega-speedmaster-lado-oscuro-de-la-luna-ref-310-92-44-51-01-002\/","title":{"rendered":"Omega Speedmaster Lado Oscuro de la Luna ref. 310.92.44.51.01.002"},"content":{"rendered":"<p>Omega Speedmaster Lado Oscuro de la Luna ref. 310.92.44.51.01.002<\/p>\n<p><b>Movimiento:<\/b> autom\u00e1tico<br \/>\n<b>Reserva de marcha:<\/b> 60 horas<br \/>\n<b>Esfera:<\/b> Negra<br \/>\n<b>Indicadores:<\/b> n\u00fameros ar\u00e1bigos e \u00edndices<br \/>\n<b>Caja:<\/b> Cer\u00e1mica negra<br \/>\n<b>Tama\u00f1o:<\/b> 44,25 mm<br \/>\n<b>Brazalete\/Correa:<\/b> Nylon negro<br \/>\n<b>Resistencia al agua:<\/b> 50 metros<br \/>\n<b>Cristal: cristal de<\/b> zafiro resistente a los ara\u00f1azos con tratamiento antirreflejos en ambas caras<\/p>\n","protected":false},"excerpt":{"rendered":"<p>Omega Speedmaster Lado Oscuro de la Luna ref. 310.92.44.51.01.002 Movimiento: autom\u00e1tico Reserva de marcha: 60 horas Esfera: Negra Indicadores: n\u00fameros ar\u00e1bigos e \u00edndices Caja: Cer\u00e1mica negra Tama\u00f1o: 44,25 mm Brazalete\/Correa: Nylon negro Resistencia al agua: 50 metros Cristal: cristal de zafiro resistente a los ara\u00f1azos con tratamiento antirreflejos en ambas caras<\/p>\n","protected":false},"featured_media":125860,"template":"","meta":{"_crdt_document":"","advanced_seo_description":"","jetpack_seo_html_title":"","jetpack_seo_noindex":false},"product_brand":[2155],"product_cat":[2276],"product_tag":[2297],"berocket_brand":[],"woo-feed-brand":[],"class_list":{"0":"post-125859","1":"product","2":"type-product","3":"status-publish","4":"has-post-thumbnail","6":"product_brand-omega","7":"product_cat-omega-es","8":"product_tag-speedmaster-es","10":"first","11":"instock","12":"sale","13":"taxable","14":"shipping-taxable","15":"purchasable","16":"product-type-simple"},"bundled_by":[],"bundle_stock_status":"instock","bundle_stock_quantity":1,"bundle_virtual":false,"bundle_layout":"","bundle_add_to_cart_form_location":"","bundle_editable_in_cart":false,"bundle_sold_individually_context":"","bundle_item_grouping":"","bundle_min_size":"","bundle_max_size":"","bundle_price":[],"bundled_items":[],"bundle_sell_ids":[],"group_of_quantity":0,"min_quantity":0,"max_quantity":"","exclude_order_quantity_value_rules":"no","exclude_category_quantity_rules":"no","combine_variations":"no","jetpack_sharing_enabled":true,"jetpack_likes_enabled":true,"_links":{"self":[{"href":"https:\/\/watchdeluxe.it\/es\/wp-json\/wp\/v2\/product\/125859","targetHints":{"allow":["GET"]}}],"collection":[{"href":"https:\/\/watchdeluxe.it\/es\/wp-json\/wp\/v2\/product"}],"about":[{"href":"https:\/\/watchdeluxe.it\/es\/wp-json\/wp\/v2\/types\/product"}],"wp:featuredmedia":[{"embeddable":true,"href":"https:\/\/watchdeluxe.it\/es\/wp-json\/wp\/v2\/media\/125860"}],"wp:attachment":[{"href":"https:\/\/watchdeluxe.it\/es\/wp-json\/wp\/v2\/media?parent=125859"}],"wp:term":[{"taxonomy":"product_brand","embeddable":true,"href":"https:\/\/watchdeluxe.it\/es\/wp-json\/wp\/v2\/product_brand?post=125859"},{"taxonomy":"product_cat","embeddable":true,"href":"https:\/\/watchdeluxe.it\/es\/wp-json\/wp\/v2\/product_cat?post=125859"},{"taxonomy":"product_tag","embeddable":true,"href":"https:\/\/watchdeluxe.it\/es\/wp-json\/wp\/v2\/product_tag?post=125859"},{"taxonomy":"berocket_brand","embeddable":true,"href":"https:\/\/watchdeluxe.it\/es\/wp-json\/wp\/v2\/berocket_brand?post=125859"},{"taxonomy":"woo-feed-brand","embeddable":true,"href":"https:\/\/watchdeluxe.it\/es\/wp-json\/wp\/v2\/woo-feed-brand?post=125859"}],"curies":[{"name":"wp","href":"https:\/\/api.w.org\/{rel}","templated":true}]}}