{"id":125794,"date":"2025-11-18T15:51:00","date_gmt":"2025-11-18T14:51:00","guid":{"rendered":"https:\/\/watchdeluxe.it\/prodotto\/cronografo-breitling-navitimer-ref-ab0139211b1p1\/"},"modified":"2025-11-18T15:51:00","modified_gmt":"2025-11-18T14:51:00","slug":"cronografo-breitling-navitimer-ref-ab0139211b1p1","status":"publish","type":"product","link":"https:\/\/watchdeluxe.it\/es\/prodotto\/cronografo-breitling-navitimer-ref-ab0139211b1p1\/","title":{"rendered":"Cron\u00f3grafo Breitling Navitimer ref. AB0139211B1P1"},"content":{"rendered":"<p>Cron\u00f3grafo Breitling Navitimer ref. AB0139211B1P1<\/p>\n<div class=\"sc-59f902fd-0 kSDZnm sc-775239fa-2 gyncjb\" data-test-id=\"Section\">\n<div class=\"sc-59f902fd-0 kSDZnm sc-32f8a63d-0 iKoONW sc-775239fa-5 joBhIr\" data-test-id=\"NameValueWrapper-0\">\n<p class=\"sc-59f902fd-0 kSDZnm sc-99f1fd2f-0 NUQxh sc-775239fa-6 jrKSrx\" data-test-id=\"Name-0\">Breitling Calibre 01 (Fabricaci\u00f3n)<\/p>\n<\/div>\n<div class=\"sc-59f902fd-0 kSDZnm sc-32f8a63d-0 iKoONW sc-775239fa-5 joBhIr\" data-test-id=\"NameValueWrapper-1\">\n<p class=\"sc-59f902fd-0 kSDZnm sc-99f1fd2f-0 NUQxh sc-775239fa-6 jrKSrx\" data-test-id=\"Name-1\">Movimiento Mec\u00e1nico de cuerda autom\u00e1tica<\/p>\n<\/div>\n<div class=\"sc-59f902fd-0 kSDZnm sc-32f8a63d-0 iKoONW sc-775239fa-5 joBhIr\" data-test-id=\"NameValueWrapper-2\">\n<p class=\"sc-59f902fd-0 kSDZnm sc-99f1fd2f-0 NUQxh sc-775239fa-6 jrKSrx\" data-test-id=\"Name-2\">Reserva de energ\u00eda Aprox. 70 horas<\/p>\n<\/div>\n<div class=\"sc-59f902fd-0 kSDZnm sc-32f8a63d-0 iKoONW sc-775239fa-5 joBhIr\" data-test-id=\"NameValueWrapper-3\">\n<p class=\"sc-59f902fd-0 kSDZnm sc-99f1fd2f-0 NUQxh sc-775239fa-6 jrKSrx\" data-test-id=\"Name-3\">Cron\u00f3grafo \u00bc segundo, 30 minutos, 12 horas<\/p>\n<\/div>\n<div class=\"sc-59f902fd-0 kSDZnm sc-32f8a63d-0 iKoONW sc-775239fa-5 joBhIr\" data-test-id=\"NameValueWrapper-4\">\n<p class=\"sc-59f902fd-0 kSDZnm sc-99f1fd2f-0 NUQxh sc-775239fa-6 jrKSrx\" data-test-id=\"Name-4\">Vibraci\u00f3n 28 800 a\/h<\/p>\n<\/div>\n<div class=\"sc-59f902fd-0 kSDZnm sc-32f8a63d-0 iKoONW sc-775239fa-5 joBhIr\" data-test-id=\"NameValueWrapper-5\">\n<p class=\"sc-59f902fd-0 kSDZnm sc-99f1fd2f-0 NUQxh sc-775239fa-6 jrKSrx\" data-test-id=\"Name-5\">Joya 47 rub\u00edes<\/p>\n<\/div>\n<div class=\"sc-59f902fd-0 kSDZnm sc-32f8a63d-0 iKoONW sc-775239fa-5 joBhIr\" data-test-id=\"NameValueWrapper-6\">\n<p class=\"sc-59f902fd-0 kSDZnm sc-99f1fd2f-0 NUQxh sc-775239fa-6 jrKSrx\" data-test-id=\"Name-6\">Calendario Una ventana en la esfera<\/p>\n<\/div>\n<\/div>\n<div class=\"sc-59f902fd-0 kSDZnm sc-775239fa-2 gyncjb\" data-test-id=\"Section\">\n<p class=\"sc-59f902fd-0 kSDZnm sc-99f1fd2f-0 NUQxh sc-775239fa-4 fFNCfx\" data-test-id=\"SectionTitle\">\n<div class=\"sc-59f902fd-0 kSDZnm sc-32f8a63d-0 iKoONW sc-775239fa-5 joBhIr\" data-test-id=\"NameValueWrapper-0\">\n<p class=\"sc-59f902fd-0 kSDZnm sc-99f1fd2f-0 NUQxh sc-775239fa-6 jrKSrx\" data-test-id=\"Name-0\">Material de la caja Acero inoxidable<\/p>\n<\/div>\n<div class=\"sc-59f902fd-0 kSDZnm sc-32f8a63d-0 iKoONW sc-775239fa-5 joBhIr\" data-test-id=\"NameValueWrapper-1\">\n<p class=\"sc-59f902fd-0 kSDZnm sc-99f1fd2f-0 NUQxh sc-775239fa-6 jrKSrx\" data-test-id=\"Name-1\">Parte trasera atornillada (cristal de zafiro)<\/p>\n<\/div>\n<div class=\"sc-59f902fd-0 kSDZnm sc-32f8a63d-0 iKoONW sc-775239fa-5 joBhIr\" data-test-id=\"NameValueWrapper-2\">\n<p class=\"sc-59f902fd-0 kSDZnm sc-99f1fd2f-0 NUQxh sc-775239fa-6 jrKSrx\" data-test-id=\"Name-2\">Resistencia al agua 3 bares (30 m \/33 pies)<\/p>\n<\/div>\n<\/div>\n<div class=\"sc-59f902fd-0 kSDZnm sc-775239fa-2 gyncjb\" data-test-id=\"Section\">\n<div class=\"sc-59f902fd-0 kSDZnm sc-32f8a63d-0 iKoONW sc-775239fa-5 joBhIr\" data-test-id=\"NameValueWrapper-3\">\n<p class=\"sc-59f902fd-0 kSDZnm sc-99f1fd2f-0 NUQxh sc-775239fa-6 jrKSrx\" data-test-id=\"Name-3\">Bisel bidireccional, regla de c\u00e1lculo<\/p>\n<\/div>\n<div class=\"sc-59f902fd-0 kSDZnm sc-32f8a63d-0 iKoONW sc-775239fa-5 joBhIr\" data-test-id=\"NameValueWrapper-4\">\n<p class=\"sc-59f902fd-0 kSDZnm sc-99f1fd2f-0 NUQxh sc-775239fa-6 jrKSrx\" data-test-id=\"Name-4\">Corona no atornillada, dos articulaciones<\/p>\n<\/div>\n<div class=\"sc-59f902fd-0 kSDZnm sc-32f8a63d-0 iKoONW sc-775239fa-5 joBhIr\" data-test-id=\"NameValueWrapper-5\">\n<p class=\"sc-59f902fd-0 kSDZnm sc-99f1fd2f-0 NUQxh sc-775239fa-6 jrKSrx\" data-test-id=\"Name-5\">Cristal de zafiro convexo, antirreflejos por ambas caras<\/p>\n<\/div>\n<\/div>\n<div class=\"sc-59f902fd-0 kSDZnm sc-775239fa-2 gyncjb\" data-test-id=\"Section\">\n<p class=\"sc-59f902fd-0 kSDZnm sc-99f1fd2f-0 NUQxh sc-775239fa-4 fFNCfx\" data-test-id=\"SectionTitle\">Dimensiones Di\u00e1metro 41 mm<\/p>\n<div class=\"sc-59f902fd-0 kSDZnm sc-32f8a63d-0 iKoONW sc-775239fa-5 joBhIr\" data-test-id=\"NameValueWrapper-3\">\n<p class=\"sc-59f902fd-0 kSDZnm sc-99f1fd2f-0 NUQxh sc-775239fa-6 jrKSrx\" data-test-id=\"Name-3\">Espesor 13,6 mm<\/p>\n<\/div>\n<div class=\"sc-59f902fd-0 kSDZnm sc-32f8a63d-0 iKoONW sc-775239fa-5 joBhIr\" data-test-id=\"NameValueWrapper-4\"><\/div>\n<\/div>\n<div class=\"sc-59f902fd-0 kSDZnm sc-775239fa-2 gyncjb\" data-test-id=\"Section\">\n<p class=\"sc-59f902fd-0 kSDZnm sc-99f1fd2f-0 NUQxh sc-775239fa-4 fFNCfx\" data-test-id=\"SectionTitle\">Material de la correa Piel de cocodrilo<\/p>\n<div class=\"sc-59f902fd-0 kSDZnm sc-32f8a63d-0 iKoONW sc-775239fa-5 joBhIr\" data-test-id=\"NameValueWrapper-1\">\n<p class=\"sc-59f902fd-0 kSDZnm sc-99f1fd2f-0 NUQxh sc-775239fa-6 jrKSrx\" data-test-id=\"Name-1\">Color de la correa Negro<\/p>\n<\/div>\n<div class=\"sc-59f902fd-0 kSDZnm sc-32f8a63d-0 iKoONW sc-775239fa-5 joBhIr\" data-test-id=\"NameValueWrapper-2\"><\/div>\n<div class=\"sc-59f902fd-0 kSDZnm sc-32f8a63d-0 iKoONW sc-775239fa-5 joBhIr\" data-test-id=\"NameValueWrapper-4\">\n<p class=\"sc-59f902fd-0 kSDZnm sc-99f1fd2f-0 NUQxh sc-775239fa-6 jrKSrx\" data-test-id=\"Name-4\">Material de la hebilla Acero inoxidable<\/p>\n<\/div>\n<div class=\"sc-59f902fd-0 kSDZnm sc-32f8a63d-0 iKoONW sc-775239fa-5 joBhIr\" data-test-id=\"NameValueWrapper-5\">\n<p class=\"sc-59f902fd-0 kSDZnm sc-99f1fd2f-0 NUQxh sc-775239fa-6 jrKSrx\" data-test-id=\"Name-5\">Tipo de hebilla Plegable<\/p>\n<\/div>\n<div class=\"sc-59f902fd-0 kSDZnm sc-32f8a63d-0 iKoONW sc-775239fa-5 joBhIr\" data-test-id=\"NameValueWrapper-6\">\n<p class=\"sc-59f902fd-0 kSDZnm sc-99f1fd2f-0 NUQxh sc-775239fa-6 jrKSrx\" data-test-id=\"Name-6\">Tama\u00f1o de la hebilla 18 mm<\/p>\n<\/div>\n<\/div>\n","protected":false},"excerpt":{"rendered":"<p>Cron\u00f3grafo Breitling Navitimer ref. AB0139211B1P1 Breitling Calibre 01 (Fabricaci\u00f3n) Movimiento Mec\u00e1nico de cuerda autom\u00e1tica Reserva de energ\u00eda Aprox. 70 horas Cron\u00f3grafo \u00bc segundo, 30 minutos, 12 horas Vibraci\u00f3n 28 800 a\/h Joya 47 rub\u00edes Calendario Una ventana en la esfera Material de la caja Acero inoxidable Parte trasera atornillada (cristal de zafiro) Resistencia al agua [&hellip;]<\/p>\n","protected":false},"featured_media":125795,"template":"","meta":{"_crdt_document":"","advanced_seo_description":"","jetpack_seo_html_title":"","jetpack_seo_noindex":false},"product_brand":[],"product_cat":[1914],"product_tag":[3720],"berocket_brand":[],"woo-feed-brand":[],"class_list":{"0":"post-125794","1":"product","2":"type-product","3":"status-publish","4":"has-post-thumbnail","6":"product_cat-breitling","7":"product_tag-navitimer","9":"first","10":"instock","11":"sale","12":"taxable","13":"shipping-taxable","14":"purchasable","15":"product-type-simple"},"bundled_by":[],"bundle_stock_status":"instock","bundle_stock_quantity":1,"bundle_virtual":false,"bundle_layout":"","bundle_add_to_cart_form_location":"","bundle_editable_in_cart":false,"bundle_sold_individually_context":"","bundle_item_grouping":"","bundle_min_size":"","bundle_max_size":"","bundle_price":[],"bundled_items":[],"bundle_sell_ids":[],"group_of_quantity":0,"min_quantity":0,"max_quantity":"","exclude_order_quantity_value_rules":"no","exclude_category_quantity_rules":"no","combine_variations":"no","jetpack_sharing_enabled":true,"jetpack_likes_enabled":true,"_links":{"self":[{"href":"https:\/\/watchdeluxe.it\/es\/wp-json\/wp\/v2\/product\/125794","targetHints":{"allow":["GET"]}}],"collection":[{"href":"https:\/\/watchdeluxe.it\/es\/wp-json\/wp\/v2\/product"}],"about":[{"href":"https:\/\/watchdeluxe.it\/es\/wp-json\/wp\/v2\/types\/product"}],"wp:featuredmedia":[{"embeddable":true,"href":"https:\/\/watchdeluxe.it\/es\/wp-json\/wp\/v2\/media\/125795"}],"wp:attachment":[{"href":"https:\/\/watchdeluxe.it\/es\/wp-json\/wp\/v2\/media?parent=125794"}],"wp:term":[{"taxonomy":"product_brand","embeddable":true,"href":"https:\/\/watchdeluxe.it\/es\/wp-json\/wp\/v2\/product_brand?post=125794"},{"taxonomy":"product_cat","embeddable":true,"href":"https:\/\/watchdeluxe.it\/es\/wp-json\/wp\/v2\/product_cat?post=125794"},{"taxonomy":"product_tag","embeddable":true,"href":"https:\/\/watchdeluxe.it\/es\/wp-json\/wp\/v2\/product_tag?post=125794"},{"taxonomy":"berocket_brand","embeddable":true,"href":"https:\/\/watchdeluxe.it\/es\/wp-json\/wp\/v2\/berocket_brand?post=125794"},{"taxonomy":"woo-feed-brand","embeddable":true,"href":"https:\/\/watchdeluxe.it\/es\/wp-json\/wp\/v2\/woo-feed-brand?post=125794"}],"curies":[{"name":"wp","href":"https:\/\/api.w.org\/{rel}","templated":true}]}}