{"id":125642,"date":"2025-11-18T15:03:55","date_gmt":"2025-11-18T14:03:55","guid":{"rendered":"https:\/\/watchdeluxe.it\/prodotto\/hamilton-ventura-edge-esqueleto-ref-h24635330\/"},"modified":"2026-04-10T15:35:04","modified_gmt":"2026-04-10T13:35:04","slug":"hamilton-ventura-edge-esqueleto-ref-h24635330","status":"publish","type":"product","link":"https:\/\/watchdeluxe.it\/es\/prodotto\/hamilton-ventura-edge-esqueleto-ref-h24635330\/","title":{"rendered":"Hamilton Ventura Edge Esqueleto ref. H24635330"},"content":{"rendered":"<p>Hamilton Ventura Edge Esqueleto ref. H24635330<\/p>\n<p>La caja, de 51 x 47 mm, es de acero inoxidable con acabado PVD negro. Tambi\u00e9n lleva cristal de zafiro con tecnolog\u00eda antirreflejos y Nivachron. La distancia entre las asas es de 23 mm. Resistencia al agua garantizada hasta 5 bares\/50 m.<\/p>\n<p>La esfera es negra con el movimiento visible. Tiene las funciones de horas, minutos y segundos. El c\u00edrculo de las horas est\u00e1 formado por \u00edndices aplicados.<\/p>\n<p>La correa es de caucho negro y tambi\u00e9n tiene una hebilla de pasador.<\/p>\n","protected":false},"excerpt":{"rendered":"<p>Hamilton Ventura Edge Esqueleto ref. H24635330 La caja, de 51 x 47 mm, es de acero inoxidable con acabado PVD negro. Tambi\u00e9n lleva cristal de zafiro con tecnolog\u00eda antirreflejos y Nivachron. La distancia entre las asas es de 23 mm. Resistencia al agua garantizada hasta 5 bares\/50 m. La esfera es negra con el movimiento [&hellip;]<\/p>\n","protected":false},"featured_media":167870,"template":"","meta":{"_crdt_document":"","advanced_seo_description":"","jetpack_seo_html_title":"","jetpack_seo_noindex":false},"product_brand":[],"product_cat":[1915],"product_tag":[2780],"berocket_brand":[],"woo-feed-brand":[],"class_list":{"0":"post-125642","1":"product","2":"type-product","3":"status-publish","4":"has-post-thumbnail","6":"product_cat-hamilton","7":"product_tag-ventura-es","9":"first","10":"instock","11":"sale","12":"taxable","13":"shipping-taxable","14":"purchasable","15":"product-type-simple"},"bundled_by":[],"bundle_stock_status":"instock","bundle_stock_quantity":1,"bundle_virtual":false,"bundle_layout":"","bundle_add_to_cart_form_location":"","bundle_editable_in_cart":false,"bundle_sold_individually_context":"","bundle_item_grouping":"","bundle_min_size":"","bundle_max_size":"","bundle_price":[],"bundled_items":[],"bundle_sell_ids":[],"group_of_quantity":0,"min_quantity":0,"max_quantity":"","exclude_order_quantity_value_rules":"no","exclude_category_quantity_rules":"no","combine_variations":"no","jetpack_sharing_enabled":true,"jetpack_likes_enabled":true,"_links":{"self":[{"href":"https:\/\/watchdeluxe.it\/es\/wp-json\/wp\/v2\/product\/125642","targetHints":{"allow":["GET"]}}],"collection":[{"href":"https:\/\/watchdeluxe.it\/es\/wp-json\/wp\/v2\/product"}],"about":[{"href":"https:\/\/watchdeluxe.it\/es\/wp-json\/wp\/v2\/types\/product"}],"wp:featuredmedia":[{"embeddable":true,"href":"https:\/\/watchdeluxe.it\/es\/wp-json\/wp\/v2\/media\/167870"}],"wp:attachment":[{"href":"https:\/\/watchdeluxe.it\/es\/wp-json\/wp\/v2\/media?parent=125642"}],"wp:term":[{"taxonomy":"product_brand","embeddable":true,"href":"https:\/\/watchdeluxe.it\/es\/wp-json\/wp\/v2\/product_brand?post=125642"},{"taxonomy":"product_cat","embeddable":true,"href":"https:\/\/watchdeluxe.it\/es\/wp-json\/wp\/v2\/product_cat?post=125642"},{"taxonomy":"product_tag","embeddable":true,"href":"https:\/\/watchdeluxe.it\/es\/wp-json\/wp\/v2\/product_tag?post=125642"},{"taxonomy":"berocket_brand","embeddable":true,"href":"https:\/\/watchdeluxe.it\/es\/wp-json\/wp\/v2\/berocket_brand?post=125642"},{"taxonomy":"woo-feed-brand","embeddable":true,"href":"https:\/\/watchdeluxe.it\/es\/wp-json\/wp\/v2\/woo-feed-brand?post=125642"}],"curies":[{"name":"wp","href":"https:\/\/api.w.org\/{rel}","templated":true}]}}