{"id":125483,"date":"2026-01-26T17:29:01","date_gmt":"2026-01-26T16:29:01","guid":{"rendered":"https:\/\/watchdeluxe.it\/prodotto\/montblanc-star-legacy-automatico-fecha-42-mm-ref-134359\/"},"modified":"2026-01-26T17:29:03","modified_gmt":"2026-01-26T16:29:03","slug":"montblanc-star-legacy-automatico-fecha-42-mm-ref-134359","status":"publish","type":"product","link":"https:\/\/watchdeluxe.it\/es\/prodotto\/montblanc-star-legacy-automatico-fecha-42-mm-ref-134359\/","title":{"rendered":"Montblanc Star Legacy Autom\u00e1tico Fecha 42 mm ref. 134359"},"content":{"rendered":"<p>Montblanc Star Legacy Autom\u00e1tico Fecha 42 mm ref. 134359<\/p>\n<p><span class=\"T286Pc\" data-sfc-cp=\"\" data-complete=\"true\" data-processed=\"true\">El reloj Montblanc Star Legacy Automatic Date de 42 mm presenta una esfera antracita sombreada con motivo <\/span><em class=\"eujQNb\" data-complete=\"true\" data-processed=\"true\">guilloch\u00e9 de<\/em> estrella, n\u00fameros romanos rodiados y agujas en forma de hoja. Funciona con el movimiento autom\u00e1tico MB 24.17 y tiene el fondo visible. La caja de acero inoxidable tiene un di\u00e1metro de 42 mm y un grosor de 10,6 mm. La correa intercambiable es de piel de becerro antracita. Las funciones incluyen horas, minutos, segundos e indicaci\u00f3n de la fecha.<\/p>\n","protected":false},"excerpt":{"rendered":"<p>Montblanc Star Legacy Autom\u00e1tico Fecha 42 mm ref. 134359 El reloj Montblanc Star Legacy Automatic Date de 42 mm presenta una esfera antracita sombreada con motivo guilloch\u00e9 de estrella, n\u00fameros romanos rodiados y agujas en forma de hoja. Funciona con el movimiento autom\u00e1tico MB 24.17 y tiene el fondo visible. La caja de acero inoxidable [&hellip;]<\/p>\n","protected":false},"featured_media":125472,"template":"","meta":{"_crdt_document":"","advanced_seo_description":"","jetpack_seo_html_title":"","jetpack_seo_noindex":false,"jetpack_post_was_ever_published":true},"product_brand":[1907],"product_cat":[1929],"product_tag":[1616],"berocket_brand":[],"woo-feed-brand":[],"class_list":{"0":"post-125483","1":"product","2":"type-product","3":"status-publish","4":"has-post-thumbnail","6":"product_brand-montblanc","7":"product_cat-montblanc","8":"product_tag-star-legacy","10":"first","11":"instock","12":"sale","13":"taxable","14":"shipping-taxable","15":"purchasable","16":"product-type-simple"},"bundled_by":[],"bundle_stock_status":"instock","bundle_stock_quantity":1,"bundle_virtual":false,"bundle_layout":"","bundle_add_to_cart_form_location":"","bundle_editable_in_cart":false,"bundle_sold_individually_context":"","bundle_item_grouping":"","bundle_min_size":"","bundle_max_size":"","bundle_price":[],"bundled_items":[],"bundle_sell_ids":[],"group_of_quantity":0,"min_quantity":0,"max_quantity":"","exclude_order_quantity_value_rules":"no","exclude_category_quantity_rules":"no","combine_variations":"no","exclude_global_add_ons":[],"addons":[],"jetpack_sharing_enabled":true,"jetpack_likes_enabled":true,"_links":{"self":[{"href":"https:\/\/watchdeluxe.it\/es\/wp-json\/wp\/v2\/product\/125483","targetHints":{"allow":["GET"]}}],"collection":[{"href":"https:\/\/watchdeluxe.it\/es\/wp-json\/wp\/v2\/product"}],"about":[{"href":"https:\/\/watchdeluxe.it\/es\/wp-json\/wp\/v2\/types\/product"}],"wp:featuredmedia":[{"embeddable":true,"href":"https:\/\/watchdeluxe.it\/es\/wp-json\/wp\/v2\/media\/125472"}],"wp:attachment":[{"href":"https:\/\/watchdeluxe.it\/es\/wp-json\/wp\/v2\/media?parent=125483"}],"wp:term":[{"taxonomy":"product_brand","embeddable":true,"href":"https:\/\/watchdeluxe.it\/es\/wp-json\/wp\/v2\/product_brand?post=125483"},{"taxonomy":"product_cat","embeddable":true,"href":"https:\/\/watchdeluxe.it\/es\/wp-json\/wp\/v2\/product_cat?post=125483"},{"taxonomy":"product_tag","embeddable":true,"href":"https:\/\/watchdeluxe.it\/es\/wp-json\/wp\/v2\/product_tag?post=125483"},{"taxonomy":"berocket_brand","embeddable":true,"href":"https:\/\/watchdeluxe.it\/es\/wp-json\/wp\/v2\/berocket_brand?post=125483"},{"taxonomy":"woo-feed-brand","embeddable":true,"href":"https:\/\/watchdeluxe.it\/es\/wp-json\/wp\/v2\/woo-feed-brand?post=125483"}],"curies":[{"name":"wp","href":"https:\/\/api.w.org\/{rel}","templated":true}]}}