{"id":125130,"date":"2025-11-06T10:12:55","date_gmt":"2025-11-06T09:12:55","guid":{"rendered":"https:\/\/watchdeluxe.it\/prodotto\/folio-de-papel-digital-montblanc-ref-135039\/"},"modified":"2025-11-06T10:12:55","modified_gmt":"2025-11-06T09:12:55","slug":"folio-de-papel-digital-montblanc-ref-135039","status":"publish","type":"product","link":"https:\/\/watchdeluxe.it\/es\/prodotto\/folio-de-papel-digital-montblanc-ref-135039\/","title":{"rendered":"Folio de papel digital Montblanc ref. 135039"},"content":{"rendered":"<p>Folio de papel digital Montblanc ref. 135039<\/p>\n<p>una funda negra de suave piel de becerro. Este accesorio est\u00e1 dise\u00f1ado para proteger tu dispositivo Montblanc Digital Paper. <span class=\"uJ19be notranslate\" data-wiz-uids=\"AkeVP_g,AkeVP_h\" data-complete=\"true\" data-processed=\"true\"><span class=\"vKEkVd\" data-animation-atomic=\"\" data-sae=\"\"> <\/span><\/span><\/p>\n<p>Caracter\u00edsticas del producto<\/p>\n<div class=\"otQkpb\" role=\"heading\" aria-level=\"3\" data-animation-nesting=\"\" data-sfc-cp=\"\" data-processed=\"true\" data-sae=\"\" data-complete=\"true\"><\/div>\n<ul class=\"KsbFXc U6u95\" data-processed=\"true\" data-complete=\"true\">\n<li data-hveid=\"CAQQAA\" data-complete=\"true\" data-sae=\"\"><span class=\"T286Pc\" data-sfc-cp=\"\" data-complete=\"true\"><strong class=\"Yjhzub\" data-complete=\"true\">Material<\/strong>: Hecho de piel de becerro negra, suave y lisa.<\/span><\/li>\n<li data-hveid=\"CAQQAQ\" data-complete=\"true\" data-sae=\"\"><span class=\"T286Pc\" data-sfc-cp=\"\" data-complete=\"true\"><strong class=\"Yjhzub\" data-complete=\"true\">Dise\u00f1o<\/strong>: La funda tiene un dise\u00f1o limpio y estructurado con discretos cierres magn\u00e9ticos que garantizan un agarre estable del dispositivo.<\/span><\/li>\n<li data-hveid=\"CAQQAg\" data-sae=\"\" data-complete=\"true\"><span class=\"T286Pc\" data-sfc-cp=\"\" data-complete=\"true\"><strong class=\"Yjhzub\" data-complete=\"true\">Funcionalidad<\/strong>: Adem\u00e1s de proteger el papel digital, el dise\u00f1o del folio permite un acceso y uso inmediatos.<\/span><\/li>\n<li data-hveid=\"CAQQAw\" data-complete=\"true\" data-processed=\"true\" data-sae=\"\"><span class=\"T286Pc\" data-sfc-cp=\"\" data-complete=\"true\"><strong class=\"Yjhzub\" data-complete=\"true\">Compatibilidad<\/strong>: Ha sido dise\u00f1ado para complementar la experiencia del Papel Digital Montblanc.<\/span><span class=\"uJ19be notranslate\" data-wiz-uids=\"AkeVP_11,AkeVP_12\" data-complete=\"true\"><span class=\"vKEkVd\" data-animation-atomic=\"\" data-sae=\"\"> <\/span><\/span><\/li>\n<\/ul>\n","protected":false},"excerpt":{"rendered":"<p>Folio de papel digital Montblanc ref. 135039 una funda negra de suave piel de becerro. Este accesorio est\u00e1 dise\u00f1ado para proteger tu dispositivo Montblanc Digital Paper. Caracter\u00edsticas del producto Material: Hecho de piel de becerro negra, suave y lisa. Dise\u00f1o: La funda tiene un dise\u00f1o limpio y estructurado con discretos cierres magn\u00e9ticos que garantizan un [&hellip;]<\/p>\n","protected":false},"featured_media":125126,"template":"","meta":{"_crdt_document":"","advanced_seo_description":"","jetpack_seo_html_title":"","jetpack_seo_noindex":false},"product_brand":[],"product_cat":[2247],"product_tag":[4769],"berocket_brand":[],"woo-feed-brand":[],"class_list":{"0":"post-125130","1":"product","2":"type-product","3":"status-publish","4":"has-post-thumbnail","6":"product_cat-montblanc-es","7":"product_tag-papel-digital","9":"first","10":"outofstock","11":"sale","12":"taxable","13":"shipping-taxable","14":"purchasable","15":"product-type-simple"},"bundled_by":[],"bundle_stock_status":"outofstock","bundle_stock_quantity":0,"bundle_virtual":false,"bundle_layout":"","bundle_add_to_cart_form_location":"","bundle_editable_in_cart":false,"bundle_sold_individually_context":"","bundle_item_grouping":"","bundle_min_size":"","bundle_max_size":"","bundle_price":[],"bundled_items":[],"bundle_sell_ids":[],"group_of_quantity":0,"min_quantity":0,"max_quantity":"","exclude_order_quantity_value_rules":"no","exclude_category_quantity_rules":"no","combine_variations":"no","jetpack_sharing_enabled":true,"jetpack_likes_enabled":true,"_links":{"self":[{"href":"https:\/\/watchdeluxe.it\/es\/wp-json\/wp\/v2\/product\/125130","targetHints":{"allow":["GET"]}}],"collection":[{"href":"https:\/\/watchdeluxe.it\/es\/wp-json\/wp\/v2\/product"}],"about":[{"href":"https:\/\/watchdeluxe.it\/es\/wp-json\/wp\/v2\/types\/product"}],"wp:featuredmedia":[{"embeddable":true,"href":"https:\/\/watchdeluxe.it\/es\/wp-json\/wp\/v2\/media\/125126"}],"wp:attachment":[{"href":"https:\/\/watchdeluxe.it\/es\/wp-json\/wp\/v2\/media?parent=125130"}],"wp:term":[{"taxonomy":"product_brand","embeddable":true,"href":"https:\/\/watchdeluxe.it\/es\/wp-json\/wp\/v2\/product_brand?post=125130"},{"taxonomy":"product_cat","embeddable":true,"href":"https:\/\/watchdeluxe.it\/es\/wp-json\/wp\/v2\/product_cat?post=125130"},{"taxonomy":"product_tag","embeddable":true,"href":"https:\/\/watchdeluxe.it\/es\/wp-json\/wp\/v2\/product_tag?post=125130"},{"taxonomy":"berocket_brand","embeddable":true,"href":"https:\/\/watchdeluxe.it\/es\/wp-json\/wp\/v2\/berocket_brand?post=125130"},{"taxonomy":"woo-feed-brand","embeddable":true,"href":"https:\/\/watchdeluxe.it\/es\/wp-json\/wp\/v2\/woo-feed-brand?post=125130"}],"curies":[{"name":"wp","href":"https:\/\/api.w.org\/{rel}","templated":true}]}}