{"id":124939,"date":"2025-11-05T17:19:19","date_gmt":"2025-11-05T16:19:19","guid":{"rendered":"https:\/\/watchdeluxe.it\/prodotto\/pluma-estilografica-montblanc-de-edicion-limitada-que-rinde-homenaje-al-pintor-impresionista-pierre-auguste-renoir-ref-131981\/"},"modified":"2026-01-16T14:54:33","modified_gmt":"2026-01-16T13:54:33","slug":"pluma-estilografica-montblanc-de-edicion-limitada-que-rinde-homenaje-al-pintor-impresionista-pierre-auguste-renoir-ref-131981","status":"publish","type":"product","link":"https:\/\/watchdeluxe.it\/es\/prodotto\/pluma-estilografica-montblanc-de-edicion-limitada-que-rinde-homenaje-al-pintor-impresionista-pierre-auguste-renoir-ref-131981\/","title":{"rendered":"Pluma estilogr\u00e1fica Montblanc de edici\u00f3n limitada que rinde homenaje al pintor impresionista Pierre-Auguste Renoir ref. 131981"},"content":{"rendered":"<p>Pluma estilogr\u00e1fica Montblanc de edici\u00f3n limitada que rinde homenaje al pintor impresionista Pierre-Auguste Renoir ref. 131981<\/p>\n<ul>\n<li data-hveid=\"CAQQAg\" data-complete=\"true\" data-sae=\"\"><span class=\"T286Pc\" data-sfc-cp=\"\" data-complete=\"true\"><strong class=\"Yjhzub\" data-complete=\"true\">Materiales<\/strong>: El dise\u00f1o se inspira en las obras de Renoir, con colores y acabados que recuerdan el estilo impresionista. La pluma est\u00e1 lacada en marr\u00f3n claro. <\/span><\/li>\n<li data-hveid=\"CAQQAw\" data-complete=\"true\" data-sae=\"\"><span class=\"T286Pc\" data-sfc-cp=\"\" data-complete=\"true\"><strong class=\"Yjhzub\" data-complete=\"true\">Plum\u00edn<\/strong>: Est\u00e1 equipado con un plum\u00edn de oro macizo.<\/span><\/li>\n<li data-hveid=\"CAQQBA\" data-complete=\"true\" data-sae=\"\"><span class=\"T286Pc\" data-sfc-cp=\"\" data-complete=\"true\"><strong class=\"Yjhzub\" data-complete=\"true\">Dise\u00f1o<\/strong>: El capuch\u00f3n y el cuerpo est\u00e1n decorados con motivos que recuerdan a los cuadros de Renoir.<\/span><\/li>\n<li data-hveid=\"CAQQBQ\" data-complete=\"true\" data-sae=\"\"><span class=\"T286Pc\" data-sfc-cp=\"\" data-complete=\"true\"><strong class=\"Yjhzub\" data-complete=\"true\">Edici\u00f3n<\/strong>: Se trata de una edici\u00f3n limitada de 4810 piezas.<\/span><span class=\"uJ19be notranslate\" data-wiz-uids=\"VLny3d_18,VLny3d_19\" data-complete=\"true\"><span class=\"vKEkVd\" data-animation-atomic=\"\" data-sae=\"\"> <\/span><\/span><\/li>\n<\/ul>\n","protected":false},"excerpt":{"rendered":"<p>Pluma estilogr\u00e1fica Montblanc de edici\u00f3n limitada que rinde homenaje al pintor impresionista Pierre-Auguste Renoir ref. 131981 Materiales: El dise\u00f1o se inspira en las obras de Renoir, con colores y acabados que recuerdan el estilo impresionista. La pluma est\u00e1 lacada en marr\u00f3n claro. Plum\u00edn: Est\u00e1 equipado con un plum\u00edn de oro macizo. Dise\u00f1o: El capuch\u00f3n y [&hellip;]<\/p>\n","protected":false},"featured_media":124937,"template":"","meta":{"_crdt_document":"","advanced_seo_description":"","jetpack_seo_html_title":"","jetpack_seo_noindex":false},"product_brand":[],"product_cat":[2247],"product_tag":[2258],"berocket_brand":[],"woo-feed-brand":[],"class_list":{"0":"post-124939","1":"product","2":"type-product","3":"status-publish","4":"has-post-thumbnail","6":"product_cat-montblanc-es","7":"product_tag-boligrafos","9":"first","10":"instock","11":"sale","12":"taxable","13":"shipping-taxable","14":"purchasable","15":"product-type-simple"},"bundled_by":[],"bundle_stock_status":"instock","bundle_stock_quantity":1,"bundle_virtual":false,"bundle_layout":"","bundle_add_to_cart_form_location":"","bundle_editable_in_cart":false,"bundle_sold_individually_context":"","bundle_item_grouping":"","bundle_min_size":"","bundle_max_size":"","bundle_price":[],"bundled_items":[],"bundle_sell_ids":[],"group_of_quantity":0,"min_quantity":0,"max_quantity":"","exclude_order_quantity_value_rules":"no","exclude_category_quantity_rules":"no","combine_variations":"no","jetpack_sharing_enabled":true,"jetpack_likes_enabled":true,"_links":{"self":[{"href":"https:\/\/watchdeluxe.it\/es\/wp-json\/wp\/v2\/product\/124939","targetHints":{"allow":["GET"]}}],"collection":[{"href":"https:\/\/watchdeluxe.it\/es\/wp-json\/wp\/v2\/product"}],"about":[{"href":"https:\/\/watchdeluxe.it\/es\/wp-json\/wp\/v2\/types\/product"}],"wp:featuredmedia":[{"embeddable":true,"href":"https:\/\/watchdeluxe.it\/es\/wp-json\/wp\/v2\/media\/124937"}],"wp:attachment":[{"href":"https:\/\/watchdeluxe.it\/es\/wp-json\/wp\/v2\/media?parent=124939"}],"wp:term":[{"taxonomy":"product_brand","embeddable":true,"href":"https:\/\/watchdeluxe.it\/es\/wp-json\/wp\/v2\/product_brand?post=124939"},{"taxonomy":"product_cat","embeddable":true,"href":"https:\/\/watchdeluxe.it\/es\/wp-json\/wp\/v2\/product_cat?post=124939"},{"taxonomy":"product_tag","embeddable":true,"href":"https:\/\/watchdeluxe.it\/es\/wp-json\/wp\/v2\/product_tag?post=124939"},{"taxonomy":"berocket_brand","embeddable":true,"href":"https:\/\/watchdeluxe.it\/es\/wp-json\/wp\/v2\/berocket_brand?post=124939"},{"taxonomy":"woo-feed-brand","embeddable":true,"href":"https:\/\/watchdeluxe.it\/es\/wp-json\/wp\/v2\/woo-feed-brand?post=124939"}],"curies":[{"name":"wp","href":"https:\/\/api.w.org\/{rel}","templated":true}]}}