{"id":124749,"date":"2025-11-05T16:15:23","date_gmt":"2025-11-05T15:15:23","guid":{"rendered":"https:\/\/watchdeluxe.it\/prodotto\/boligrafo-montblanc-edicion-de-escritores-homenaje-a-johann-wolfgang-von-goethe-edicion-limitada-ref-131440\/"},"modified":"2026-01-16T15:03:52","modified_gmt":"2026-01-16T14:03:52","slug":"boligrafo-montblanc-edicion-de-escritores-homenaje-a-johann-wolfgang-von-goethe-edicion-limitada-ref-131440","status":"publish","type":"product","link":"https:\/\/watchdeluxe.it\/es\/prodotto\/boligrafo-montblanc-edicion-de-escritores-homenaje-a-johann-wolfgang-von-goethe-edicion-limitada-ref-131440\/","title":{"rendered":"Bol\u00edgrafo Montblanc Edici\u00f3n de Escritores Homenaje a Johann Wolfgang von Goethe Edici\u00f3n Limitada ref. 131440"},"content":{"rendered":"<p>Bol\u00edgrafo Montblanc Edici\u00f3n de Escritores Homenaje a Johann Wolfgang von Goethe Edici\u00f3n Limitada ref. 131440<\/p>\n<div class=\"otQkpb\" role=\"heading\" aria-level=\"3\" data-animation-nesting=\"\" data-sfc-cp=\"\" data-processed=\"true\" data-sae=\"\" data-complete=\"true\"><\/div>\n<ul class=\"KsbFXc U6u95\" data-complete=\"true\" data-processed=\"true\">\n<li data-hveid=\"CAQQAA\" data-complete=\"true\" data-sae=\"\"><span class=\"T286Pc\" data-sfc-cp=\"\" data-complete=\"true\"><strong class=\"Yjhzub\" data-complete=\"true\">Homenaje literario<\/strong>: La pluma celebra el genio de Johann Wolfgang von Goethe, y todo el dise\u00f1o incorpora referencias simb\u00f3licas a sus obras.<\/span><\/li>\n<li data-hveid=\"CAQQAQ\" data-complete=\"true\" data-sae=\"\"><span class=\"T286Pc\" data-sfc-cp=\"\" data-complete=\"true\"><strong class=\"Yjhzub\" data-complete=\"true\">Laca azul<\/strong>: El cuerpo de la pluma est\u00e1 fabricado con una preciosa laca azul, en homenaje al &#8220;Werther azul&#8221; que llevaba el protagonista de la novela de Goethe, <em class=\"eujQNb\" data-complete=\"true\">Las penas del joven Werther<\/em>.<\/span><\/li>\n<li data-hveid=\"CAQQAg\" data-complete=\"true\" data-sae=\"\"><span class=\"T286Pc\" data-sfc-cp=\"\" data-complete=\"true\"><strong class=\"Yjhzub\" data-complete=\"true\">Detalles grabados<\/strong>: Alrededor de la parte superior del capuch\u00f3n hay grabado un motivo que se asemeja a una serie de hojas de tr\u00e9bol.<\/span><\/li>\n<li data-hveid=\"CAQQAw\" data-complete=\"true\" data-sae=\"\"><span class=\"T286Pc\" data-sfc-cp=\"\" data-complete=\"true\">Inspiraci\u00f3n <strong class=\"Yjhzub\" data-complete=\"true\">del motivo<\/strong>: El motivo del tr\u00e9bol est\u00e1 tomado de una carta que Goethe escribi\u00f3 a su amada Charlotte Buff, que inspir\u00f3 el personaje de Lotte en su novela.<\/span><\/li>\n<li data-hveid=\"CAQQBA\" data-complete=\"true\" data-sae=\"\"><span class=\"T286Pc\" data-sfc-cp=\"\" data-complete=\"true\"><strong class=\"Yjhzub\" data-complete=\"true\">Materiales y acabado<\/strong>: La pluma tiene un acabado de platino<\/span><\/li>\n<\/ul>\n<p>&nbsp;<\/p>\n","protected":false},"excerpt":{"rendered":"<p>Bol\u00edgrafo Montblanc Edici\u00f3n de Escritores Homenaje a Johann Wolfgang von Goethe Edici\u00f3n Limitada ref. 131440 Homenaje literario: La pluma celebra el genio de Johann Wolfgang von Goethe, y todo el dise\u00f1o incorpora referencias simb\u00f3licas a sus obras. Laca azul: El cuerpo de la pluma est\u00e1 fabricado con una preciosa laca azul, en homenaje al &#8220;Werther [&hellip;]<\/p>\n","protected":false},"featured_media":124745,"template":"","meta":{"_crdt_document":"","advanced_seo_description":"","jetpack_seo_html_title":"","jetpack_seo_noindex":false},"product_brand":[1907],"product_cat":[1929],"product_tag":[1452],"berocket_brand":[],"woo-feed-brand":[],"class_list":{"0":"post-124749","1":"product","2":"type-product","3":"status-publish","4":"has-post-thumbnail","6":"product_brand-montblanc","7":"product_cat-montblanc","8":"product_tag-penne","10":"first","11":"instock","12":"sale","13":"taxable","14":"shipping-taxable","15":"purchasable","16":"product-type-simple"},"bundled_by":[],"bundle_stock_status":"instock","bundle_stock_quantity":1,"bundle_virtual":false,"bundle_layout":"","bundle_add_to_cart_form_location":"","bundle_editable_in_cart":false,"bundle_sold_individually_context":"","bundle_item_grouping":"","bundle_min_size":"","bundle_max_size":"","bundle_price":[],"bundled_items":[],"bundle_sell_ids":[],"group_of_quantity":0,"min_quantity":0,"max_quantity":"","exclude_order_quantity_value_rules":"no","exclude_category_quantity_rules":"no","combine_variations":"no","jetpack_sharing_enabled":true,"jetpack_likes_enabled":true,"_links":{"self":[{"href":"https:\/\/watchdeluxe.it\/es\/wp-json\/wp\/v2\/product\/124749","targetHints":{"allow":["GET"]}}],"collection":[{"href":"https:\/\/watchdeluxe.it\/es\/wp-json\/wp\/v2\/product"}],"about":[{"href":"https:\/\/watchdeluxe.it\/es\/wp-json\/wp\/v2\/types\/product"}],"wp:featuredmedia":[{"embeddable":true,"href":"https:\/\/watchdeluxe.it\/es\/wp-json\/wp\/v2\/media\/124745"}],"wp:attachment":[{"href":"https:\/\/watchdeluxe.it\/es\/wp-json\/wp\/v2\/media?parent=124749"}],"wp:term":[{"taxonomy":"product_brand","embeddable":true,"href":"https:\/\/watchdeluxe.it\/es\/wp-json\/wp\/v2\/product_brand?post=124749"},{"taxonomy":"product_cat","embeddable":true,"href":"https:\/\/watchdeluxe.it\/es\/wp-json\/wp\/v2\/product_cat?post=124749"},{"taxonomy":"product_tag","embeddable":true,"href":"https:\/\/watchdeluxe.it\/es\/wp-json\/wp\/v2\/product_tag?post=124749"},{"taxonomy":"berocket_brand","embeddable":true,"href":"https:\/\/watchdeluxe.it\/es\/wp-json\/wp\/v2\/berocket_brand?post=124749"},{"taxonomy":"woo-feed-brand","embeddable":true,"href":"https:\/\/watchdeluxe.it\/es\/wp-json\/wp\/v2\/woo-feed-brand?post=124749"}],"curies":[{"name":"wp","href":"https:\/\/api.w.org\/{rel}","templated":true}]}}