{"id":124587,"date":"2025-11-05T15:45:55","date_gmt":"2025-11-05T14:45:55","guid":{"rendered":"https:\/\/watchdeluxe.it\/prodotto\/boligrafo-fineliner-montblanc-starwalker-polarverde-doue-ref-132907\/"},"modified":"2026-01-16T15:10:32","modified_gmt":"2026-01-16T14:10:32","slug":"boligrafo-fineliner-montblanc-starwalker-polarverde-doue-ref-132907","status":"publish","type":"product","link":"https:\/\/watchdeluxe.it\/es\/prodotto\/boligrafo-fineliner-montblanc-starwalker-polarverde-doue-ref-132907\/","title":{"rendered":"Bol\u00edgrafo fineliner Montblanc StarWalker PolarVerde Dou\u00e9 ref. 132907"},"content":{"rendered":"<p>Bol\u00edgrafo fineliner Montblanc StarWalker PolarVerde Dou\u00e9 ref. 132907<\/p>\n<ul class=\"KsbFXc U6u95\" data-complete=\"true\" data-processed=\"true\">\n<li data-hveid=\"CAQQAA\" data-complete=\"true\" data-sae=\"\"><span class=\"T286Pc\" data-sfc-cp=\"\" data-complete=\"true\"><strong class=\"Yjhzub\" data-complete=\"true\">Dise\u00f1o<\/strong>: La pluma presenta un fino cuerpo de resina verde con un motivo guilloch\u00e9 en forma de onda, que recuerda los reflejos iridiscentes del fen\u00f3meno celeste. La c\u00fapula transparente de la parte superior del capuch\u00f3n se ilumina en penumbra, evocando la sensaci\u00f3n de una aurora boreal. <\/span><\/li>\n<li data-hveid=\"CAQQAQ\" data-complete=\"true\" data-sae=\"\"><span class=\"T286Pc\" data-sfc-cp=\"\" data-complete=\"true\"><strong class=\"Yjhzub\" data-complete=\"true\">Detalles<\/strong> met\u00e1licos: Los elementos met\u00e1licos est\u00e1n chapados en platino, incluido el clip con la marca Montblanc.<\/span><\/li>\n<li data-hveid=\"CAQQAg\" data-complete=\"true\" data-sae=\"\"><span class=\"T286Pc\" data-sfc-cp=\"\" data-complete=\"true\"><strong class=\"Yjhzub\" data-complete=\"true\">Sistema de escritura<\/strong>: Se trata de un bol\u00edgrafo fineliner, pero puede convertirse en roller, lo que ofrece versatilidad de uso.<\/span><span class=\"uJ19be notranslate\" data-wiz-uids=\"ZeFPRd_x,ZeFPRd_y\" data-complete=\"true\"><span class=\"vKEkVd\" data-animation-atomic=\"\" data-sae=\"\"> <\/span><\/span><\/li>\n<\/ul>\n","protected":false},"excerpt":{"rendered":"<p>Bol\u00edgrafo fineliner Montblanc StarWalker PolarVerde Dou\u00e9 ref. 132907 Dise\u00f1o: La pluma presenta un fino cuerpo de resina verde con un motivo guilloch\u00e9 en forma de onda, que recuerda los reflejos iridiscentes del fen\u00f3meno celeste. La c\u00fapula transparente de la parte superior del capuch\u00f3n se ilumina en penumbra, evocando la sensaci\u00f3n de una aurora boreal. Detalles [&hellip;]<\/p>\n","protected":false},"featured_media":124583,"template":"","meta":{"_crdt_document":"","advanced_seo_description":"","jetpack_seo_html_title":"","jetpack_seo_noindex":false},"product_brand":[],"product_cat":[2247],"product_tag":[2258],"berocket_brand":[],"woo-feed-brand":[],"class_list":{"0":"post-124587","1":"product","2":"type-product","3":"status-publish","4":"has-post-thumbnail","6":"product_cat-montblanc-es","7":"product_tag-boligrafos","9":"first","10":"instock","11":"sale","12":"taxable","13":"shipping-taxable","14":"purchasable","15":"product-type-simple"},"bundled_by":[],"bundle_stock_status":"instock","bundle_stock_quantity":1,"bundle_virtual":false,"bundle_layout":"","bundle_add_to_cart_form_location":"","bundle_editable_in_cart":false,"bundle_sold_individually_context":"","bundle_item_grouping":"","bundle_min_size":"","bundle_max_size":"","bundle_price":[],"bundled_items":[],"bundle_sell_ids":[],"group_of_quantity":0,"min_quantity":0,"max_quantity":"","exclude_order_quantity_value_rules":"no","exclude_category_quantity_rules":"no","combine_variations":"no","jetpack_sharing_enabled":true,"jetpack_likes_enabled":true,"_links":{"self":[{"href":"https:\/\/watchdeluxe.it\/es\/wp-json\/wp\/v2\/product\/124587","targetHints":{"allow":["GET"]}}],"collection":[{"href":"https:\/\/watchdeluxe.it\/es\/wp-json\/wp\/v2\/product"}],"about":[{"href":"https:\/\/watchdeluxe.it\/es\/wp-json\/wp\/v2\/types\/product"}],"wp:featuredmedia":[{"embeddable":true,"href":"https:\/\/watchdeluxe.it\/es\/wp-json\/wp\/v2\/media\/124583"}],"wp:attachment":[{"href":"https:\/\/watchdeluxe.it\/es\/wp-json\/wp\/v2\/media?parent=124587"}],"wp:term":[{"taxonomy":"product_brand","embeddable":true,"href":"https:\/\/watchdeluxe.it\/es\/wp-json\/wp\/v2\/product_brand?post=124587"},{"taxonomy":"product_cat","embeddable":true,"href":"https:\/\/watchdeluxe.it\/es\/wp-json\/wp\/v2\/product_cat?post=124587"},{"taxonomy":"product_tag","embeddable":true,"href":"https:\/\/watchdeluxe.it\/es\/wp-json\/wp\/v2\/product_tag?post=124587"},{"taxonomy":"berocket_brand","embeddable":true,"href":"https:\/\/watchdeluxe.it\/es\/wp-json\/wp\/v2\/berocket_brand?post=124587"},{"taxonomy":"woo-feed-brand","embeddable":true,"href":"https:\/\/watchdeluxe.it\/es\/wp-json\/wp\/v2\/woo-feed-brand?post=124587"}],"curies":[{"name":"wp","href":"https:\/\/api.w.org\/{rel}","templated":true}]}}