{"id":124532,"date":"2025-11-05T15:35:29","date_gmt":"2025-11-05T14:35:29","guid":{"rendered":"https:\/\/watchdeluxe.it\/prodotto\/montblanc-estuche-mediano-m_gram-4810-ref-128622\/"},"modified":"2025-11-05T15:35:29","modified_gmt":"2025-11-05T14:35:29","slug":"montblanc-estuche-mediano-m_gram-4810-ref-128622","status":"publish","type":"product","link":"https:\/\/watchdeluxe.it\/es\/prodotto\/montblanc-estuche-mediano-m_gram-4810-ref-128622\/","title":{"rendered":"Montblanc estuche mediano M_Gram 4810 ref. 128622"},"content":{"rendered":"<p>Montblanc estuche mediano M_Gram 4810 ref. 128622<\/p>\n<ul class=\"KsbFXc U6u95\" data-complete=\"true\" data-processed=\"true\">\n<li data-hveid=\"CAQQAA\" data-complete=\"true\" data-sae=\"\"><span class=\"T286Pc\" data-sfc-cp=\"\" data-complete=\"true\"><strong class=\"Yjhzub\" data-complete=\"true\">Nombre completo<\/strong>: Estuche Montblanc Mediano M_Gram 4810.<\/span><\/li>\n<li data-hveid=\"CAQQAQ\" data-complete=\"true\" data-sae=\"\"><span class=\"T286Pc\" data-sfc-cp=\"\" data-complete=\"true\"><strong class=\"Yjhzub\" data-complete=\"true\">Material<\/strong>: cuero vacuno repujado negro con dibujo &#8220;M&#8221;.<\/span><\/li>\n<li data-hveid=\"CAQQAg\" data-complete=\"true\" data-sae=\"\"><span class=\"T286Pc\" data-sfc-cp=\"\" data-complete=\"true\"><strong class=\"Yjhzub\" data-complete=\"true\">Forro<\/strong>: Algod\u00f3n.<\/span><\/li>\n<li data-hveid=\"CAQQAw\" data-complete=\"true\" data-sae=\"\"><span class=\"T286Pc\" data-sfc-cp=\"\" data-complete=\"true\"><strong class=\"Yjhzub\" data-complete=\"true\">Cierre<\/strong>: cremallera.<\/span><\/li>\n<li data-hveid=\"CAQQBA\" data-complete=\"true\" data-sae=\"\"><span class=\"T286Pc\" data-sfc-cp=\"\" data-complete=\"true\"><strong class=\"Yjhzub\" data-complete=\"true\">Color<\/strong>: Negro.<\/span><\/li>\n<li data-hveid=\"CAQQBQ\" data-complete=\"true\" data-sae=\"\"><span class=\"T286Pc\" data-sfc-cp=\"\" data-complete=\"true\"><strong class=\"Yjhzub\" data-complete=\"true\">Dimensiones<\/strong>: Aprox. 27 x 1 x 18 cm.<\/span><\/li>\n<li data-hveid=\"CAQQBg\" data-complete=\"true\" data-sae=\"\"><span class=\"T286Pc\" data-sfc-cp=\"\" data-complete=\"true\"><strong class=\"Yjhzub\" data-complete=\"true\">Funci\u00f3n<\/strong>: La bolsa es un accesorio vers\u00e1til de cuero de lujo, adecuado para guardar documentos, peque\u00f1os objetos personales o como bolsa de viaje.<\/span><span class=\"uJ19be notranslate\" data-wiz-uids=\"KcISKb_1b,KcISKb_1c\" data-complete=\"true\"><span class=\"vKEkVd\" data-animation-atomic=\"\" data-sae=\"\"> <\/span><\/span><\/li>\n<\/ul>\n","protected":false},"excerpt":{"rendered":"<p>Montblanc estuche mediano M_Gram 4810 ref. 128622 Nombre completo: Estuche Montblanc Mediano M_Gram 4810. Material: cuero vacuno repujado negro con dibujo &#8220;M&#8221;. Forro: Algod\u00f3n. Cierre: cremallera. Color: Negro. Dimensiones: Aprox. 27 x 1 x 18 cm. Funci\u00f3n: La bolsa es un accesorio vers\u00e1til de cuero de lujo, adecuado para guardar documentos, peque\u00f1os objetos personales o [&hellip;]<\/p>\n","protected":false},"featured_media":124519,"template":"","meta":{"_crdt_document":"","advanced_seo_description":"","jetpack_seo_html_title":"","jetpack_seo_noindex":false},"product_brand":[1907],"product_cat":[2247],"product_tag":[2496],"berocket_brand":[],"woo-feed-brand":[],"class_list":{"0":"post-124532","1":"product","2":"type-product","3":"status-publish","4":"has-post-thumbnail","6":"product_brand-montblanc","7":"product_cat-montblanc-es","8":"product_tag-embrague","10":"first","11":"instock","12":"sale","13":"taxable","14":"shipping-taxable","15":"purchasable","16":"product-type-simple"},"bundled_by":[],"bundle_stock_status":"instock","bundle_stock_quantity":1,"bundle_virtual":false,"bundle_layout":"","bundle_add_to_cart_form_location":"","bundle_editable_in_cart":false,"bundle_sold_individually_context":"","bundle_item_grouping":"","bundle_min_size":"","bundle_max_size":"","bundle_price":[],"bundled_items":[],"bundle_sell_ids":[],"group_of_quantity":0,"min_quantity":0,"max_quantity":"","exclude_order_quantity_value_rules":"no","exclude_category_quantity_rules":"no","combine_variations":"no","jetpack_sharing_enabled":true,"jetpack_likes_enabled":true,"_links":{"self":[{"href":"https:\/\/watchdeluxe.it\/es\/wp-json\/wp\/v2\/product\/124532","targetHints":{"allow":["GET"]}}],"collection":[{"href":"https:\/\/watchdeluxe.it\/es\/wp-json\/wp\/v2\/product"}],"about":[{"href":"https:\/\/watchdeluxe.it\/es\/wp-json\/wp\/v2\/types\/product"}],"wp:featuredmedia":[{"embeddable":true,"href":"https:\/\/watchdeluxe.it\/es\/wp-json\/wp\/v2\/media\/124519"}],"wp:attachment":[{"href":"https:\/\/watchdeluxe.it\/es\/wp-json\/wp\/v2\/media?parent=124532"}],"wp:term":[{"taxonomy":"product_brand","embeddable":true,"href":"https:\/\/watchdeluxe.it\/es\/wp-json\/wp\/v2\/product_brand?post=124532"},{"taxonomy":"product_cat","embeddable":true,"href":"https:\/\/watchdeluxe.it\/es\/wp-json\/wp\/v2\/product_cat?post=124532"},{"taxonomy":"product_tag","embeddable":true,"href":"https:\/\/watchdeluxe.it\/es\/wp-json\/wp\/v2\/product_tag?post=124532"},{"taxonomy":"berocket_brand","embeddable":true,"href":"https:\/\/watchdeluxe.it\/es\/wp-json\/wp\/v2\/berocket_brand?post=124532"},{"taxonomy":"woo-feed-brand","embeddable":true,"href":"https:\/\/watchdeluxe.it\/es\/wp-json\/wp\/v2\/woo-feed-brand?post=124532"}],"curies":[{"name":"wp","href":"https:\/\/api.w.org\/{rel}","templated":true}]}}