{"id":124473,"date":"2023-03-20T13:54:37","date_gmt":"2023-03-20T12:54:37","guid":{"rendered":"https:\/\/watchdeluxe.it\/prodotto\/boligrafo-roller-montblanc-starwalker-ultra-negro-ref-118463\/"},"modified":"2026-01-21T17:51:32","modified_gmt":"2026-01-21T16:51:32","slug":"boligrafo-roller-montblanc-starwalker-ultra-negro-ref-118463","status":"publish","type":"product","link":"https:\/\/watchdeluxe.it\/es\/prodotto\/boligrafo-roller-montblanc-starwalker-ultra-negro-ref-118463\/","title":{"rendered":"Bol\u00edgrafo roller Montblanc Starwalker Ultra Negro ref. 118463"},"content":{"rendered":"<p><b>Especificaciones del producto<\/b><\/p>\n<ul>\n<li> <b> Nombre de la marca <\/b>: MONTBLANC<\/li>\n<li> <b> Peso del art\u00edculo <\/b>: 14,4 onzas<\/li>\n<li> <b> Dimensiones del producto <\/b>: 4,7 x 4,7 pulgadas<\/li>\n<li> <b> Color <\/b>: negro<\/li>\n<li> <b> Color de tinta <\/b>: negro<\/li>\n<li> <b> N\u00famero de pieza del fabricante <\/b>: 118463<\/li>\n<\/ul>\n<p>&nbsp;<\/p>\n<p><strong>Caracter\u00edsticas<\/strong><\/p>\n<ul>\n<li><span class=\"a-list-item\">  Ca\u00f1\u00f3n: resina preciosa mate pulida con chorro de arena  <\/span><\/li>\n<li><span class=\"a-list-item\">  Clip: clip revestido de PVD con la marca Montblanc en relieve y el n\u00famero de serie individual  <\/span><\/li>\n<li><span class=\"a-list-item\">  Tapa: Resina preciosa mate arenada  <\/span><\/li>\n<\/ul>\n<p><!-- Loading EDP related metadata --> <b>Descripci\u00f3n del producto :  <\/b><!-- show up to 2 reviews by default --><\/p>\n<p>Un bol\u00edgrafo fineliner Montblanc con capuch\u00f3n y cuerpo de resina preciosa mate arenada y clip chapado en PVD.<\/p>\n","protected":false},"excerpt":{"rendered":"<p>Especificaciones del producto Nombre de la marca : MONTBLANC Peso del art\u00edculo : 14,4 onzas Dimensiones del producto : 4,7 x 4,7 pulgadas Color : negro Color de tinta : negro N\u00famero de pieza del fabricante : 118463 &nbsp; Caracter\u00edsticas Ca\u00f1\u00f3n: resina preciosa mate pulida con chorro de arena Clip: clip revestido de PVD con [&hellip;]<\/p>\n","protected":false},"featured_media":124472,"template":"","meta":{"_crdt_document":"","advanced_seo_description":"","jetpack_seo_html_title":"","jetpack_seo_noindex":false},"product_brand":[],"product_cat":[2247],"product_tag":[2258],"berocket_brand":[],"woo-feed-brand":[],"class_list":{"0":"post-124473","1":"product","2":"type-product","3":"status-publish","4":"has-post-thumbnail","6":"product_cat-montblanc-es","7":"product_tag-boligrafos","9":"first","10":"instock","11":"sale","12":"taxable","13":"shipping-taxable","14":"purchasable","15":"product-type-simple"},"bundled_by":[],"bundle_stock_status":"instock","bundle_stock_quantity":1,"bundle_virtual":false,"bundle_layout":"","bundle_add_to_cart_form_location":"","bundle_editable_in_cart":false,"bundle_sold_individually_context":"","bundle_item_grouping":"","bundle_min_size":"","bundle_max_size":"","bundle_price":[],"bundled_items":[],"bundle_sell_ids":[],"group_of_quantity":0,"min_quantity":0,"max_quantity":"","exclude_order_quantity_value_rules":"no","exclude_category_quantity_rules":"no","combine_variations":"no","jetpack_sharing_enabled":true,"jetpack_likes_enabled":true,"_links":{"self":[{"href":"https:\/\/watchdeluxe.it\/es\/wp-json\/wp\/v2\/product\/124473","targetHints":{"allow":["GET"]}}],"collection":[{"href":"https:\/\/watchdeluxe.it\/es\/wp-json\/wp\/v2\/product"}],"about":[{"href":"https:\/\/watchdeluxe.it\/es\/wp-json\/wp\/v2\/types\/product"}],"wp:featuredmedia":[{"embeddable":true,"href":"https:\/\/watchdeluxe.it\/es\/wp-json\/wp\/v2\/media\/124472"}],"wp:attachment":[{"href":"https:\/\/watchdeluxe.it\/es\/wp-json\/wp\/v2\/media?parent=124473"}],"wp:term":[{"taxonomy":"product_brand","embeddable":true,"href":"https:\/\/watchdeluxe.it\/es\/wp-json\/wp\/v2\/product_brand?post=124473"},{"taxonomy":"product_cat","embeddable":true,"href":"https:\/\/watchdeluxe.it\/es\/wp-json\/wp\/v2\/product_cat?post=124473"},{"taxonomy":"product_tag","embeddable":true,"href":"https:\/\/watchdeluxe.it\/es\/wp-json\/wp\/v2\/product_tag?post=124473"},{"taxonomy":"berocket_brand","embeddable":true,"href":"https:\/\/watchdeluxe.it\/es\/wp-json\/wp\/v2\/berocket_brand?post=124473"},{"taxonomy":"woo-feed-brand","embeddable":true,"href":"https:\/\/watchdeluxe.it\/es\/wp-json\/wp\/v2\/woo-feed-brand?post=124473"}],"curies":[{"name":"wp","href":"https:\/\/api.w.org\/{rel}","templated":true}]}}