{"id":124283,"date":"2025-11-05T10:14:57","date_gmt":"2025-11-05T09:14:57","guid":{"rendered":"https:\/\/watchdeluxe.it\/prodotto\/tarjetero-montblanc-8-compartimentos-con-cremallera-extreme-3-0-ref-199400\/"},"modified":"2025-11-05T10:14:57","modified_gmt":"2025-11-05T09:14:57","slug":"tarjetero-montblanc-8-compartimentos-con-cremallera-extreme-3-0-ref-199400","status":"publish","type":"product","link":"https:\/\/watchdeluxe.it\/es\/prodotto\/tarjetero-montblanc-8-compartimentos-con-cremallera-extreme-3-0-ref-199400\/","title":{"rendered":"Tarjetero Montblanc 8 compartimentos con cremallera Extreme 3.0. ref. 199400"},"content":{"rendered":"<p>Tarjetero Montblanc 8 compartimentos con cremallera Extreme 3.0. ref. 199400<\/p>\n<ul class=\"KsbFXc U6u95\" data-processed=\"true\" data-complete=\"true\">\n<li data-hveid=\"CAQQAA\" data-complete=\"true\" data-sae=\"\"><span class=\"T286Pc\" data-sfc-cp=\"\" data-complete=\"true\"><strong class=\"Yjhzub\" data-complete=\"true\">Dise\u00f1o<\/strong>: Este tarjetero forma parte de la l\u00ednea Extreme 3.0, caracterizada por un estilo moderno y funcional. Est\u00e1 pensado para quienes buscan un accesorio compacto y seguro para organizar tarjetas y documentos. <\/span><\/li>\n<li data-hveid=\"CAQQAQ\" data-complete=\"true\" data-sae=\"\"><span class=\"T286Pc\" data-sfc-cp=\"\" data-complete=\"true\"><strong class=\"Yjhzub\" data-complete=\"true\">Materiales<\/strong>: Fabricado en piel de vacuno con acabado Extreme 3.0, que le da un aspecto contempor\u00e1neo.<\/span><\/li>\n<li data-hveid=\"CAQQAg\" data-sae=\"\" data-complete=\"true\"><span class=\"T286Pc\" data-sfc-cp=\"\" data-complete=\"true\"><strong class=\"Yjhzub\" data-complete=\"true\">Caracter\u00edsticas<\/strong>:<\/span>\n<ul class=\"KsbFXc U6u95\" data-complete=\"true\">\n<li data-hveid=\"CAQQAw\" data-complete=\"true\"><span class=\"T286Pc\" data-sfc-cp=\"\" data-complete=\"true\"><strong class=\"Yjhzub\" data-complete=\"true\">Compartimentos<\/strong>: Ofrece ocho compartimentos para tarjetas de cr\u00e9dito y un compartimento central con cremallera, \u00fatil para guardar monedas u otros objetos peque\u00f1os de forma segura.<\/span><\/li>\n<li data-hveid=\"CAQQBA\" data-complete=\"true\"><span class=\"T286Pc\" data-sfc-cp=\"\" data-complete=\"true\"><strong class=\"Yjhzub\" data-complete=\"true\">Dimensiones<\/strong>: El accesorio est\u00e1 dise\u00f1ado para ser fino y ligero, ideal para llevarlo en el bolsillo o en el bolso.<\/span><span class=\"uJ19be notranslate\" data-wiz-uids=\"JKrLbe_13,JKrLbe_14\" data-complete=\"true\"><span class=\"vKEkVd\" data-animation-atomic=\"\"> <\/span><\/span><\/li>\n<\/ul>\n<\/li>\n<\/ul>\n","protected":false},"excerpt":{"rendered":"<p>Tarjetero Montblanc 8 compartimentos con cremallera Extreme 3.0. ref. 199400 Dise\u00f1o: Este tarjetero forma parte de la l\u00ednea Extreme 3.0, caracterizada por un estilo moderno y funcional. Est\u00e1 pensado para quienes buscan un accesorio compacto y seguro para organizar tarjetas y documentos. Materiales: Fabricado en piel de vacuno con acabado Extreme 3.0, que le da [&hellip;]<\/p>\n","protected":false},"featured_media":124281,"template":"","meta":{"_crdt_document":"","advanced_seo_description":"","jetpack_seo_html_title":"","jetpack_seo_noindex":false},"product_brand":[],"product_cat":[2247],"product_tag":[2351],"berocket_brand":[],"woo-feed-brand":[],"class_list":{"0":"post-124283","1":"product","2":"type-product","3":"status-publish","4":"has-post-thumbnail","6":"product_cat-montblanc-es","7":"product_tag-cartera","9":"first","10":"instock","11":"sale","12":"taxable","13":"shipping-taxable","14":"purchasable","15":"product-type-simple"},"bundled_by":[],"bundle_stock_status":"instock","bundle_stock_quantity":1,"bundle_virtual":false,"bundle_layout":"","bundle_add_to_cart_form_location":"","bundle_editable_in_cart":false,"bundle_sold_individually_context":"","bundle_item_grouping":"","bundle_min_size":"","bundle_max_size":"","bundle_price":[],"bundled_items":[],"bundle_sell_ids":[],"group_of_quantity":0,"min_quantity":0,"max_quantity":"","exclude_order_quantity_value_rules":"no","exclude_category_quantity_rules":"no","combine_variations":"no","jetpack_sharing_enabled":true,"jetpack_likes_enabled":true,"_links":{"self":[{"href":"https:\/\/watchdeluxe.it\/es\/wp-json\/wp\/v2\/product\/124283","targetHints":{"allow":["GET"]}}],"collection":[{"href":"https:\/\/watchdeluxe.it\/es\/wp-json\/wp\/v2\/product"}],"about":[{"href":"https:\/\/watchdeluxe.it\/es\/wp-json\/wp\/v2\/types\/product"}],"wp:featuredmedia":[{"embeddable":true,"href":"https:\/\/watchdeluxe.it\/es\/wp-json\/wp\/v2\/media\/124281"}],"wp:attachment":[{"href":"https:\/\/watchdeluxe.it\/es\/wp-json\/wp\/v2\/media?parent=124283"}],"wp:term":[{"taxonomy":"product_brand","embeddable":true,"href":"https:\/\/watchdeluxe.it\/es\/wp-json\/wp\/v2\/product_brand?post=124283"},{"taxonomy":"product_cat","embeddable":true,"href":"https:\/\/watchdeluxe.it\/es\/wp-json\/wp\/v2\/product_cat?post=124283"},{"taxonomy":"product_tag","embeddable":true,"href":"https:\/\/watchdeluxe.it\/es\/wp-json\/wp\/v2\/product_tag?post=124283"},{"taxonomy":"berocket_brand","embeddable":true,"href":"https:\/\/watchdeluxe.it\/es\/wp-json\/wp\/v2\/berocket_brand?post=124283"},{"taxonomy":"woo-feed-brand","embeddable":true,"href":"https:\/\/watchdeluxe.it\/es\/wp-json\/wp\/v2\/woo-feed-brand?post=124283"}],"curies":[{"name":"wp","href":"https:\/\/api.w.org\/{rel}","templated":true}]}}