{"id":123929,"date":"2025-11-04T16:35:48","date_gmt":"2025-11-04T15:35:48","guid":{"rendered":"https:\/\/watchdeluxe.it\/prodotto\/hamilton-khaki-aviation-autochrono-ref-h77506540\/"},"modified":"2025-11-04T16:35:48","modified_gmt":"2025-11-04T15:35:48","slug":"hamilton-khaki-aviation-autochrono-ref-h77506540","status":"publish","type":"product","link":"https:\/\/watchdeluxe.it\/es\/prodotto\/hamilton-khaki-aviation-autochrono-ref-h77506540\/","title":{"rendered":"Hamilton Khaki Aviation Autochrono ref. H77506540"},"content":{"rendered":"<p>Hamilton Khaki Aviation Autochrono ref. H77506540<\/p>\n<p><strong>Bobinado autom\u00e1tico | 44mm | H77506540<\/strong><\/p>\n<ul>\n<li data-start=\"155\" data-end=\"191\">\n<p data-start=\"157\" data-end=\"191\"><strong data-start=\"157\" data-end=\"170\">Movimiento<\/strong>: autom\u00e1tico<\/p>\n<\/li>\n<li data-start=\"192\" data-end=\"243\">\n<p data-start=\"194\" data-end=\"243\"><strong data-start=\"194\" data-end=\"215\">Funciones del reloj<\/strong>: Cron\u00f3grafo, Fecha, D\u00eda<\/p>\n<\/li>\n<li data-start=\"244\" data-end=\"273\">\n<p data-start=\"246\" data-end=\"273\"><strong data-start=\"246\" data-end=\"264\">Di\u00e1metro de la caja<\/strong>: 44 mm<\/p>\n<\/li>\n<li data-start=\"274\" data-end=\"305\">\n<p data-start=\"276\" data-end=\"305\"><strong data-start=\"276\" data-end=\"294\">Grosor de la carcasa<\/strong>: 15,6 mm<\/p>\n<\/li>\n<li data-start=\"306\" data-end=\"335\">\n<p data-start=\"308\" data-end=\"335\"><strong data-start=\"308\" data-end=\"328\">Color de la esfera<\/strong>: Azul<\/p>\n<\/li>\n<li data-start=\"336\" data-end=\"368\">\n<p data-start=\"338\" data-end=\"368\"><strong data-start=\"338\" data-end=\"357\">Material de la caja<\/strong>: Acero<\/p>\n<\/li>\n<li data-start=\"369\" data-end=\"391\">\n<p data-start=\"371\" data-end=\"391\"><strong data-start=\"371\" data-end=\"380\">Cristal<\/strong>: Zafiro<\/p>\n<\/li>\n<li data-start=\"392\" data-end=\"421\">\n<p data-start=\"394\" data-end=\"421\"><strong data-start=\"394\" data-end=\"412\">Ancho del bucle<\/strong>: 22 mm<\/p>\n<\/li>\n<li data-start=\"422\" data-end=\"455\">\n<p data-start=\"424\" data-end=\"455\"><strong data-start=\"424\" data-end=\"445\">Reserva de marcha<\/strong>: 60 horas<\/p>\n<\/li>\n<li data-start=\"456\" data-end=\"489\">\n<p data-start=\"458\" data-end=\"489\"><strong data-start=\"458\" data-end=\"467\">Estado<\/strong>: Colecci\u00f3n actual<\/p>\n<\/li>\n<li data-start=\"490\" data-end=\"528\">\n<p data-start=\"492\" data-end=\"528\"><strong data-start=\"492\" data-end=\"510\">Resistencia al agua<\/strong>: 10 bares (100 m)<\/p>\n<\/li>\n<li data-start=\"529\" data-end=\"565\">\n<p data-start=\"531\" data-end=\"565\"><strong data-start=\"531\" data-end=\"559\">Tratamiento antirreflejos<\/strong>: S\u00ed<\/p>\n<\/li>\n<li data-start=\"566\" data-end=\"594\">\n<p data-start=\"568\" data-end=\"594\"><strong data-start=\"568\" data-end=\"588\">Dorso visible<\/strong>: S\u00ed<\/p>\n<\/li>\n<li data-start=\"595\" data-end=\"620\">\n<p data-start=\"597\" data-end=\"620\"><strong data-start=\"597\" data-end=\"614\">Corona atornillada<\/strong>: S\u00ed<\/p>\n<\/li>\n<li data-start=\"621\" data-end=\"647\">\n<p data-start=\"623\" data-end=\"647\"><strong data-start=\"623\" data-end=\"641\">Super-Luminova<\/strong>: S\u00ed<\/p>\n<\/li>\n<li data-start=\"648\" data-end=\"688\">\n<p data-start=\"650\" data-end=\"688\"><strong data-start=\"650\" data-end=\"673\">Referencia de la correa<\/strong>: H6007761031<\/p>\n<\/li>\n<li data-start=\"689\" data-end=\"729\">\n<p data-start=\"691\" data-end=\"729\"><strong data-start=\"691\" data-end=\"709\">Tipo de correa<\/strong>: Piel de becerro<\/p>\n<\/li>\n<li data-start=\"730\" data-end=\"759\">\n<p data-start=\"732\" data-end=\"759\"><strong data-start=\"732\" data-end=\"747\">Tipo de hebilla<\/strong>: Hebilla en H<\/p>\n<\/li>\n<li data-start=\"760\" data-end=\"791\">\n<p data-start=\"762\" data-end=\"791\"><strong data-start=\"762\" data-end=\"782\">Ancho de la hebilla<\/strong>: 22 mm<\/p>\n<\/li>\n<\/ul>\n","protected":false},"excerpt":{"rendered":"<p>Hamilton Khaki Aviation Autochrono ref. H77506540 Bobinado autom\u00e1tico | 44mm | H77506540 Movimiento: autom\u00e1tico Funciones del reloj: Cron\u00f3grafo, Fecha, D\u00eda Di\u00e1metro de la caja: 44 mm Grosor de la carcasa: 15,6 mm Color de la esfera: Azul Material de la caja: Acero Cristal: Zafiro Ancho del bucle: 22 mm Reserva de marcha: 60 horas Estado: [&hellip;]<\/p>\n","protected":false},"featured_media":123912,"template":"","meta":{"_crdt_document":"","advanced_seo_description":"","jetpack_seo_html_title":"","jetpack_seo_noindex":false},"product_brand":[],"product_cat":[2309],"product_tag":[2317],"berocket_brand":[],"woo-feed-brand":[],"class_list":{"0":"post-123929","1":"product","2":"type-product","3":"status-publish","4":"has-post-thumbnail","6":"product_cat-hamilton-es","7":"product_tag-caqui","9":"first","10":"instock","11":"sale","12":"taxable","13":"shipping-taxable","14":"purchasable","15":"product-type-simple"},"bundled_by":[],"bundle_stock_status":"instock","bundle_stock_quantity":1,"bundle_virtual":false,"bundle_layout":"","bundle_add_to_cart_form_location":"","bundle_editable_in_cart":false,"bundle_sold_individually_context":"","bundle_item_grouping":"","bundle_min_size":"","bundle_max_size":"","bundle_price":[],"bundled_items":[],"bundle_sell_ids":[],"group_of_quantity":0,"min_quantity":0,"max_quantity":"","exclude_order_quantity_value_rules":"no","exclude_category_quantity_rules":"no","combine_variations":"no","jetpack_sharing_enabled":true,"jetpack_likes_enabled":true,"_links":{"self":[{"href":"https:\/\/watchdeluxe.it\/es\/wp-json\/wp\/v2\/product\/123929","targetHints":{"allow":["GET"]}}],"collection":[{"href":"https:\/\/watchdeluxe.it\/es\/wp-json\/wp\/v2\/product"}],"about":[{"href":"https:\/\/watchdeluxe.it\/es\/wp-json\/wp\/v2\/types\/product"}],"wp:featuredmedia":[{"embeddable":true,"href":"https:\/\/watchdeluxe.it\/es\/wp-json\/wp\/v2\/media\/123912"}],"wp:attachment":[{"href":"https:\/\/watchdeluxe.it\/es\/wp-json\/wp\/v2\/media?parent=123929"}],"wp:term":[{"taxonomy":"product_brand","embeddable":true,"href":"https:\/\/watchdeluxe.it\/es\/wp-json\/wp\/v2\/product_brand?post=123929"},{"taxonomy":"product_cat","embeddable":true,"href":"https:\/\/watchdeluxe.it\/es\/wp-json\/wp\/v2\/product_cat?post=123929"},{"taxonomy":"product_tag","embeddable":true,"href":"https:\/\/watchdeluxe.it\/es\/wp-json\/wp\/v2\/product_tag?post=123929"},{"taxonomy":"berocket_brand","embeddable":true,"href":"https:\/\/watchdeluxe.it\/es\/wp-json\/wp\/v2\/berocket_brand?post=123929"},{"taxonomy":"woo-feed-brand","embeddable":true,"href":"https:\/\/watchdeluxe.it\/es\/wp-json\/wp\/v2\/woo-feed-brand?post=123929"}],"curies":[{"name":"wp","href":"https:\/\/api.w.org\/{rel}","templated":true}]}}