{"id":123299,"date":"2025-10-30T15:40:47","date_gmt":"2025-10-30T14:40:47","guid":{"rendered":"https:\/\/watchdeluxe.it\/prodotto\/hublot-big-bang-one-click-alegre-acero-azul-cielo-33-mm-ref-485-sl-2210-rx-1207\/"},"modified":"2025-10-30T15:40:47","modified_gmt":"2025-10-30T14:40:47","slug":"hublot-big-bang-one-click-alegre-acero-azul-cielo-33-mm-ref-485-sl-2210-rx-1207","status":"publish","type":"product","link":"https:\/\/watchdeluxe.it\/es\/prodotto\/hublot-big-bang-one-click-alegre-acero-azul-cielo-33-mm-ref-485-sl-2210-rx-1207\/","title":{"rendered":"Hublot Big Bang one click Alegre acero azul cielo 33 mm ref. 485.SL.2210.RX.1207"},"content":{"rendered":"<p>Hublot Big Bang one click Alegre acero azul cielo 33 mm ref. 485.SL.2210.RX.1207<\/p>\n<ul>\n<li data-hveid=\"CAEIBBAA\" data-complete=\"true\" data-processed=\"true\"><span class=\"T286Pc\" data-sfc-cp=\"\" data-complete=\"true\" data-processed=\"true\"><strong class=\"Yjhzub\" data-complete=\"true\" data-processed=\"true\">Colecci\u00f3n:<\/strong> Big Bang One Click.<\/span><\/li>\n<li data-hveid=\"CAEIBBAB\" data-complete=\"true\" data-processed=\"true\"><span class=\"T286Pc\" data-sfc-cp=\"\" data-complete=\"true\" data-processed=\"true\"><strong class=\"Yjhzub\" data-complete=\"true\" data-processed=\"true\">Material de la caja:<\/strong> Acero inoxidable cepillado y pulido.<\/span><\/li>\n<li data-hveid=\"CAEIBBAC\" data-complete=\"true\" data-processed=\"true\"><span class=\"T286Pc\" data-sfc-cp=\"\" data-complete=\"true\" data-processed=\"true\"><strong class=\"Yjhzub\" data-complete=\"true\" data-processed=\"true\">Bisel:<\/strong> Acero inoxidable pulido engastado con 36 topacios azules.<\/span><\/li>\n<li data-hveid=\"CAEIBBAD\" data-complete=\"true\" data-processed=\"true\"><span class=\"T286Pc\" data-sfc-cp=\"\" data-complete=\"true\" data-processed=\"true\"><strong class=\"Yjhzub\" data-complete=\"true\" data-processed=\"true\">Di\u00e1metro de la caja:<\/strong> 33 mm.<\/span><\/li>\n<li data-hveid=\"CAEIBBAE\" data-complete=\"true\" data-processed=\"true\"><span class=\"T286Pc\" data-sfc-cp=\"\" data-complete=\"true\" data-processed=\"true\"><strong class=\"Yjhzub\" data-complete=\"true\" data-processed=\"true\">Esfera:<\/strong> Blanca, con \u00edndices aplicados y n\u00fameros ar\u00e1bigos.<\/span><\/li>\n<li data-hveid=\"CAEIBBAF\" data-complete=\"true\" data-processed=\"true\"><span class=\"T286Pc\" data-sfc-cp=\"\" data-complete=\"true\" data-processed=\"true\"><strong class=\"Yjhzub\" data-complete=\"true\" data-processed=\"true\">Movimiento:<\/strong> Autom\u00e1tico.<\/span><\/li>\n<li data-hveid=\"CAEIBBAG\" data-complete=\"true\" data-processed=\"true\"><span class=\"T286Pc\" data-sfc-cp=\"\" data-complete=\"true\" data-processed=\"true\"><strong class=\"Yjhzub\" data-complete=\"true\" data-processed=\"true\">Correa:<\/strong> Caucho azul cielo, con cierre desplegable de acero inoxidable.<\/span><\/li>\n<li data-hveid=\"CAEIBBAH\" data-complete=\"true\" data-processed=\"true\"><span class=\"T286Pc\" data-sfc-cp=\"\" data-complete=\"true\" data-processed=\"true\"><strong class=\"Yjhzub\" data-complete=\"true\" data-processed=\"true\">Funciones:<\/strong> Horas, minutos, segundos y fecha.<\/span><\/li>\n<li data-hveid=\"CAEIBBAI\" data-complete=\"true\" data-processed=\"true\"><span class=\"T286Pc\" data-sfc-cp=\"\" data-complete=\"true\" data-processed=\"true\"><strong class=\"Yjhzub\" data-complete=\"true\" data-processed=\"true\">Reserva de marcha:<\/strong> 40 horas.<\/span><\/li>\n<li data-hveid=\"CAEIBBAJ\" data-complete=\"true\" data-processed=\"true\"><span class=\"T286Pc\" data-sfc-cp=\"\" data-complete=\"true\" data-processed=\"true\"><strong class=\"Yjhzub\" data-complete=\"true\" data-processed=\"true\">Resistencia al agua:<\/strong> 100 metros.<\/span><span class=\"uJ19be notranslate\" data-wiz-uids=\"oTz5Sb_33,oTz5Sb_34\" data-complete=\"true\" data-processed=\"true\"><span class=\"vKEkVd\" data-animation-atomic=\"\" data-processed=\"true\"> <\/span><\/span><\/li>\n<\/ul>\n","protected":false},"excerpt":{"rendered":"<p>Hublot Big Bang one click Alegre acero azul cielo 33 mm ref. 485.SL.2210.RX.1207 Colecci\u00f3n: Big Bang One Click. Material de la caja: Acero inoxidable cepillado y pulido. Bisel: Acero inoxidable pulido engastado con 36 topacios azules. Di\u00e1metro de la caja: 33 mm. Esfera: Blanca, con \u00edndices aplicados y n\u00fameros ar\u00e1bigos. Movimiento: Autom\u00e1tico. Correa: Caucho azul [&hellip;]<\/p>\n","protected":false},"featured_media":123298,"template":"","meta":{"_crdt_document":"","advanced_seo_description":"","jetpack_seo_html_title":"","jetpack_seo_noindex":false},"product_brand":[2149],"product_cat":[2225],"product_tag":[3722],"berocket_brand":[],"woo-feed-brand":[],"class_list":{"0":"post-123299","1":"product","2":"type-product","3":"status-publish","4":"has-post-thumbnail","6":"product_brand-hublot","7":"product_cat-hublot-es","8":"product_tag-big-bang-2","10":"first","11":"instock","12":"sale","13":"taxable","14":"shipping-taxable","15":"purchasable","16":"product-type-simple"},"bundled_by":[],"bundle_stock_status":"instock","bundle_stock_quantity":1,"bundle_virtual":false,"bundle_layout":"","bundle_add_to_cart_form_location":"","bundle_editable_in_cart":false,"bundle_sold_individually_context":"","bundle_item_grouping":"","bundle_min_size":"","bundle_max_size":"","bundle_price":[],"bundled_items":[],"bundle_sell_ids":[],"group_of_quantity":0,"min_quantity":0,"max_quantity":"","exclude_order_quantity_value_rules":"no","exclude_category_quantity_rules":"no","combine_variations":"no","jetpack_sharing_enabled":true,"jetpack_likes_enabled":true,"_links":{"self":[{"href":"https:\/\/watchdeluxe.it\/es\/wp-json\/wp\/v2\/product\/123299","targetHints":{"allow":["GET"]}}],"collection":[{"href":"https:\/\/watchdeluxe.it\/es\/wp-json\/wp\/v2\/product"}],"about":[{"href":"https:\/\/watchdeluxe.it\/es\/wp-json\/wp\/v2\/types\/product"}],"wp:featuredmedia":[{"embeddable":true,"href":"https:\/\/watchdeluxe.it\/es\/wp-json\/wp\/v2\/media\/123298"}],"wp:attachment":[{"href":"https:\/\/watchdeluxe.it\/es\/wp-json\/wp\/v2\/media?parent=123299"}],"wp:term":[{"taxonomy":"product_brand","embeddable":true,"href":"https:\/\/watchdeluxe.it\/es\/wp-json\/wp\/v2\/product_brand?post=123299"},{"taxonomy":"product_cat","embeddable":true,"href":"https:\/\/watchdeluxe.it\/es\/wp-json\/wp\/v2\/product_cat?post=123299"},{"taxonomy":"product_tag","embeddable":true,"href":"https:\/\/watchdeluxe.it\/es\/wp-json\/wp\/v2\/product_tag?post=123299"},{"taxonomy":"berocket_brand","embeddable":true,"href":"https:\/\/watchdeluxe.it\/es\/wp-json\/wp\/v2\/berocket_brand?post=123299"},{"taxonomy":"woo-feed-brand","embeddable":true,"href":"https:\/\/watchdeluxe.it\/es\/wp-json\/wp\/v2\/woo-feed-brand?post=123299"}],"curies":[{"name":"wp","href":"https:\/\/api.w.org\/{rel}","templated":true}]}}