{"id":121689,"date":"2025-10-03T15:10:58","date_gmt":"2025-10-03T13:10:58","guid":{"rendered":"https:\/\/watchdeluxe.it\/prodotto\/nomos-club-campus-38-verde-electrico-ref-726-gb\/"},"modified":"2025-10-03T15:10:58","modified_gmt":"2025-10-03T13:10:58","slug":"nomos-club-campus-38-verde-electrico-ref-726-gb","status":"publish","type":"product","link":"https:\/\/watchdeluxe.it\/es\/prodotto\/nomos-club-campus-38-verde-electrico-ref-726-gb\/","title":{"rendered":"Nomos Club campus 38 verde el\u00e9ctrico ref. 726.gb"},"content":{"rendered":"<p>Nomos Club campus 38 verde el\u00e9ctrico ref. 726.gb<\/p>\n<div class=\"list-couple\">\n<div class=\"specs-list\">\n<dl>\n<dt>Caso<\/dt>\n<dd>acero inoxidable, bipartito<br \/>\nfondo de cristal de zafiro<br \/>\natornillado<\/dd>\n<\/dl>\n<dl>\n<dt>Cristal<\/dt>\n<dd>cristal de zafiro abombado<\/dd>\n<\/dl>\n<dl>\n<dt>Carga<\/dt>\n<dd>manual<\/dd>\n<\/dl>\n<dl>\n<dt>Dimensiones<\/dt>\n<dd>di\u00e1metro <span class=\"size-property\"> 38,5 mm <\/span><br \/>\ngrosor <span class=\"size-property\"> 8,5 mm <\/span><br \/>\nTama\u00f1o del bucle exterior <span class=\"size-property\"> 48,9 mm <\/span><\/dd>\n<\/dl>\n<dl>\n<dt>Resistencia al agua<\/dt>\n<dd>10 atm (apto para nadar)<\/dd>\n<\/dl>\n<\/div>\n<div class=\"specs-list\">\n<dl>\n<dt>Esfera<\/dt>\n<dd>verde<br \/>\nn\u00fameros \u00e1rabes y romanos e indicadores de hora con superluminova blanca (luminiscencia azul)<\/dd>\n<\/dl>\n<dl>\n<dt>Manecillas<\/dt>\n<dd>Chapado en rodio, con inserciones de superluminova blanca (luminiscencia azul), segundero naranja fluorescente<\/dd>\n<\/dl>\n<dl>\n<dt>correa<\/dt>\n<dd>Gamuza gris<br \/>\n<span class=\"size-property\"> anchura de la leng\u00fceta 20 mm <\/span><\/dd>\n<\/dl>\n<\/div>\n<\/div>\n","protected":false},"excerpt":{"rendered":"<p>Nomos Club campus 38 verde el\u00e9ctrico ref. 726.gb Caso acero inoxidable, bipartito fondo de cristal de zafiro atornillado Cristal cristal de zafiro abombado Carga manual Dimensiones di\u00e1metro 38,5 mm grosor 8,5 mm Tama\u00f1o del bucle exterior 48,9 mm Resistencia al agua 10 atm (apto para nadar) Esfera verde n\u00fameros \u00e1rabes y romanos e indicadores de [&hellip;]<\/p>\n","protected":false},"featured_media":121685,"template":"","meta":{"_crdt_document":"","advanced_seo_description":"","jetpack_seo_html_title":"","jetpack_seo_noindex":false},"product_brand":[2154],"product_cat":[1919],"product_tag":[1478],"berocket_brand":[],"woo-feed-brand":[],"class_list":{"0":"post-121689","1":"product","2":"type-product","3":"status-publish","4":"has-post-thumbnail","6":"product_brand-nomos-glashutte","7":"product_cat-nomos-glashutte","8":"product_tag-club","10":"first","11":"instock","12":"sale","13":"taxable","14":"shipping-taxable","15":"purchasable","16":"product-type-simple"},"bundled_by":[],"bundle_stock_status":"instock","bundle_stock_quantity":1,"bundle_virtual":false,"bundle_layout":"","bundle_add_to_cart_form_location":"","bundle_editable_in_cart":false,"bundle_sold_individually_context":"","bundle_item_grouping":"","bundle_min_size":"","bundle_max_size":"","bundle_price":[],"bundled_items":[],"bundle_sell_ids":[],"group_of_quantity":0,"min_quantity":0,"max_quantity":"","exclude_order_quantity_value_rules":"no","exclude_category_quantity_rules":"no","combine_variations":"no","jetpack_sharing_enabled":true,"jetpack_likes_enabled":true,"_links":{"self":[{"href":"https:\/\/watchdeluxe.it\/es\/wp-json\/wp\/v2\/product\/121689","targetHints":{"allow":["GET"]}}],"collection":[{"href":"https:\/\/watchdeluxe.it\/es\/wp-json\/wp\/v2\/product"}],"about":[{"href":"https:\/\/watchdeluxe.it\/es\/wp-json\/wp\/v2\/types\/product"}],"wp:featuredmedia":[{"embeddable":true,"href":"https:\/\/watchdeluxe.it\/es\/wp-json\/wp\/v2\/media\/121685"}],"wp:attachment":[{"href":"https:\/\/watchdeluxe.it\/es\/wp-json\/wp\/v2\/media?parent=121689"}],"wp:term":[{"taxonomy":"product_brand","embeddable":true,"href":"https:\/\/watchdeluxe.it\/es\/wp-json\/wp\/v2\/product_brand?post=121689"},{"taxonomy":"product_cat","embeddable":true,"href":"https:\/\/watchdeluxe.it\/es\/wp-json\/wp\/v2\/product_cat?post=121689"},{"taxonomy":"product_tag","embeddable":true,"href":"https:\/\/watchdeluxe.it\/es\/wp-json\/wp\/v2\/product_tag?post=121689"},{"taxonomy":"berocket_brand","embeddable":true,"href":"https:\/\/watchdeluxe.it\/es\/wp-json\/wp\/v2\/berocket_brand?post=121689"},{"taxonomy":"woo-feed-brand","embeddable":true,"href":"https:\/\/watchdeluxe.it\/es\/wp-json\/wp\/v2\/woo-feed-brand?post=121689"}],"curies":[{"name":"wp","href":"https:\/\/api.w.org\/{rel}","templated":true}]}}