{"id":121673,"date":"2025-10-03T15:06:13","date_gmt":"2025-10-03T13:06:13","guid":{"rendered":"https:\/\/watchdeluxe.it\/prodotto\/tag-heuer-carrera-gmt-ref-wda2114-ba0013\/"},"modified":"2026-04-10T16:39:53","modified_gmt":"2026-04-10T14:39:53","slug":"tag-heuer-carrera-gmt-ref-wda2114-ba0013","status":"publish","type":"product","link":"https:\/\/watchdeluxe.it\/es\/prodotto\/tag-heuer-carrera-gmt-ref-wda2114-ba0013\/","title":{"rendered":"Tag Heuer Carrera GMT ref. WDA2114.BA0013"},"content":{"rendered":"<p>Tag Heuer Carrera GMT ref. WDA2114.BA0013<\/p>\n<p>Potencia\/Movimiento: <strong>Mec\u00e1nico<\/strong><br \/>\nTipo de cuerda: <strong>Autom\u00e1tico<\/strong><br \/>\nPantalla: <strong>Anal\u00f3gica<\/strong><br \/>\nFunciones: <strong>S\u00f3lo hora con fecha<\/strong><br \/>\nResistente al agua: <strong>10 ATM resistente al agua<\/strong><br \/>\nMaterial de la caja: <strong>Acero<\/strong><br \/>\nColor de la caja: <strong>Acero<\/strong><br \/>\nColor de la esfera:         <strong>Verde<\/strong><br \/>\nMaterial de la correa: <strong>Acero<\/strong><br \/>\nColor de la correa: <strong>Acero<\/strong><br \/>\nDi\u00e1metro de la caja (mm): <strong>41<\/strong><br \/>\nGrosor de la caja: <strong>13<\/strong><br \/>\nCristal del reloj: <strong>Zafiro<\/strong><br \/>\nFondo del reloj:       <strong>Transparente<\/strong><\/p>\n","protected":false},"excerpt":{"rendered":"<p>Tag Heuer Carrera GMT ref. WDA2114.BA0013 Potencia\/Movimiento: Mec\u00e1nico Tipo de cuerda: Autom\u00e1tico Pantalla: Anal\u00f3gica Funciones: S\u00f3lo hora con fecha Resistente al agua: 10 ATM resistente al agua Material de la caja: Acero Color de la caja: Acero Color de la esfera: Verde Material de la correa: Acero Color de la correa: Acero Di\u00e1metro de la [&hellip;]<\/p>\n","protected":false},"featured_media":121667,"template":"","meta":{"_crdt_document":"","advanced_seo_description":"","jetpack_seo_html_title":"","jetpack_seo_noindex":false},"product_brand":[],"product_cat":[1920],"product_tag":[3738],"berocket_brand":[],"woo-feed-brand":[],"class_list":{"0":"post-121673","1":"product","2":"type-product","3":"status-publish","4":"has-post-thumbnail","6":"product_cat-tag-heuer","7":"product_tag-carrera-2","9":"first","10":"instock","11":"sale","12":"taxable","13":"shipping-taxable","14":"purchasable","15":"product-type-simple"},"bundled_by":[],"bundle_stock_status":"instock","bundle_stock_quantity":1,"bundle_virtual":false,"bundle_layout":"","bundle_add_to_cart_form_location":"","bundle_editable_in_cart":false,"bundle_sold_individually_context":"","bundle_item_grouping":"","bundle_min_size":"","bundle_max_size":"","bundle_price":[],"bundled_items":[],"bundle_sell_ids":[],"group_of_quantity":0,"min_quantity":0,"max_quantity":"","exclude_order_quantity_value_rules":"no","exclude_category_quantity_rules":"no","combine_variations":"no","jetpack_sharing_enabled":true,"jetpack_likes_enabled":true,"_links":{"self":[{"href":"https:\/\/watchdeluxe.it\/es\/wp-json\/wp\/v2\/product\/121673","targetHints":{"allow":["GET"]}}],"collection":[{"href":"https:\/\/watchdeluxe.it\/es\/wp-json\/wp\/v2\/product"}],"about":[{"href":"https:\/\/watchdeluxe.it\/es\/wp-json\/wp\/v2\/types\/product"}],"wp:featuredmedia":[{"embeddable":true,"href":"https:\/\/watchdeluxe.it\/es\/wp-json\/wp\/v2\/media\/121667"}],"wp:attachment":[{"href":"https:\/\/watchdeluxe.it\/es\/wp-json\/wp\/v2\/media?parent=121673"}],"wp:term":[{"taxonomy":"product_brand","embeddable":true,"href":"https:\/\/watchdeluxe.it\/es\/wp-json\/wp\/v2\/product_brand?post=121673"},{"taxonomy":"product_cat","embeddable":true,"href":"https:\/\/watchdeluxe.it\/es\/wp-json\/wp\/v2\/product_cat?post=121673"},{"taxonomy":"product_tag","embeddable":true,"href":"https:\/\/watchdeluxe.it\/es\/wp-json\/wp\/v2\/product_tag?post=121673"},{"taxonomy":"berocket_brand","embeddable":true,"href":"https:\/\/watchdeluxe.it\/es\/wp-json\/wp\/v2\/berocket_brand?post=121673"},{"taxonomy":"woo-feed-brand","embeddable":true,"href":"https:\/\/watchdeluxe.it\/es\/wp-json\/wp\/v2\/woo-feed-brand?post=121673"}],"curies":[{"name":"wp","href":"https:\/\/api.w.org\/{rel}","templated":true}]}}