{"id":121578,"date":"2025-10-03T14:35:57","date_gmt":"2025-10-03T12:35:57","guid":{"rendered":"https:\/\/watchdeluxe.it\/prodotto\/omega-seamaster-diver-42-ref-210-92-42-20-01-003\/"},"modified":"2025-10-03T14:35:57","modified_gmt":"2025-10-03T12:35:57","slug":"omega-seamaster-diver-42-ref-210-92-42-20-01-003","status":"publish","type":"product","link":"https:\/\/watchdeluxe.it\/es\/prodotto\/omega-seamaster-diver-42-ref-210-92-42-20-01-003\/","title":{"rendered":"Omega seamaster Diver 42 ref. 210.92.42.20.01.003"},"content":{"rendered":"<p>Omega seamaster diver 42 oro rosa ref. 210.92.42.20.01.003<\/p>\n<div id=\"js-more-info-tabs-3\" class=\"tab-pane fade show\">\n<div class=\"rte\">\n<div class=\"Customcontainer\">\n<p>Material: <span class=\"black\">Titanio<\/span><\/p>\n<p>Color: <span class=\"black\">Bronce<\/span><\/p>\n<p>Cristal: <span class=\"black\">Zafiro<\/span><\/p>\n<p>Tama\u00f1o: <span class=\"black\">42 mm.<\/span><\/p>\n<p>Resistencia al agua: <span class=\"black\">30 bares \/ 300 m<\/span><\/p>\n<p>Forma de la caja: <span class=\"black\">Redonda<\/span><\/p>\n<p>Grosor: <span class=\"black\">13,6 mm.<\/span><\/p>\n<div id=\"js-more-info-tabs-2\" class=\"tab-pane fade show\">\n<div class=\"rte\">\n<div class=\"Customcontainer\">\n<p>Movimiento: <span class=\"black\">Autom\u00e1tico<\/span><\/p>\n<p>Funciones: <span class=\"black\">Indicaci\u00f3n de fecha<\/span><\/p>\n<p>Calibre: <span class=\"black\">8806<\/span><\/p>\n<p>Reserva de marcha: <span class=\"black\">55 horas<\/span><\/p>\n<p>Certificaci\u00f3n: <span class=\"black\">METAS<\/span><\/p>\n<\/div>\n<\/div>\n<\/div>\n<p>&nbsp;<\/p>\n<\/div>\n<\/div>\n<\/div>\n","protected":false},"excerpt":{"rendered":"<p>Omega seamaster diver 42 oro rosa ref. 210.92.42.20.01.003 Material: Titanio Color: Bronce Cristal: Zafiro Tama\u00f1o: 42 mm. Resistencia al agua: 30 bares \/ 300 m Forma de la caja: Redonda Grosor: 13,6 mm. Movimiento: Autom\u00e1tico Funciones: Indicaci\u00f3n de fecha Calibre: 8806 Reserva de marcha: 55 horas Certificaci\u00f3n: METAS &nbsp;<\/p>\n","protected":false},"featured_media":121577,"template":"","meta":{"_crdt_document":"","advanced_seo_description":"","jetpack_seo_html_title":"","jetpack_seo_noindex":false},"product_brand":[2155],"product_cat":[1921],"product_tag":[3961],"berocket_brand":[],"woo-feed-brand":[],"class_list":{"0":"post-121578","1":"product","2":"type-product","3":"status-publish","4":"has-post-thumbnail","6":"product_brand-omega","7":"product_cat-omega","8":"product_tag-seamaster-2","10":"first","11":"instock","12":"sale","13":"taxable","14":"shipping-taxable","15":"purchasable","16":"product-type-simple"},"bundled_by":[],"bundle_stock_status":"instock","bundle_stock_quantity":1,"bundle_virtual":false,"bundle_layout":"","bundle_add_to_cart_form_location":"","bundle_editable_in_cart":false,"bundle_sold_individually_context":"","bundle_item_grouping":"","bundle_min_size":"","bundle_max_size":"","bundle_price":[],"bundled_items":[],"bundle_sell_ids":[],"group_of_quantity":0,"min_quantity":0,"max_quantity":"","exclude_order_quantity_value_rules":"no","exclude_category_quantity_rules":"no","combine_variations":"no","jetpack_sharing_enabled":true,"jetpack_likes_enabled":true,"_links":{"self":[{"href":"https:\/\/watchdeluxe.it\/es\/wp-json\/wp\/v2\/product\/121578","targetHints":{"allow":["GET"]}}],"collection":[{"href":"https:\/\/watchdeluxe.it\/es\/wp-json\/wp\/v2\/product"}],"about":[{"href":"https:\/\/watchdeluxe.it\/es\/wp-json\/wp\/v2\/types\/product"}],"wp:featuredmedia":[{"embeddable":true,"href":"https:\/\/watchdeluxe.it\/es\/wp-json\/wp\/v2\/media\/121577"}],"wp:attachment":[{"href":"https:\/\/watchdeluxe.it\/es\/wp-json\/wp\/v2\/media?parent=121578"}],"wp:term":[{"taxonomy":"product_brand","embeddable":true,"href":"https:\/\/watchdeluxe.it\/es\/wp-json\/wp\/v2\/product_brand?post=121578"},{"taxonomy":"product_cat","embeddable":true,"href":"https:\/\/watchdeluxe.it\/es\/wp-json\/wp\/v2\/product_cat?post=121578"},{"taxonomy":"product_tag","embeddable":true,"href":"https:\/\/watchdeluxe.it\/es\/wp-json\/wp\/v2\/product_tag?post=121578"},{"taxonomy":"berocket_brand","embeddable":true,"href":"https:\/\/watchdeluxe.it\/es\/wp-json\/wp\/v2\/berocket_brand?post=121578"},{"taxonomy":"woo-feed-brand","embeddable":true,"href":"https:\/\/watchdeluxe.it\/es\/wp-json\/wp\/v2\/woo-feed-brand?post=121578"}],"curies":[{"name":"wp","href":"https:\/\/api.w.org\/{rel}","templated":true}]}}