{"id":121292,"date":"2025-10-02T11:53:52","date_gmt":"2025-10-02T09:53:52","guid":{"rendered":"https:\/\/watchdeluxe.it\/prodotto\/baume-mercier-riviera-ref-m0a10812\/"},"modified":"2025-10-02T11:53:52","modified_gmt":"2025-10-02T09:53:52","slug":"baume-mercier-riviera-ref-m0a10812","status":"publish","type":"product","link":"https:\/\/watchdeluxe.it\/es\/prodotto\/baume-mercier-riviera-ref-m0a10812\/","title":{"rendered":"Baume &amp; Mercier Riviera ref. M0A10812"},"content":{"rendered":"<p>Baume &amp; Mercier Riviera ref. M0A10812<\/p>\n<p><strong>Movimiento<\/strong>: cuarzo &#8220;Swiss made<br \/>\n<strong>Funci\u00f3n<\/strong>: hora y fecha<br \/>\n<strong>Material de la caja<\/strong>: acero inoxidable, parte delantera y trasera de cristal de zafiro<br \/>\n<strong>Forma y di\u00e1metro de la caja<\/strong>: dodecagonal, 33,0 mm de di\u00e1metro por 9,22 mm de grosor<br \/>\n<strong>Esfera<\/strong>: rosa con acabado satinado ondulado, agujas &#8220;Dauphine&#8221; con revestimiento SuperLuminova, \u00edndices de bast\u00f3n y combinaci\u00f3n de n\u00fameros romanos plateados<br \/>\n<strong>Brazalete<\/strong>: acero inoxidable con sistema de cierre r\u00e1pido, triple cierre desplegable con cierre de seguridad de acero inoxidable<br \/>\n<strong>Resistencia al agua<\/strong>: 5 ATM (aprox. 50 m)<\/p>\n","protected":false},"excerpt":{"rendered":"<p>Baume &amp; Mercier Riviera ref. M0A10812 Movimiento: cuarzo &#8220;Swiss made Funci\u00f3n: hora y fecha Material de la caja: acero inoxidable, parte delantera y trasera de cristal de zafiro Forma y di\u00e1metro de la caja: dodecagonal, 33,0 mm de di\u00e1metro por 9,22 mm de grosor Esfera: rosa con acabado satinado ondulado, agujas &#8220;Dauphine&#8221; con revestimiento SuperLuminova, [&hellip;]<\/p>\n","protected":false},"featured_media":121287,"template":"","meta":{"_crdt_document":"","advanced_seo_description":"","jetpack_seo_html_title":"","jetpack_seo_noindex":false},"product_brand":[],"product_cat":[2613],"product_tag":[2619],"berocket_brand":[],"woo-feed-brand":[],"class_list":{"0":"post-121292","1":"product","2":"type-product","3":"status-publish","4":"has-post-thumbnail","6":"product_cat-baume-mercier-es","7":"product_tag-riviera-es","9":"first","10":"instock","11":"sale","12":"taxable","13":"shipping-taxable","14":"purchasable","15":"product-type-simple"},"bundled_by":[],"bundle_stock_status":"instock","bundle_stock_quantity":1,"bundle_virtual":false,"bundle_layout":"","bundle_add_to_cart_form_location":"","bundle_editable_in_cart":false,"bundle_sold_individually_context":"","bundle_item_grouping":"","bundle_min_size":"","bundle_max_size":"","bundle_price":[],"bundled_items":[],"bundle_sell_ids":[],"group_of_quantity":0,"min_quantity":0,"max_quantity":"","exclude_order_quantity_value_rules":"no","exclude_category_quantity_rules":"no","combine_variations":"no","jetpack_sharing_enabled":true,"jetpack_likes_enabled":true,"_links":{"self":[{"href":"https:\/\/watchdeluxe.it\/es\/wp-json\/wp\/v2\/product\/121292","targetHints":{"allow":["GET"]}}],"collection":[{"href":"https:\/\/watchdeluxe.it\/es\/wp-json\/wp\/v2\/product"}],"about":[{"href":"https:\/\/watchdeluxe.it\/es\/wp-json\/wp\/v2\/types\/product"}],"wp:featuredmedia":[{"embeddable":true,"href":"https:\/\/watchdeluxe.it\/es\/wp-json\/wp\/v2\/media\/121287"}],"wp:attachment":[{"href":"https:\/\/watchdeluxe.it\/es\/wp-json\/wp\/v2\/media?parent=121292"}],"wp:term":[{"taxonomy":"product_brand","embeddable":true,"href":"https:\/\/watchdeluxe.it\/es\/wp-json\/wp\/v2\/product_brand?post=121292"},{"taxonomy":"product_cat","embeddable":true,"href":"https:\/\/watchdeluxe.it\/es\/wp-json\/wp\/v2\/product_cat?post=121292"},{"taxonomy":"product_tag","embeddable":true,"href":"https:\/\/watchdeluxe.it\/es\/wp-json\/wp\/v2\/product_tag?post=121292"},{"taxonomy":"berocket_brand","embeddable":true,"href":"https:\/\/watchdeluxe.it\/es\/wp-json\/wp\/v2\/berocket_brand?post=121292"},{"taxonomy":"woo-feed-brand","embeddable":true,"href":"https:\/\/watchdeluxe.it\/es\/wp-json\/wp\/v2\/woo-feed-brand?post=121292"}],"curies":[{"name":"wp","href":"https:\/\/api.w.org\/{rel}","templated":true}]}}