{"id":120649,"date":"2025-09-30T16:57:58","date_gmt":"2025-09-30T14:57:58","guid":{"rendered":"https:\/\/watchdeluxe.it\/prodotto\/cronometro-mido-commander-ref-m0214311106101\/"},"modified":"2025-09-30T16:57:58","modified_gmt":"2025-09-30T14:57:58","slug":"cronometro-mido-commander-ref-m0214311106101","status":"publish","type":"product","link":"https:\/\/watchdeluxe.it\/es\/prodotto\/cronometro-mido-commander-ref-m0214311106101\/","title":{"rendered":"Cron\u00f3metro Mido commander ref. M0214311106101"},"content":{"rendered":"<p>Cron\u00f3metro Mido commander ref. M0214311106101<\/p>\n<ul>\n<li>\n<h4 aria-level=\"3\">Forma de la caja<\/h4>\n<p>Redondo<\/li>\n<li>\n<h4 aria-level=\"3\">Material del malet\u00edn<\/h4>\n<p>Acero inoxidable<\/li>\n<li>\n<h4 aria-level=\"3\">Vidrio<\/h4>\n<p>Cristal de zafiro<\/li>\n<li>\n<h4 aria-level=\"3\">Opciones de casos<\/h4>\n<p>Caja con fondo visible<\/li>\n<li>\n<h4 aria-level=\"3\">Longitud (mm)<\/h4>\n<p>40.00<\/li>\n<li>\n<h4 aria-level=\"3\">Anchura (mm)<\/h4>\n<p>40.00<\/li>\n<li>\n<h4 aria-level=\"3\">Espesor medio (mm)<\/h4>\n<p>11.3<\/li>\n<li>\n<h4 aria-level=\"3\">Bandas (mm)<\/h4>\n<p>21.00<\/li>\n<\/ul>\n<ul>\n<li>\n<h4 aria-level=\"3\">Movimiento<\/h4>\n<p>Cron\u00f3metro autom\u00e1tico MIDO ETA<\/li>\n<li>\n<h4 aria-level=\"3\">Funciones<\/h4>\n<p>Fecha, d\u00eda, silicona, cron\u00f3metro COSC<\/li>\n<li>\n<h4 aria-level=\"3\">Reserva de marcha<\/h4>\n<p>Reserva de marcha de 80 horas<\/li>\n<\/ul>\n","protected":false},"excerpt":{"rendered":"<p>Cron\u00f3metro Mido commander ref. M0214311106101 Forma de la caja Redondo Material del malet\u00edn Acero inoxidable Vidrio Cristal de zafiro Opciones de casos Caja con fondo visible Longitud (mm) 40.00 Anchura (mm) 40.00 Espesor medio (mm) 11.3 Bandas (mm) 21.00 Movimiento Cron\u00f3metro autom\u00e1tico MIDO ETA Funciones Fecha, d\u00eda, silicona, cron\u00f3metro COSC Reserva de marcha Reserva de [&hellip;]<\/p>\n","protected":false},"featured_media":120643,"template":"","meta":{"_crdt_document":"","advanced_seo_description":"","jetpack_seo_html_title":"","jetpack_seo_noindex":false},"product_brand":[2153],"product_cat":[2940],"product_tag":[2942],"berocket_brand":[],"woo-feed-brand":[],"class_list":{"0":"post-120649","1":"product","2":"type-product","3":"status-publish","4":"has-post-thumbnail","6":"product_brand-mido","7":"product_cat-mido-es","8":"product_tag-comandante","10":"first","11":"instock","12":"sale","13":"taxable","14":"shipping-taxable","15":"purchasable","16":"product-type-simple"},"bundled_by":[],"bundle_stock_status":"instock","bundle_stock_quantity":1,"bundle_virtual":false,"bundle_layout":"","bundle_add_to_cart_form_location":"","bundle_editable_in_cart":false,"bundle_sold_individually_context":"","bundle_item_grouping":"","bundle_min_size":"","bundle_max_size":"","bundle_price":[],"bundled_items":[],"bundle_sell_ids":[],"group_of_quantity":0,"min_quantity":0,"max_quantity":"","exclude_order_quantity_value_rules":"no","exclude_category_quantity_rules":"no","combine_variations":"no","jetpack_sharing_enabled":true,"jetpack_likes_enabled":true,"_links":{"self":[{"href":"https:\/\/watchdeluxe.it\/es\/wp-json\/wp\/v2\/product\/120649","targetHints":{"allow":["GET"]}}],"collection":[{"href":"https:\/\/watchdeluxe.it\/es\/wp-json\/wp\/v2\/product"}],"about":[{"href":"https:\/\/watchdeluxe.it\/es\/wp-json\/wp\/v2\/types\/product"}],"wp:featuredmedia":[{"embeddable":true,"href":"https:\/\/watchdeluxe.it\/es\/wp-json\/wp\/v2\/media\/120643"}],"wp:attachment":[{"href":"https:\/\/watchdeluxe.it\/es\/wp-json\/wp\/v2\/media?parent=120649"}],"wp:term":[{"taxonomy":"product_brand","embeddable":true,"href":"https:\/\/watchdeluxe.it\/es\/wp-json\/wp\/v2\/product_brand?post=120649"},{"taxonomy":"product_cat","embeddable":true,"href":"https:\/\/watchdeluxe.it\/es\/wp-json\/wp\/v2\/product_cat?post=120649"},{"taxonomy":"product_tag","embeddable":true,"href":"https:\/\/watchdeluxe.it\/es\/wp-json\/wp\/v2\/product_tag?post=120649"},{"taxonomy":"berocket_brand","embeddable":true,"href":"https:\/\/watchdeluxe.it\/es\/wp-json\/wp\/v2\/berocket_brand?post=120649"},{"taxonomy":"woo-feed-brand","embeddable":true,"href":"https:\/\/watchdeluxe.it\/es\/wp-json\/wp\/v2\/woo-feed-brand?post=120649"}],"curies":[{"name":"wp","href":"https:\/\/api.w.org\/{rel}","templated":true}]}}