{"id":120622,"date":"2025-09-30T16:49:11","date_gmt":"2025-09-30T14:49:11","guid":{"rendered":"https:\/\/watchdeluxe.it\/prodotto\/iconos-mido-commander-ref-m0316311109100\/"},"modified":"2025-09-30T16:49:11","modified_gmt":"2025-09-30T14:49:11","slug":"iconos-mido-commander-ref-m0316311109100","status":"publish","type":"product","link":"https:\/\/watchdeluxe.it\/es\/prodotto\/iconos-mido-commander-ref-m0316311109100\/","title":{"rendered":"Iconos Mido Commander ref. M0316311109100"},"content":{"rendered":"<p>Iconos Mido Commander ref. M0316311109100<\/p>\n<ul>\n<li>Movimiento mec\u00e1nico<\/li>\n<li><i class=\"pi pi-check\"><\/i>  Pantalla anal\u00f3gica<\/li>\n<li><i class=\"pi pi-check\"><\/i>  Funciones S\u00f3lo Tiempo<\/li>\n<li><i class=\"pi pi-check\"><\/i>  Resistencia al agua 05 ATM water resistant<\/li>\n<li><i class=\"pi pi-check\"><\/i>  Material de la caja Acero<\/li>\n<li><i class=\"pi pi-check\"><\/i>  Color de la caja Acero<\/li>\n<li><i class=\"pi pi-check\"><\/i>  Color de la esfera Verde<\/li>\n<li><i class=\"pi pi-check\"><\/i>  Material de la correa Acero<\/li>\n<li><i class=\"pi pi-check\"><\/i>  Color de la correa Acero<\/li>\n<li><i class=\"pi pi-check\"><\/i>  Di\u00e1metro de la caja 42 mm<\/li>\n<li><i class=\"pi pi-check\"><\/i>  Grosor de la caja 11 mm<\/li>\n<li><i class=\"pi pi-check\"><\/i>  Peso 138,00 g<\/li>\n<\/ul>\n","protected":false},"excerpt":{"rendered":"<p>Iconos Mido Commander ref. M0316311109100 Movimiento mec\u00e1nico Pantalla anal\u00f3gica Funciones S\u00f3lo Tiempo Resistencia al agua 05 ATM water resistant Material de la caja Acero Color de la caja Acero Color de la esfera Verde Material de la correa Acero Color de la correa Acero Di\u00e1metro de la caja 42 mm Grosor de la caja 11 [&hellip;]<\/p>\n","protected":false},"featured_media":120618,"template":"","meta":{"_crdt_document":"","advanced_seo_description":"","jetpack_seo_html_title":"","jetpack_seo_noindex":false},"product_brand":[2153],"product_cat":[1922],"product_tag":[3727],"berocket_brand":[],"woo-feed-brand":[],"class_list":{"0":"post-120622","1":"product","2":"type-product","3":"status-publish","4":"has-post-thumbnail","6":"product_brand-mido","7":"product_cat-mido","8":"product_tag-commander-2","10":"first","11":"instock","12":"sale","13":"taxable","14":"shipping-taxable","15":"purchasable","16":"product-type-simple"},"bundled_by":[],"bundle_stock_status":"instock","bundle_stock_quantity":1,"bundle_virtual":false,"bundle_layout":"","bundle_add_to_cart_form_location":"","bundle_editable_in_cart":false,"bundle_sold_individually_context":"","bundle_item_grouping":"","bundle_min_size":"","bundle_max_size":"","bundle_price":[],"bundled_items":[],"bundle_sell_ids":[],"group_of_quantity":0,"min_quantity":0,"max_quantity":"","exclude_order_quantity_value_rules":"no","exclude_category_quantity_rules":"no","combine_variations":"no","jetpack_sharing_enabled":true,"jetpack_likes_enabled":true,"_links":{"self":[{"href":"https:\/\/watchdeluxe.it\/es\/wp-json\/wp\/v2\/product\/120622","targetHints":{"allow":["GET"]}}],"collection":[{"href":"https:\/\/watchdeluxe.it\/es\/wp-json\/wp\/v2\/product"}],"about":[{"href":"https:\/\/watchdeluxe.it\/es\/wp-json\/wp\/v2\/types\/product"}],"wp:featuredmedia":[{"embeddable":true,"href":"https:\/\/watchdeluxe.it\/es\/wp-json\/wp\/v2\/media\/120618"}],"wp:attachment":[{"href":"https:\/\/watchdeluxe.it\/es\/wp-json\/wp\/v2\/media?parent=120622"}],"wp:term":[{"taxonomy":"product_brand","embeddable":true,"href":"https:\/\/watchdeluxe.it\/es\/wp-json\/wp\/v2\/product_brand?post=120622"},{"taxonomy":"product_cat","embeddable":true,"href":"https:\/\/watchdeluxe.it\/es\/wp-json\/wp\/v2\/product_cat?post=120622"},{"taxonomy":"product_tag","embeddable":true,"href":"https:\/\/watchdeluxe.it\/es\/wp-json\/wp\/v2\/product_tag?post=120622"},{"taxonomy":"berocket_brand","embeddable":true,"href":"https:\/\/watchdeluxe.it\/es\/wp-json\/wp\/v2\/berocket_brand?post=120622"},{"taxonomy":"woo-feed-brand","embeddable":true,"href":"https:\/\/watchdeluxe.it\/es\/wp-json\/wp\/v2\/woo-feed-brand?post=120622"}],"curies":[{"name":"wp","href":"https:\/\/api.w.org\/{rel}","templated":true}]}}