{"id":120542,"date":"2025-09-30T16:20:07","date_gmt":"2025-09-30T14:20:07","guid":{"rendered":"https:\/\/watchdeluxe.it\/prodotto\/longines-zulu-time-spirit-piloto-cronografo-flyback-ref-l37214536\/"},"modified":"2025-09-30T16:20:07","modified_gmt":"2025-09-30T14:20:07","slug":"longines-zulu-time-spirit-piloto-cronografo-flyback-ref-l37214536","status":"publish","type":"product","link":"https:\/\/watchdeluxe.it\/es\/prodotto\/longines-zulu-time-spirit-piloto-cronografo-flyback-ref-l37214536\/","title":{"rendered":"Longines Zulu time Spirit piloto cron\u00f3grafo flyback ref. L37214536"},"content":{"rendered":"<p>Longines Zulu time Spirit piloto cron\u00f3grafo flyback ref. L37214536<\/p>\n<ul>\n<li class=\"ProductPageData_Item__oMdBV\" data-code=\"case_shape\">\n<h3 class=\"MuiTypography-root MuiTypography-label Typography_Container__MrWZd css-jfub8h\" aria-hidden=\"false\">Formulario<\/h3>\n<div class=\"MuiTypography-root MuiTypography-body1 Typography_Container__MrWZd Typography_Color_mediumGrey___tE24 css-1j2upu4\" aria-hidden=\"false\"><span class=\"MuiTypography-root MuiTypography-label Typography_Container__MrWZd css-1br7w99\">Rotonda<\/span><\/div>\n<\/li>\n<li class=\"ProductPageData_Item__oMdBV\" data-code=\"case_material\">\n<h3 class=\"MuiTypography-root MuiTypography-label Typography_Container__MrWZd css-jfub8h\" aria-hidden=\"false\">Material<\/h3>\n<div class=\"MuiTypography-root MuiTypography-body1 Typography_Container__MrWZd Typography_Color_mediumGrey___tE24 css-1j2upu4\" aria-hidden=\"false\"><span class=\"MuiTypography-root MuiTypography-label Typography_Container__MrWZd css-1br7w99\">Bisel de acero inoxidable y cer\u00e1mica<\/span><\/div>\n<\/li>\n<li class=\"ProductPageData_Item__oMdBV\" data-code=\"case_glass\">\n<h3 class=\"MuiTypography-root MuiTypography-label Typography_Container__MrWZd css-jfub8h\" aria-hidden=\"false\">Vidrio<\/h3>\n<div class=\"MuiTypography-root MuiTypography-body1 Typography_Container__MrWZd Typography_Color_mediumGrey___tE24 css-1j2upu4\" aria-hidden=\"false\"><span class=\"MuiTypography-root MuiTypography-label Typography_Container__MrWZd css-1br7w99\">Cristal de zafiro resistente a los ara\u00f1azos con revestimiento antirreflejos multicapa en ambas caras<\/span><\/div>\n<\/li>\n<li class=\"ProductPageData_Item__oMdBV\" data-code=\"case_case_back\">\n<h3 class=\"MuiTypography-root MuiTypography-label Typography_Container__MrWZd css-jfub8h\" aria-hidden=\"false\">Caja trasera<\/h3>\n<div class=\"MuiTypography-root MuiTypography-body1 Typography_Container__MrWZd Typography_Color_mediumGrey___tE24 css-1j2upu4\" aria-hidden=\"false\"><span class=\"MuiTypography-root MuiTypography-label Typography_Container__MrWZd css-1br7w99\">Fondo de cristal de zafiro transparente<\/span><\/div>\n<\/li>\n<li class=\"ProductPageData_Item__oMdBV\" data-code=\"case_dimension\">\n<h3 class=\"MuiTypography-root MuiTypography-label Typography_Container__MrWZd css-jfub8h\" aria-hidden=\"false\">Dimensiones<\/h3>\n<div class=\"MuiTypography-root MuiTypography-body1 Typography_Container__MrWZd Typography_Color_mediumGrey___tE24 css-1j2upu4\" aria-hidden=\"false\"><span class=\"MuiTypography-root MuiTypography-label Typography_Container__MrWZd css-1br7w99\">\u00d8 42,00 mm<\/span><\/div>\n<\/li>\n<li class=\"ProductPageData_Item__oMdBV\" data-code=\"case_lug_distance\">\n<h3 class=\"MuiTypography-root MuiTypography-label Typography_Container__MrWZd css-jfub8h\" aria-hidden=\"false\">Distancia entre bucles<\/h3>\n<div class=\"MuiTypography-root MuiTypography-body1 Typography_Container__MrWZd Typography_Color_mediumGrey___tE24 css-1j2upu4\" aria-hidden=\"false\"><span class=\"MuiTypography-root MuiTypography-label Typography_Container__MrWZd css-1br7w99\">22 mm<\/span><\/div>\n<\/li>\n<li class=\"ProductPageData_Item__oMdBV\" data-code=\"case_lug_to_lug\">\n<h3 class=\"MuiTypography-root MuiTypography-label Typography_Container__MrWZd css-jfub8h\" aria-hidden=\"false\">De ansa a ansa<\/h3>\n<div class=\"MuiTypography-root MuiTypography-body1 Typography_Container__MrWZd Typography_Color_mediumGrey___tE24 css-1j2upu4\" aria-hidden=\"false\"><span class=\"MuiTypography-root MuiTypography-label Typography_Container__MrWZd css-1br7w99\">49,50 mm<\/span><\/div>\n<\/li>\n<li class=\"ProductPageData_Item__oMdBV\" data-code=\"case_thickness\">\n<h3 class=\"MuiTypography-root MuiTypography-label Typography_Container__MrWZd css-jfub8h\" aria-hidden=\"false\">Espesor<\/h3>\n<div class=\"MuiTypography-root MuiTypography-body1 Typography_Container__MrWZd Typography_Color_mediumGrey___tE24 css-1j2upu4\" aria-hidden=\"false\"><span class=\"MuiTypography-root MuiTypography-label Typography_Container__MrWZd css-1br7w99\">17,00 mm<\/span><\/div>\n<\/li>\n<li class=\"ProductPageData_Item__oMdBV\" data-code=\"case_water_resistance\">\n<h3 class=\"MuiTypography-root MuiTypography-label Typography_Container__MrWZd css-jfub8h\" aria-hidden=\"false\">Impermeable<\/h3>\n<div class=\"MuiTypography-root MuiTypography-body1 Typography_Container__MrWZd Typography_Color_mediumGrey___tE24 css-1j2upu4\" aria-hidden=\"false\"><span class=\"MuiTypography-root MuiTypography-label Typography_Container__MrWZd css-1br7w99\">Resistente al agua hasta 10 bar<\/span><\/div>\n<\/li>\n<li class=\"ProductPageData_Item__oMdBV\" data-code=\"case_specificities\">\n<h3 class=\"MuiTypography-root MuiTypography-label Typography_Container__MrWZd css-jfub8h\" aria-hidden=\"false\">Caracter\u00edsticas<\/h3>\n<div class=\"MuiTypography-root MuiTypography-body1 Typography_Container__MrWZd Typography_Color_mediumGrey___tE24 css-1j2upu4\" aria-hidden=\"false\"><span class=\"MuiTypography-root MuiTypography-label Typography_Container__MrWZd css-1br7w99\">Bisel giratorio bidireccional, corona a rosca<\/span><\/div>\n<div class=\"MuiCollapse-root MuiCollapse-vertical MuiCollapse-entered css-c4sutr\">\n<div class=\"MuiCollapse-wrapper MuiCollapse-vertical css-hboir5\">\n<div class=\"MuiCollapse-wrapperInner MuiCollapse-vertical css-8atqhb\">\n<div id=\"movementAndFunctions-content\" class=\"MuiAccordion-region\" role=\"region\" aria-labelledby=\"movementAndFunctions-header\">\n<div class=\"MuiAccordionDetails-root Accordion_Accordion__Details__445Ts Accordion_Accordion__Details_noSep__bF42b css-1tco0e8\">\n<ul class=\"ProductPageData_List__zkFdZ\">\n<li class=\"ProductPageData_Item__oMdBV\" data-code=\"mvt_fct_type\">\n<h3 class=\"MuiTypography-root MuiTypography-label Typography_Container__MrWZd css-jfub8h\" aria-hidden=\"false\">Tipo de movimiento<\/h3>\n<div class=\"MuiTypography-root MuiTypography-body1 Typography_Container__MrWZd Typography_Color_mediumGrey___tE24 css-1j2upu4\" aria-hidden=\"false\"><span class=\"MuiTypography-root MuiTypography-label Typography_Container__MrWZd css-1br7w99\">Autom\u00e1tico<\/span><\/div>\n<\/li>\n<li class=\"ProductPageData_Item__oMdBV\" data-code=\"mvt_fct_functions\">\n<h3 class=\"MuiTypography-root MuiTypography-label Typography_Container__MrWZd css-jfub8h\" aria-hidden=\"false\">Funci\u00f3n<\/h3>\n<div class=\"MuiTypography-root MuiTypography-body1 Typography_Container__MrWZd Typography_Color_mediumGrey___tE24 css-1j2upu4\" aria-hidden=\"false\"><span class=\"MuiTypography-root MuiTypography-label Typography_Container__MrWZd css-1br7w99\">Horas, minutos y segundero peque\u00f1o a las 9<\/span><\/div>\n<\/li>\n<li class=\"ProductPageData_Item__oMdBV\" data-code=\"mvt_fct_calibre_name\">\n<h3 class=\"MuiTypography-root MuiTypography-label Typography_Container__MrWZd css-jfub8h\" aria-hidden=\"false\">Calibre<\/h3>\n<div class=\"MuiTypography-root MuiTypography-body1 Typography_Container__MrWZd Typography_Color_mediumGrey___tE24 css-1j2upu4\" aria-hidden=\"false\"><span class=\"MuiTypography-root MuiTypography-label Typography_Container__MrWZd css-1br7w99\">L791<\/span><\/div>\n<\/li>\n<li class=\"ProductPageData_Item__oMdBV\" data-code=\"mvt_fct_calibre\">\n<h3 class=\"MuiTypography-root MuiTypography-label Typography_Container__MrWZd css-jfub8h\" aria-hidden=\"false\">Descripci\u00f3n del movimiento<\/h3>\n<div class=\"MuiTypography-root MuiTypography-body1 Typography_Container__MrWZd Typography_Color_mediumGrey___tE24 css-1j2upu4\" aria-hidden=\"false\"><span class=\"MuiTypography-root MuiTypography-label Typography_Container__MrWZd css-1br7w99\">Movimiento mec\u00e1nico autom\u00e1tico con una frecuencia de 28.800 alternancias por hora y una reserva de marcha de aproximadamente 68 horas, espiral de silicio monocristalino<\/span><\/div>\n<\/li>\n<li class=\"ProductPageData_Item__oMdBV\" data-code=\"mvt_fct_chronograph\">\n<h3 class=\"MuiTypography-root MuiTypography-label Typography_Container__MrWZd css-jfub8h\" aria-hidden=\"false\">Cron\u00f3grafo<\/h3>\n<div class=\"MuiTypography-root MuiTypography-body1 Typography_Container__MrWZd Typography_Color_mediumGrey___tE24 css-1j2upu4\" aria-hidden=\"false\"><span class=\"MuiTypography-root MuiTypography-label Typography_Container__MrWZd css-1br7w99\">Flyback<\/span><\/div>\n<\/li>\n<li class=\"ProductPageData_Item__oMdBV\" data-code=\"mvt_fct_chrono_fct\">\n<h3 class=\"MuiTypography-root MuiTypography-label Typography_Container__MrWZd css-jfub8h\" aria-hidden=\"false\">Funciones cronogr\u00e1ficas<\/h3>\n<div class=\"MuiTypography-root MuiTypography-body1 Typography_Container__MrWZd Typography_Color_mediumGrey___tE24 css-1j2upu4\" aria-hidden=\"false\"><span class=\"MuiTypography-root MuiTypography-label Typography_Container__MrWZd css-1br7w99\">Mecanismo del cron\u00f3grafo: aguja central de 60 segundos y contador de 30 minutos a las 3 horas<\/span><\/div>\n<\/li>\n<\/ul>\n<\/div>\n<\/div>\n<\/div>\n<\/div>\n<\/div>\n<\/li>\n<\/ul>\n<p>&nbsp;<\/p>\n","protected":false},"excerpt":{"rendered":"<p>Longines Zulu time Spirit piloto cron\u00f3grafo flyback ref. L37214536 Formulario Rotonda Material Bisel de acero inoxidable y cer\u00e1mica Vidrio Cristal de zafiro resistente a los ara\u00f1azos con revestimiento antirreflejos multicapa en ambas caras Caja trasera Fondo de cristal de zafiro transparente Dimensiones \u00d8 42,00 mm Distancia entre bucles 22 mm De ansa a ansa 49,50 [&hellip;]<\/p>\n","protected":false},"featured_media":120537,"template":"","meta":{"_crdt_document":"","advanced_seo_description":"","jetpack_seo_html_title":"","jetpack_seo_noindex":false},"product_brand":[2151],"product_cat":[1923],"product_tag":[3932],"berocket_brand":[],"woo-feed-brand":[],"class_list":{"0":"post-120542","1":"product","2":"type-product","3":"status-publish","4":"has-post-thumbnail","6":"product_brand-longines","7":"product_cat-longines","8":"product_tag-spirit-2","10":"first","11":"instock","12":"sale","13":"taxable","14":"shipping-taxable","15":"purchasable","16":"product-type-simple"},"bundled_by":[],"bundle_stock_status":"instock","bundle_stock_quantity":1,"bundle_virtual":false,"bundle_layout":"","bundle_add_to_cart_form_location":"","bundle_editable_in_cart":false,"bundle_sold_individually_context":"","bundle_item_grouping":"","bundle_min_size":"","bundle_max_size":"","bundle_price":[],"bundled_items":[],"bundle_sell_ids":[],"group_of_quantity":0,"min_quantity":0,"max_quantity":"","exclude_order_quantity_value_rules":"no","exclude_category_quantity_rules":"no","combine_variations":"no","jetpack_sharing_enabled":true,"jetpack_likes_enabled":true,"_links":{"self":[{"href":"https:\/\/watchdeluxe.it\/es\/wp-json\/wp\/v2\/product\/120542","targetHints":{"allow":["GET"]}}],"collection":[{"href":"https:\/\/watchdeluxe.it\/es\/wp-json\/wp\/v2\/product"}],"about":[{"href":"https:\/\/watchdeluxe.it\/es\/wp-json\/wp\/v2\/types\/product"}],"wp:featuredmedia":[{"embeddable":true,"href":"https:\/\/watchdeluxe.it\/es\/wp-json\/wp\/v2\/media\/120537"}],"wp:attachment":[{"href":"https:\/\/watchdeluxe.it\/es\/wp-json\/wp\/v2\/media?parent=120542"}],"wp:term":[{"taxonomy":"product_brand","embeddable":true,"href":"https:\/\/watchdeluxe.it\/es\/wp-json\/wp\/v2\/product_brand?post=120542"},{"taxonomy":"product_cat","embeddable":true,"href":"https:\/\/watchdeluxe.it\/es\/wp-json\/wp\/v2\/product_cat?post=120542"},{"taxonomy":"product_tag","embeddable":true,"href":"https:\/\/watchdeluxe.it\/es\/wp-json\/wp\/v2\/product_tag?post=120542"},{"taxonomy":"berocket_brand","embeddable":true,"href":"https:\/\/watchdeluxe.it\/es\/wp-json\/wp\/v2\/berocket_brand?post=120542"},{"taxonomy":"woo-feed-brand","embeddable":true,"href":"https:\/\/watchdeluxe.it\/es\/wp-json\/wp\/v2\/woo-feed-brand?post=120542"}],"curies":[{"name":"wp","href":"https:\/\/api.w.org\/{rel}","templated":true}]}}