{"id":120410,"date":"2025-09-29T15:33:29","date_gmt":"2025-09-29T13:33:29","guid":{"rendered":"https:\/\/watchdeluxe.it\/prodotto\/longines-conquest-heritage-ref-l16494622\/"},"modified":"2025-09-29T15:33:29","modified_gmt":"2025-09-29T13:33:29","slug":"longines-conquest-heritage-ref-l16494622","status":"publish","type":"product","link":"https:\/\/watchdeluxe.it\/es\/prodotto\/longines-conquest-heritage-ref-l16494622\/","title":{"rendered":"Longines Conquest Heritage ref. L16494622"},"content":{"rendered":"<p>Longines Conquest Heritage ref. L16494622<\/p>\n<div class=\"space-y-4\">\n<p class=\"text-mediumGrey text-paragraphMedium m-0 layout-nightmode:text-white font-bold mb-2\">Di\u00e1metro de la caja de acero 38,00 mm,<\/p>\n<\/div>\n<section class=\"mt-2\">Movimiento mec\u00e1nico autom\u00e1tico con una frecuencia de 25.200 alternancias por hora y una reserva de marcha de aproximadamente 72 horas, espiral de silicio monocristalino.Medall\u00f3n de oro de 18 quilates con pez, herm\u00e9tico hasta 5 bares, cristal de zafiro resistente a los ara\u00f1azos con revestimiento antirreflejos multicapa en ambas caras.Esfera marr\u00f3n, suizo superluminova\u00ae.<\/p>\n<p>Brazalete de correa de cocodrilo, con hebilla.<\/p>\n<\/section>\n","protected":false},"excerpt":{"rendered":"<p>Longines Conquest Heritage ref. L16494622 Di\u00e1metro de la caja de acero 38,00 mm, Movimiento mec\u00e1nico autom\u00e1tico con una frecuencia de 25.200 alternancias por hora y una reserva de marcha de aproximadamente 72 horas, espiral de silicio monocristalino.Medall\u00f3n de oro de 18 quilates con pez, herm\u00e9tico hasta 5 bares, cristal de zafiro resistente a los ara\u00f1azos [&hellip;]<\/p>\n","protected":false},"featured_media":120406,"template":"","meta":{"_crdt_document":"","advanced_seo_description":"","jetpack_seo_html_title":"","jetpack_seo_noindex":false},"product_brand":[2151],"product_cat":[1923],"product_tag":[4060],"berocket_brand":[],"woo-feed-brand":[],"class_list":{"0":"post-120410","1":"product","2":"type-product","3":"status-publish","4":"has-post-thumbnail","6":"product_brand-longines","7":"product_cat-longines","8":"product_tag-conquest-2","10":"first","11":"instock","12":"sale","13":"taxable","14":"shipping-taxable","15":"purchasable","16":"product-type-simple"},"bundled_by":[],"bundle_stock_status":"instock","bundle_stock_quantity":1,"bundle_virtual":false,"bundle_layout":"","bundle_add_to_cart_form_location":"","bundle_editable_in_cart":false,"bundle_sold_individually_context":"","bundle_item_grouping":"","bundle_min_size":"","bundle_max_size":"","bundle_price":[],"bundled_items":[],"bundle_sell_ids":[],"group_of_quantity":0,"min_quantity":0,"max_quantity":"","exclude_order_quantity_value_rules":"no","exclude_category_quantity_rules":"no","combine_variations":"no","jetpack_sharing_enabled":true,"jetpack_likes_enabled":true,"_links":{"self":[{"href":"https:\/\/watchdeluxe.it\/es\/wp-json\/wp\/v2\/product\/120410","targetHints":{"allow":["GET"]}}],"collection":[{"href":"https:\/\/watchdeluxe.it\/es\/wp-json\/wp\/v2\/product"}],"about":[{"href":"https:\/\/watchdeluxe.it\/es\/wp-json\/wp\/v2\/types\/product"}],"wp:featuredmedia":[{"embeddable":true,"href":"https:\/\/watchdeluxe.it\/es\/wp-json\/wp\/v2\/media\/120406"}],"wp:attachment":[{"href":"https:\/\/watchdeluxe.it\/es\/wp-json\/wp\/v2\/media?parent=120410"}],"wp:term":[{"taxonomy":"product_brand","embeddable":true,"href":"https:\/\/watchdeluxe.it\/es\/wp-json\/wp\/v2\/product_brand?post=120410"},{"taxonomy":"product_cat","embeddable":true,"href":"https:\/\/watchdeluxe.it\/es\/wp-json\/wp\/v2\/product_cat?post=120410"},{"taxonomy":"product_tag","embeddable":true,"href":"https:\/\/watchdeluxe.it\/es\/wp-json\/wp\/v2\/product_tag?post=120410"},{"taxonomy":"berocket_brand","embeddable":true,"href":"https:\/\/watchdeluxe.it\/es\/wp-json\/wp\/v2\/berocket_brand?post=120410"},{"taxonomy":"woo-feed-brand","embeddable":true,"href":"https:\/\/watchdeluxe.it\/es\/wp-json\/wp\/v2\/woo-feed-brand?post=120410"}],"curies":[{"name":"wp","href":"https:\/\/api.w.org\/{rel}","templated":true}]}}