{"id":120318,"date":"2025-09-26T15:31:26","date_gmt":"2025-09-26T13:31:26","guid":{"rendered":"https:\/\/watchdeluxe.it\/prodotto\/hamilton-caqui-marino-scuba-gmt-ref-h82555150\/"},"modified":"2025-09-26T15:31:26","modified_gmt":"2025-09-26T13:31:26","slug":"hamilton-caqui-marino-scuba-gmt-ref-h82555150","status":"publish","type":"product","link":"https:\/\/watchdeluxe.it\/es\/prodotto\/hamilton-caqui-marino-scuba-gmt-ref-h82555150\/","title":{"rendered":"Hamilton Caqui Marino Scuba GMT ref. H82555150"},"content":{"rendered":"<p>Hamilton Caqui Marino Scuba GMT ref. H82555150<\/p>\n<div id=\"additional\" class=\"content\" role=\"tabpanel\" data-role=\"content\" aria-labelledby=\"tab-label-additional\" aria-hidden=\"false\">\n<ul class=\"product attribute details row no-margin no-style-ul\">\n<li><span class=\"attribute-label\">Referencia<\/span> <span class=\"attribute-value\">H82555150<\/span><\/li>\n<li><span class=\"attribute-label\">Calibre<\/span> <span class=\"attribute-value\">H-14<\/span><\/li>\n<li><span class=\"attribute-label\">Colecci\u00f3n<\/span> <span class=\"attribute-value\">Caqui Marino<\/span><\/li>\n<li><span class=\"attribute-label\">Movimiento<\/span> <span class=\"attribute-value\">De cuerda autom\u00e1tica<\/span><\/li>\n<li><span class=\"attribute-label\">Funciones del reloj<\/span> <span class=\"attribute-value\">Funci\u00f3n GMT, D\u00eda<\/span><\/li>\n<li><span class=\"attribute-label\">Dimensiones de la caja<\/span> <span class=\"attribute-value\">43 mm<\/span><\/li>\n<li><span class=\"attribute-label\">Grosor (mm)<\/span> <span class=\"attribute-value\">13.9<\/span><\/li>\n<li><span class=\"attribute-label\">Color de la esfera<\/span> <span class=\"attribute-value\">Plata<\/span><\/li>\n<li><span class=\"attribute-label\">Material de la caja<\/span> <span class=\"attribute-value\">Acero<\/span><\/li>\n<li><span class=\"attribute-label\">Vidrio<\/span> <span class=\"attribute-value\">Zafiro<\/span><\/li>\n<li><span class=\"attribute-label\">Anchura del bucle<\/span> <span class=\"attribute-value\">22 mm<\/span><\/li>\n<li><span class=\"attribute-label\">Reserva de marcha<\/span> <span class=\"attribute-value\">80 horas<\/span><\/li>\n<li><span class=\"attribute-label\">Estado<\/span> <span class=\"attribute-value\">Colecci\u00f3n actual<\/span><\/li>\n<li><span class=\"attribute-label\">Resistencia al agua<\/span> <span class=\"attribute-value\">30 bares (300 m)<\/span><\/li>\n<li><span class=\"attribute-label\">Antirreflejos<\/span> <span class=\"attribute-value\">S\u00ed<\/span><\/li>\n<li><span class=\"attribute-label\">Corona de rosca<\/span> <span class=\"attribute-value\">S\u00ed<\/span><\/li>\n<li><span class=\"attribute-label\">Nivachron<\/span> <span class=\"attribute-value\">S\u00ed<\/span><\/li>\n<li><span class=\"attribute-label\">Super Luminova<\/span> <span class=\"attribute-value\">S\u00ed<\/span><\/li>\n<\/ul>\n<\/div>\n","protected":false},"excerpt":{"rendered":"<p>Hamilton Caqui Marino Scuba GMT ref. H82555150 Referencia H82555150 Calibre H-14 Colecci\u00f3n Caqui Marino Movimiento De cuerda autom\u00e1tica Funciones del reloj Funci\u00f3n GMT, D\u00eda Dimensiones de la caja 43 mm Grosor (mm) 13.9 Color de la esfera Plata Material de la caja Acero Vidrio Zafiro Anchura del bucle 22 mm Reserva de marcha 80 horas [&hellip;]<\/p>\n","protected":false},"featured_media":120317,"template":"","meta":{"_crdt_document":"","advanced_seo_description":"","jetpack_seo_html_title":"","jetpack_seo_noindex":false},"product_brand":[],"product_cat":[1915],"product_tag":[2317],"berocket_brand":[],"woo-feed-brand":[],"class_list":{"0":"post-120318","1":"product","2":"type-product","3":"status-publish","4":"has-post-thumbnail","6":"product_cat-hamilton","7":"product_tag-caqui","9":"first","10":"instock","11":"sale","12":"taxable","13":"shipping-taxable","14":"purchasable","15":"product-type-simple"},"bundled_by":[],"bundle_stock_status":"instock","bundle_stock_quantity":null,"bundle_virtual":false,"bundle_layout":"","bundle_add_to_cart_form_location":"","bundle_editable_in_cart":false,"bundle_sold_individually_context":"","bundle_item_grouping":"","bundle_min_size":"","bundle_max_size":"","bundle_price":[],"bundled_items":[],"bundle_sell_ids":[],"group_of_quantity":0,"min_quantity":0,"max_quantity":"","exclude_order_quantity_value_rules":"no","exclude_category_quantity_rules":"no","combine_variations":"no","jetpack_sharing_enabled":true,"jetpack_likes_enabled":true,"_links":{"self":[{"href":"https:\/\/watchdeluxe.it\/es\/wp-json\/wp\/v2\/product\/120318","targetHints":{"allow":["GET"]}}],"collection":[{"href":"https:\/\/watchdeluxe.it\/es\/wp-json\/wp\/v2\/product"}],"about":[{"href":"https:\/\/watchdeluxe.it\/es\/wp-json\/wp\/v2\/types\/product"}],"wp:featuredmedia":[{"embeddable":true,"href":"https:\/\/watchdeluxe.it\/es\/wp-json\/wp\/v2\/media\/120317"}],"wp:attachment":[{"href":"https:\/\/watchdeluxe.it\/es\/wp-json\/wp\/v2\/media?parent=120318"}],"wp:term":[{"taxonomy":"product_brand","embeddable":true,"href":"https:\/\/watchdeluxe.it\/es\/wp-json\/wp\/v2\/product_brand?post=120318"},{"taxonomy":"product_cat","embeddable":true,"href":"https:\/\/watchdeluxe.it\/es\/wp-json\/wp\/v2\/product_cat?post=120318"},{"taxonomy":"product_tag","embeddable":true,"href":"https:\/\/watchdeluxe.it\/es\/wp-json\/wp\/v2\/product_tag?post=120318"},{"taxonomy":"berocket_brand","embeddable":true,"href":"https:\/\/watchdeluxe.it\/es\/wp-json\/wp\/v2\/berocket_brand?post=120318"},{"taxonomy":"woo-feed-brand","embeddable":true,"href":"https:\/\/watchdeluxe.it\/es\/wp-json\/wp\/v2\/woo-feed-brand?post=120318"}],"curies":[{"name":"wp","href":"https:\/\/api.w.org\/{rel}","templated":true}]}}