{"id":120235,"date":"2025-09-26T10:35:02","date_gmt":"2025-09-26T08:35:02","guid":{"rendered":"https:\/\/watchdeluxe.it\/prodotto\/breitling-superocean-heritage-b31-42-ref-ub3111241b1a1\/"},"modified":"2025-09-26T10:35:02","modified_gmt":"2025-09-26T08:35:02","slug":"breitling-superocean-heritage-b31-42-ref-ub3111241b1a1","status":"publish","type":"product","link":"https:\/\/watchdeluxe.it\/es\/prodotto\/breitling-superocean-heritage-b31-42-ref-ub3111241b1a1\/","title":{"rendered":"Breitling Superocean Heritage B31 42 ref. UB3111241B1A1"},"content":{"rendered":"<p>Breitling Superocean Heritage B31 42 ref. UB3111241B1A1<\/p>\n<div class=\"sc-59f902fd-0 kSDZnm sc-95eb054c-2 PbFWw\" data-test-id=\"Section\">\n<p class=\"sc-59f902fd-0 kSDZnm sc-99f1fd2f-0 NUQxh sc-95eb054c-4 kbgdmi\" data-test-id=\"SectionTitle\">Movimiento Breitling Calibre B31 (Fabricaci\u00f3n)<\/p>\n<div class=\"sc-59f902fd-0 kSDZnm sc-32f8a63d-0 iKoONW sc-95eb054c-5 exblBU\" data-test-id=\"NameValueWrapper-1\">\n<p class=\"sc-59f902fd-0 kSDZnm sc-99f1fd2f-0 NUQxh sc-95eb054c-6 hXAmFS\" data-test-id=\"Name-1\">Movimiento Mec\u00e1nico de cuerda autom\u00e1tica<\/p>\n<\/div>\n<div class=\"sc-59f902fd-0 kSDZnm sc-32f8a63d-0 iKoONW sc-95eb054c-5 exblBU\" data-test-id=\"NameValueWrapper-2\">\n<p class=\"sc-59f902fd-0 kSDZnm sc-99f1fd2f-0 NUQxh sc-95eb054c-6 hXAmFS\" data-test-id=\"Name-2\">Reserva de energ\u00eda Aprox. 78 horas<\/p>\n<\/div>\n<div class=\"sc-59f902fd-0 kSDZnm sc-32f8a63d-0 iKoONW sc-95eb054c-5 exblBU\" data-test-id=\"NameValueWrapper-3\">\n<p class=\"sc-59f902fd-0 kSDZnm sc-99f1fd2f-0 NUQxh sc-95eb054c-6 hXAmFS\" data-test-id=\"Name-3\">Vibraci\u00f3n 28 800 a\/h<\/p>\n<\/div>\n<div class=\"sc-59f902fd-0 kSDZnm sc-32f8a63d-0 iKoONW sc-95eb054c-5 exblBU\" data-test-id=\"NameValueWrapper-4\">\n<p class=\"sc-59f902fd-0 kSDZnm sc-99f1fd2f-0 NUQxh sc-95eb054c-6 hXAmFS\" data-test-id=\"Name-4\">Calendario Una ventana en la esfera<\/p>\n<\/div>\n<\/div>\n<div class=\"sc-59f902fd-0 kSDZnm sc-95eb054c-2 PbFWw\" data-test-id=\"Section\">\n<p class=\"sc-59f902fd-0 kSDZnm sc-99f1fd2f-0 NUQxh sc-95eb054c-4 kbgdmi\" data-test-id=\"SectionTitle\">Caja Acero inoxidable y oro rojo de 18 quilates<\/p>\n<div class=\"sc-59f902fd-0 kSDZnm sc-32f8a63d-0 iKoONW sc-95eb054c-5 exblBU\" data-test-id=\"NameValueWrapper-1\">\n<p class=\"sc-59f902fd-0 kSDZnm sc-99f1fd2f-0 NUQxh sc-95eb054c-6 hXAmFS\" data-test-id=\"Name-1\">Resistencia al agua 200 metros<\/p>\n<\/div>\n<\/div>\n<div class=\"sc-59f902fd-0 kSDZnm sc-95eb054c-2 PbFWw\" data-test-id=\"Section\">\n<div class=\"sc-59f902fd-0 kSDZnm sc-32f8a63d-0 iKoONW sc-95eb054c-5 exblBU\" data-test-id=\"NameValueWrapper-2\">\n<p class=\"sc-59f902fd-0 kSDZnm sc-99f1fd2f-0 NUQxh sc-95eb054c-6 hXAmFS\" data-test-id=\"Name-2\">Cristal de zafiro convexo, antirreflejos por ambas caras<\/p>\n<\/div>\n<\/div>\n<div class=\"sc-59f902fd-0 kSDZnm sc-95eb054c-2 PbFWw\" data-test-id=\"Section\">\n<p class=\"sc-59f902fd-0 kSDZnm sc-99f1fd2f-0 NUQxh sc-95eb054c-4 kbgdmi\" data-test-id=\"SectionTitle\">Dimensiones Di\u00e1metro 42 mm<\/p>\n<div class=\"sc-59f902fd-0 kSDZnm sc-32f8a63d-0 iKoONW sc-95eb054c-5 exblBU\" data-test-id=\"NameValueWrapper-3\">\n<p class=\"sc-59f902fd-0 kSDZnm sc-99f1fd2f-0 NUQxh sc-95eb054c-6 hXAmFS\" data-test-id=\"Name-3\">Anchura del bucle (entre las leng\u00fcetas) 22,05 mm<\/p>\n<\/div>\n<\/div>\n<div class=\"sc-59f902fd-0 kSDZnm sc-95eb054c-2 PbFWw\" data-test-id=\"Section\">\n<p class=\"sc-59f902fd-0 kSDZnm sc-99f1fd2f-0 NUQxh sc-95eb054c-4 kbgdmi\" data-test-id=\"SectionTitle\">Material de la correa Acero inoxidable<\/p>\n<div class=\"sc-59f902fd-0 kSDZnm sc-32f8a63d-0 iKoONW sc-95eb054c-5 exblBU\" data-test-id=\"NameValueWrapper-1\"><\/div>\n<div class=\"sc-59f902fd-0 kSDZnm sc-32f8a63d-0 iKoONW sc-95eb054c-5 exblBU\" data-test-id=\"NameValueWrapper-3\">\n<div class=\"sc-59f902fd-0 kSDZnm sc-95eb054c-8 YqKlL\" data-test-id=\"ValueBox-3\">\n<p class=\"sc-59f902fd-0 kSDZnm sc-99f1fd2f-0 NUQxh sc-95eb054c-7 dMTDAX\" data-test-id=\"Value-3\">\n<\/div>\n<\/div>\n<\/div>\n","protected":false},"excerpt":{"rendered":"<p>Breitling Superocean Heritage B31 42 ref. UB3111241B1A1 Movimiento Breitling Calibre B31 (Fabricaci\u00f3n) Movimiento Mec\u00e1nico de cuerda autom\u00e1tica Reserva de energ\u00eda Aprox. 78 horas Vibraci\u00f3n 28 800 a\/h Calendario Una ventana en la esfera Caja Acero inoxidable y oro rojo de 18 quilates Resistencia al agua 200 metros Cristal de zafiro convexo, antirreflejos por ambas caras [&hellip;]<\/p>\n","protected":false},"featured_media":120234,"template":"","meta":{"_crdt_document":"","advanced_seo_description":"","jetpack_seo_html_title":"","jetpack_seo_noindex":false},"product_brand":[],"product_cat":[1914],"product_tag":[1440],"berocket_brand":[],"woo-feed-brand":[],"class_list":{"0":"post-120235","1":"product","2":"type-product","3":"status-publish","4":"has-post-thumbnail","6":"product_cat-breitling","7":"product_tag-superocean","9":"first","10":"instock","11":"sale","12":"taxable","13":"shipping-taxable","14":"purchasable","15":"product-type-simple"},"bundled_by":[],"bundle_stock_status":"instock","bundle_stock_quantity":1,"bundle_virtual":false,"bundle_layout":"","bundle_add_to_cart_form_location":"","bundle_editable_in_cart":false,"bundle_sold_individually_context":"","bundle_item_grouping":"","bundle_min_size":"","bundle_max_size":"","bundle_price":[],"bundled_items":[],"bundle_sell_ids":[],"group_of_quantity":0,"min_quantity":0,"max_quantity":"","exclude_order_quantity_value_rules":"no","exclude_category_quantity_rules":"no","combine_variations":"no","jetpack_sharing_enabled":true,"jetpack_likes_enabled":true,"_links":{"self":[{"href":"https:\/\/watchdeluxe.it\/es\/wp-json\/wp\/v2\/product\/120235","targetHints":{"allow":["GET"]}}],"collection":[{"href":"https:\/\/watchdeluxe.it\/es\/wp-json\/wp\/v2\/product"}],"about":[{"href":"https:\/\/watchdeluxe.it\/es\/wp-json\/wp\/v2\/types\/product"}],"wp:featuredmedia":[{"embeddable":true,"href":"https:\/\/watchdeluxe.it\/es\/wp-json\/wp\/v2\/media\/120234"}],"wp:attachment":[{"href":"https:\/\/watchdeluxe.it\/es\/wp-json\/wp\/v2\/media?parent=120235"}],"wp:term":[{"taxonomy":"product_brand","embeddable":true,"href":"https:\/\/watchdeluxe.it\/es\/wp-json\/wp\/v2\/product_brand?post=120235"},{"taxonomy":"product_cat","embeddable":true,"href":"https:\/\/watchdeluxe.it\/es\/wp-json\/wp\/v2\/product_cat?post=120235"},{"taxonomy":"product_tag","embeddable":true,"href":"https:\/\/watchdeluxe.it\/es\/wp-json\/wp\/v2\/product_tag?post=120235"},{"taxonomy":"berocket_brand","embeddable":true,"href":"https:\/\/watchdeluxe.it\/es\/wp-json\/wp\/v2\/berocket_brand?post=120235"},{"taxonomy":"woo-feed-brand","embeddable":true,"href":"https:\/\/watchdeluxe.it\/es\/wp-json\/wp\/v2\/woo-feed-brand?post=120235"}],"curies":[{"name":"wp","href":"https:\/\/api.w.org\/{rel}","templated":true}]}}