{"id":120026,"date":"2025-09-25T16:41:03","date_gmt":"2025-09-25T14:41:03","guid":{"rendered":"https:\/\/watchdeluxe.it\/prodotto\/breitling-chronomat-verde-b01-42-ref-ab0134101l2a1\/"},"modified":"2025-09-25T16:41:03","modified_gmt":"2025-09-25T14:41:03","slug":"breitling-chronomat-verde-b01-42-ref-ab0134101l2a1","status":"publish","type":"product","link":"https:\/\/watchdeluxe.it\/es\/prodotto\/breitling-chronomat-verde-b01-42-ref-ab0134101l2a1\/","title":{"rendered":"Breitling Chronomat verde B01 42 ref. AB0134101L2A1"},"content":{"rendered":"<p>Breitling Chronomat verde B01 42 ref. AB0134101L2A1<\/p>\n<div class=\"sc-59f902fd-0 kSDZnm sc-95eb054c-2 PbFWw\" data-test-id=\"Section\">\n<p class=\"sc-59f902fd-0 kSDZnm sc-99f1fd2f-0 NUQxh sc-95eb054c-4 kbgdmi\" data-test-id=\"SectionTitle\">Movimiento<\/p>\n<div class=\"sc-59f902fd-0 kSDZnm sc-32f8a63d-0 iKoONW sc-95eb054c-5 exblBU\" data-test-id=\"NameValueWrapper-0\">\n<p class=\"sc-59f902fd-0 kSDZnm sc-99f1fd2f-0 NUQxh sc-95eb054c-6 hXAmFS\" data-test-id=\"Name-0\">Breitling Calibre 01 (Fabricaci\u00f3n)<\/p>\n<\/div>\n<div class=\"sc-59f902fd-0 kSDZnm sc-32f8a63d-0 iKoONW sc-95eb054c-5 exblBU\" data-test-id=\"NameValueWrapper-1\">\n<div class=\"sc-59f902fd-0 kSDZnm sc-95eb054c-8 YqKlL\" data-test-id=\"ValueBox-1\">\n<p class=\"sc-59f902fd-0 kSDZnm sc-99f1fd2f-0 NUQxh sc-95eb054c-7 dMTDAX\" data-test-id=\"Value-1\">Mec\u00e1nica, bobinado autom\u00e1tico<\/p>\n<\/div>\n<\/div>\n<div class=\"sc-59f902fd-0 kSDZnm sc-32f8a63d-0 iKoONW sc-95eb054c-5 exblBU\" data-test-id=\"NameValueWrapper-2\">\n<p class=\"sc-59f902fd-0 kSDZnm sc-99f1fd2f-0 NUQxh sc-95eb054c-6 hXAmFS\" data-test-id=\"Name-2\">Reserva de energ\u00eda Aprox. 70 horas<\/p>\n<\/div>\n<div class=\"sc-59f902fd-0 kSDZnm sc-32f8a63d-0 iKoONW sc-95eb054c-5 exblBU\" data-test-id=\"NameValueWrapper-3\">\n<p class=\"sc-59f902fd-0 kSDZnm sc-99f1fd2f-0 NUQxh sc-95eb054c-6 hXAmFS\" data-test-id=\"Name-3\">Cron\u00f3grafo \u00bc segundo, 30 minutos, 12 horas<\/p>\n<\/div>\n<div class=\"sc-59f902fd-0 kSDZnm sc-32f8a63d-0 iKoONW sc-95eb054c-5 exblBU\" data-test-id=\"NameValueWrapper-4\">\n<p class=\"sc-59f902fd-0 kSDZnm sc-99f1fd2f-0 NUQxh sc-95eb054c-6 hXAmFS\" data-test-id=\"Name-4\">Vibraci\u00f3n 28 800 a\/h<\/p>\n<\/div>\n<div class=\"sc-59f902fd-0 kSDZnm sc-32f8a63d-0 iKoONW sc-95eb054c-5 exblBU\" data-test-id=\"NameValueWrapper-5\">\n<p class=\"sc-59f902fd-0 kSDZnm sc-99f1fd2f-0 NUQxh sc-95eb054c-6 hXAmFS\" data-test-id=\"Name-5\">Joya 47 rub\u00edes<\/p>\n<\/div>\n<div class=\"sc-59f902fd-0 kSDZnm sc-32f8a63d-0 iKoONW sc-95eb054c-5 exblBU\" data-test-id=\"NameValueWrapper-6\">\n<p class=\"sc-59f902fd-0 kSDZnm sc-99f1fd2f-0 NUQxh sc-95eb054c-6 hXAmFS\" data-test-id=\"Name-6\">Calendario Una ventana en la esfera<\/p>\n<\/div>\n<\/div>\n<div class=\"sc-59f902fd-0 kSDZnm sc-95eb054c-2 PbFWw\" data-test-id=\"Section\">\n<p class=\"sc-59f902fd-0 kSDZnm sc-99f1fd2f-0 NUQxh sc-95eb054c-4 kbgdmi\" data-test-id=\"SectionTitle\">Caso<\/p>\n<div class=\"sc-59f902fd-0 kSDZnm sc-32f8a63d-0 iKoONW sc-95eb054c-5 exblBU\" data-test-id=\"NameValueWrapper-0\">\n<p class=\"sc-59f902fd-0 kSDZnm sc-99f1fd2f-0 NUQxh sc-95eb054c-6 hXAmFS\" data-test-id=\"Name-0\">Material de la caja Acero inoxidable<\/p>\n<\/div>\n<div class=\"sc-59f902fd-0 kSDZnm sc-32f8a63d-0 iKoONW sc-95eb054c-5 exblBU\" data-test-id=\"NameValueWrapper-1\">\n<p class=\"sc-59f902fd-0 kSDZnm sc-99f1fd2f-0 NUQxh sc-95eb054c-6 hXAmFS\" data-test-id=\"Name-1\">Parte trasera atornillada (cristal de zafiro)<\/p>\n<\/div>\n<div class=\"sc-59f902fd-0 kSDZnm sc-32f8a63d-0 iKoONW sc-95eb054c-5 exblBU\" data-test-id=\"NameValueWrapper-2\">\n<p class=\"sc-59f902fd-0 kSDZnm sc-99f1fd2f-0 NUQxh sc-95eb054c-6 hXAmFS\" data-test-id=\"Name-2\">Resistencia al agua 200 metros<\/p>\n<\/div>\n<\/div>\n<div class=\"sc-59f902fd-0 kSDZnm sc-95eb054c-2 PbFWw\" data-test-id=\"Section\">\n<div class=\"sc-59f902fd-0 kSDZnm sc-32f8a63d-0 iKoONW sc-95eb054c-5 exblBU\" data-test-id=\"NameValueWrapper-3\">\n<p class=\"sc-59f902fd-0 kSDZnm sc-99f1fd2f-0 NUQxh sc-95eb054c-6 hXAmFS\" data-test-id=\"Name-3\">Bisel unidireccional con tope<\/p>\n<\/div>\n<div class=\"sc-59f902fd-0 kSDZnm sc-32f8a63d-0 iKoONW sc-95eb054c-5 exblBU\" data-test-id=\"NameValueWrapper-4\">\n<p class=\"sc-59f902fd-0 kSDZnm sc-99f1fd2f-0 NUQxh sc-95eb054c-6 hXAmFS\" data-test-id=\"Name-4\">Corona Tornillo, dos juntas<\/p>\n<\/div>\n<div class=\"sc-59f902fd-0 kSDZnm sc-32f8a63d-0 iKoONW sc-95eb054c-5 exblBU\" data-test-id=\"NameValueWrapper-5\">\n<p class=\"sc-59f902fd-0 kSDZnm sc-99f1fd2f-0 NUQxh sc-95eb054c-6 hXAmFS\" data-test-id=\"Name-5\">Cristal de zafiro convexo, antirreflejos por ambas caras<\/p>\n<\/div>\n<\/div>\n<div class=\"sc-59f902fd-0 kSDZnm sc-95eb054c-2 PbFWw\" data-test-id=\"Section\">\n<p class=\"sc-59f902fd-0 kSDZnm sc-99f1fd2f-0 NUQxh sc-95eb054c-4 kbgdmi\" data-test-id=\"SectionTitle\">Dimensiones<\/p>\n<div class=\"sc-59f902fd-0 kSDZnm sc-32f8a63d-0 iKoONW sc-95eb054c-5 exblBU\" data-test-id=\"NameValueWrapper-0\"><\/div>\n<div class=\"sc-59f902fd-0 kSDZnm sc-32f8a63d-0 iKoONW sc-95eb054c-5 exblBU\" data-test-id=\"NameValueWrapper-2\">\n<p class=\"sc-59f902fd-0 kSDZnm sc-99f1fd2f-0 NUQxh sc-95eb054c-6 hXAmFS\" data-test-id=\"Name-2\">Di\u00e1metro 42 mm<\/p>\n<\/div>\n<div class=\"sc-59f902fd-0 kSDZnm sc-32f8a63d-0 iKoONW sc-95eb054c-5 exblBU\" data-test-id=\"NameValueWrapper-3\">\n<p class=\"sc-59f902fd-0 kSDZnm sc-99f1fd2f-0 NUQxh sc-95eb054c-6 hXAmFS\" data-test-id=\"Name-3\">Espesor 15,1 mm<\/p>\n<\/div>\n<div class=\"sc-59f902fd-0 kSDZnm sc-32f8a63d-0 iKoONW sc-95eb054c-5 exblBU\" data-test-id=\"NameValueWrapper-5\">\n<p class=\"sc-59f902fd-0 kSDZnm sc-99f1fd2f-0 NUQxh sc-95eb054c-6 hXAmFS\" data-test-id=\"Name-5\">Anchura del bucle (entre las leng\u00fcetas) 22 mm<\/p>\n<\/div>\n<\/div>\n<div class=\"sc-59f902fd-0 kSDZnm sc-95eb054c-2 PbFWw\" data-test-id=\"Section\">\n<p class=\"sc-59f902fd-0 kSDZnm sc-99f1fd2f-0 NUQxh sc-95eb054c-4 kbgdmi\" data-test-id=\"SectionTitle\">Correa<\/p>\n<div class=\"sc-59f902fd-0 kSDZnm sc-32f8a63d-0 iKoONW sc-95eb054c-5 exblBU\" data-test-id=\"NameValueWrapper-0\">\n<p class=\"sc-59f902fd-0 kSDZnm sc-99f1fd2f-0 NUQxh sc-95eb054c-6 hXAmFS\" data-test-id=\"Name-0\">Material de la correa Acero inoxidable<\/p>\n<\/div>\n<div class=\"sc-59f902fd-0 kSDZnm sc-32f8a63d-0 iKoONW sc-95eb054c-5 exblBU\" data-test-id=\"NameValueWrapper-1\">\n<p class=\"sc-59f902fd-0 kSDZnm sc-99f1fd2f-0 NUQxh sc-95eb054c-6 hXAmFS\" data-test-id=\"Name-1\">Color de la pulsera Pulsera de metal<\/p>\n<\/div>\n<div class=\"sc-59f902fd-0 kSDZnm sc-32f8a63d-0 iKoONW sc-95eb054c-5 exblBU\" data-test-id=\"NameValueWrapper-2\">\n<p class=\"sc-59f902fd-0 kSDZnm sc-99f1fd2f-0 NUQxh sc-95eb054c-6 hXAmFS\" data-test-id=\"Name-2\">Tipo de correa<\/p>\n<div class=\"sc-59f902fd-0 kSDZnm sc-95eb054c-8 YqKlL\" data-test-id=\"ValueBox-2\"><\/div>\n<\/div>\n<div class=\"sc-59f902fd-0 kSDZnm sc-32f8a63d-0 iKoONW sc-95eb054c-5 exblBU\" data-test-id=\"NameValueWrapper-3\">\n<div class=\"sc-59f902fd-0 kSDZnm sc-95eb054c-8 YqKlL\" data-test-id=\"ValueBox-3\">\n<p class=\"sc-59f902fd-0 kSDZnm sc-99f1fd2f-0 NUQxh sc-95eb054c-7 dMTDAX\" data-test-id=\"Value-3\">\n<\/div>\n<\/div>\n<\/div>\n","protected":false},"excerpt":{"rendered":"<p>Breitling Chronomat verde B01 42 ref. AB0134101L2A1 Movimiento Breitling Calibre 01 (Fabricaci\u00f3n) Mec\u00e1nica, bobinado autom\u00e1tico Reserva de energ\u00eda Aprox. 70 horas Cron\u00f3grafo \u00bc segundo, 30 minutos, 12 horas Vibraci\u00f3n 28 800 a\/h Joya 47 rub\u00edes Calendario Una ventana en la esfera Caso Material de la caja Acero inoxidable Parte trasera atornillada (cristal de zafiro) Resistencia [&hellip;]<\/p>\n","protected":false},"featured_media":120025,"template":"","meta":{"_crdt_document":"","advanced_seo_description":"","jetpack_seo_html_title":"","jetpack_seo_noindex":false},"product_brand":[],"product_cat":[2663],"product_tag":[2683],"berocket_brand":[],"woo-feed-brand":[],"class_list":{"0":"post-120026","1":"product","2":"type-product","3":"status-publish","4":"has-post-thumbnail","6":"product_cat-breitling-es","7":"product_tag-chronomat-es","9":"first","10":"instock","11":"sale","12":"taxable","13":"shipping-taxable","14":"purchasable","15":"product-type-simple"},"bundled_by":[],"bundle_stock_status":"instock","bundle_stock_quantity":1,"bundle_virtual":false,"bundle_layout":"","bundle_add_to_cart_form_location":"","bundle_editable_in_cart":false,"bundle_sold_individually_context":"","bundle_item_grouping":"","bundle_min_size":"","bundle_max_size":"","bundle_price":[],"bundled_items":[],"bundle_sell_ids":[],"group_of_quantity":0,"min_quantity":0,"max_quantity":"","exclude_order_quantity_value_rules":"no","exclude_category_quantity_rules":"no","combine_variations":"no","exclude_global_add_ons":[],"addons":[],"jetpack_sharing_enabled":true,"jetpack_likes_enabled":true,"_links":{"self":[{"href":"https:\/\/watchdeluxe.it\/es\/wp-json\/wp\/v2\/product\/120026","targetHints":{"allow":["GET"]}}],"collection":[{"href":"https:\/\/watchdeluxe.it\/es\/wp-json\/wp\/v2\/product"}],"about":[{"href":"https:\/\/watchdeluxe.it\/es\/wp-json\/wp\/v2\/types\/product"}],"wp:featuredmedia":[{"embeddable":true,"href":"https:\/\/watchdeluxe.it\/es\/wp-json\/wp\/v2\/media\/120025"}],"wp:attachment":[{"href":"https:\/\/watchdeluxe.it\/es\/wp-json\/wp\/v2\/media?parent=120026"}],"wp:term":[{"taxonomy":"product_brand","embeddable":true,"href":"https:\/\/watchdeluxe.it\/es\/wp-json\/wp\/v2\/product_brand?post=120026"},{"taxonomy":"product_cat","embeddable":true,"href":"https:\/\/watchdeluxe.it\/es\/wp-json\/wp\/v2\/product_cat?post=120026"},{"taxonomy":"product_tag","embeddable":true,"href":"https:\/\/watchdeluxe.it\/es\/wp-json\/wp\/v2\/product_tag?post=120026"},{"taxonomy":"berocket_brand","embeddable":true,"href":"https:\/\/watchdeluxe.it\/es\/wp-json\/wp\/v2\/berocket_brand?post=120026"},{"taxonomy":"woo-feed-brand","embeddable":true,"href":"https:\/\/watchdeluxe.it\/es\/wp-json\/wp\/v2\/woo-feed-brand?post=120026"}],"curies":[{"name":"wp","href":"https:\/\/api.w.org\/{rel}","templated":true}]}}