{"id":119927,"date":"2025-09-25T15:59:25","date_gmt":"2025-09-25T13:59:25","guid":{"rendered":"https:\/\/watchdeluxe.it\/prodotto\/baume-mercier-clifton-edicion-limitada-ref-m0a10778\/"},"modified":"2026-04-11T08:50:48","modified_gmt":"2026-04-11T06:50:48","slug":"baume-mercier-clifton-edicion-limitada-ref-m0a10778","status":"publish","type":"product","link":"https:\/\/watchdeluxe.it\/es\/prodotto\/baume-mercier-clifton-edicion-limitada-ref-m0a10778\/","title":{"rendered":"Baume &amp; Mercier clifton edici\u00f3n limitada ref. M0A10778"},"content":{"rendered":"<p>Baume &amp; Mercier clifton edici\u00f3n limitada ref. M0A10778<\/p>\n<p>Forma Redondo<br \/>\nTama\u00f1o 39 mm<br \/>\nMaterial Caja Acero<br \/>\nTipo de cristal Zafiro<br \/>\nResistencia al agua 50 m<\/p>\n<p>Movimiento<\/p>\n<p>Movimiento autom\u00e1tico<br \/>\nCalibre BM13-1975A<\/p>\n<p>Funciones<\/p>\n<p>Complicaci\u00f3n 5 d\u00edas de reserva de marcha<br \/>\nCalendario fecha<\/p>\n<p>Marque<\/p>\n<p>Esfera salm\u00f3n<\/p>\n<p>Pulsera<\/p>\n<p>correa intercambiable de piel de becerro negra y correa adicional de piel de becerro beige<\/p>\n","protected":false},"excerpt":{"rendered":"<p>Baume &amp; Mercier clifton edici\u00f3n limitada ref. M0A10778 Forma Redondo Tama\u00f1o 39 mm Material Caja Acero Tipo de cristal Zafiro Resistencia al agua 50 m Movimiento Movimiento autom\u00e1tico Calibre BM13-1975A Funciones Complicaci\u00f3n 5 d\u00edas de reserva de marcha Calendario fecha Marque Esfera salm\u00f3n Pulsera correa intercambiable de piel de becerro negra y correa adicional de [&hellip;]<\/p>\n","protected":false},"featured_media":172326,"template":"","meta":{"_crdt_document":"","advanced_seo_description":"","jetpack_seo_html_title":"","jetpack_seo_noindex":false},"product_brand":[],"product_cat":[2613],"product_tag":[2618],"berocket_brand":[],"woo-feed-brand":[],"class_list":{"0":"post-119927","1":"product","2":"type-product","3":"status-publish","4":"has-post-thumbnail","6":"product_cat-baume-mercier-es","7":"product_tag-clifton-es","9":"first","10":"instock","11":"sale","12":"taxable","13":"shipping-taxable","14":"purchasable","15":"product-type-simple"},"bundled_by":[],"bundle_stock_status":"instock","bundle_stock_quantity":1,"bundle_virtual":false,"bundle_layout":"","bundle_add_to_cart_form_location":"","bundle_editable_in_cart":false,"bundle_sold_individually_context":"","bundle_item_grouping":"","bundle_min_size":"","bundle_max_size":"","bundle_price":[],"bundled_items":[],"bundle_sell_ids":[],"group_of_quantity":0,"min_quantity":0,"max_quantity":"","exclude_order_quantity_value_rules":"no","exclude_category_quantity_rules":"no","combine_variations":"no","jetpack_sharing_enabled":true,"jetpack_likes_enabled":true,"_links":{"self":[{"href":"https:\/\/watchdeluxe.it\/es\/wp-json\/wp\/v2\/product\/119927","targetHints":{"allow":["GET"]}}],"collection":[{"href":"https:\/\/watchdeluxe.it\/es\/wp-json\/wp\/v2\/product"}],"about":[{"href":"https:\/\/watchdeluxe.it\/es\/wp-json\/wp\/v2\/types\/product"}],"wp:featuredmedia":[{"embeddable":true,"href":"https:\/\/watchdeluxe.it\/es\/wp-json\/wp\/v2\/media\/172326"}],"wp:attachment":[{"href":"https:\/\/watchdeluxe.it\/es\/wp-json\/wp\/v2\/media?parent=119927"}],"wp:term":[{"taxonomy":"product_brand","embeddable":true,"href":"https:\/\/watchdeluxe.it\/es\/wp-json\/wp\/v2\/product_brand?post=119927"},{"taxonomy":"product_cat","embeddable":true,"href":"https:\/\/watchdeluxe.it\/es\/wp-json\/wp\/v2\/product_cat?post=119927"},{"taxonomy":"product_tag","embeddable":true,"href":"https:\/\/watchdeluxe.it\/es\/wp-json\/wp\/v2\/product_tag?post=119927"},{"taxonomy":"berocket_brand","embeddable":true,"href":"https:\/\/watchdeluxe.it\/es\/wp-json\/wp\/v2\/berocket_brand?post=119927"},{"taxonomy":"woo-feed-brand","embeddable":true,"href":"https:\/\/watchdeluxe.it\/es\/wp-json\/wp\/v2\/woo-feed-brand?post=119927"}],"curies":[{"name":"wp","href":"https:\/\/api.w.org\/{rel}","templated":true}]}}