{"id":119522,"date":"2025-09-24T14:12:50","date_gmt":"2025-09-24T12:12:50","guid":{"rendered":"https:\/\/watchdeluxe.it\/prodotto\/hublot-classic-fusion-cronografo-titanio-ref-541-nx-8970-rx\/"},"modified":"2026-01-20T15:01:05","modified_gmt":"2026-01-20T14:01:05","slug":"hublot-classic-fusion-cronografo-titanio-ref-541-nx-8970-rx","status":"publish","type":"product","link":"https:\/\/watchdeluxe.it\/es\/prodotto\/hublot-classic-fusion-cronografo-titanio-ref-541-nx-8970-rx\/","title":{"rendered":"Hublot Classic fusi\u00f3n cron\u00f3grafo titanio ref. 541.NX.8970.RX"},"content":{"rendered":"<p>Hublot Classic fusi\u00f3n cron\u00f3grafo titanio ref. 541.NX.8970.RX<\/p>\n<div class=\"product-pisa__tabs__technical__column\">\n<div class=\"product-pisa__tabs__technical__column__items\">\n<div class=\"product-pisa__tabs__technical__column__item\">MovimientoAutom\u00e1tico<\/div>\n<div class=\"product-pisa__tabs__technical__column__item\">Colecci\u00f3n Fusi\u00f3n Cl\u00e1sica<\/div>\n<div class=\"product-pisa__tabs__technical__column__item\">Referenza541.NX.8970.RX<\/div>\n<div class=\"product-pisa__tabs__technical__column__item\">Complicaciones de cron\u00f3grafo y fecha<\/div>\n<\/div>\n<\/div>\n<div class=\"product-pisa__tabs__technical__column single_column\"><label class=\"product-pisa__tabs__technical__column__title\" for=\"toggle_2\">Caso<\/label><\/p>\n<div class=\"product-pisa__tabs__technical__column__items\">\n<div class=\"product-pisa__tabs__technical__column__item\">Di\u00e1metro 42 mm<\/div>\n<div class=\"product-pisa__tabs__technical__column__item\">Material Titanio<\/div>\n<div class=\"product-pisa__tabs__technical__column__item\">Resistencia al agua 50m\/5atm<\/div>\n<\/div>\n<\/div>\n<div class=\"product-pisa__tabs__technical__column single_column\"><label class=\"product-pisa__tabs__technical__column__title\" for=\"toggle_3\">Esfera verde<\/label><\/div>\n<div class=\"product-pisa__tabs__technical__column single_column\">\n<div class=\"product-pisa__tabs__technical__column__items\">\n<div class=\"product-pisa__tabs__technical__column__item\"><\/div>\n<\/div>\n<\/div>\n<div class=\"product-pisa__tabs__technical__column single_column\"><label class=\"product-pisa__tabs__technical__column__title\" for=\"toggle_4\">Correa<\/label><\/p>\n<div class=\"product-pisa__tabs__technical__column__items\">\n<div class=\"product-pisa__tabs__technical__column__item\">Material Goma verde<\/div>\n<\/div>\n<\/div>\n","protected":false},"excerpt":{"rendered":"<p>Hublot Classic fusi\u00f3n cron\u00f3grafo titanio ref. 541.NX.8970.RX MovimientoAutom\u00e1tico Colecci\u00f3n Fusi\u00f3n Cl\u00e1sica Referenza541.NX.8970.RX Complicaciones de cron\u00f3grafo y fecha Caso Di\u00e1metro 42 mm Material Titanio Resistencia al agua 50m\/5atm Esfera verde Correa Material Goma verde<\/p>\n","protected":false},"featured_media":119520,"template":"","meta":{"_crdt_document":"","advanced_seo_description":"","jetpack_seo_html_title":"","jetpack_seo_noindex":false},"product_brand":[2149],"product_cat":[2225],"product_tag":[2232],"berocket_brand":[],"woo-feed-brand":[],"class_list":{"0":"post-119522","1":"product","2":"type-product","3":"status-publish","4":"has-post-thumbnail","6":"product_brand-hublot","7":"product_cat-hublot-es","8":"product_tag-fusion-clasica","10":"first","11":"instock","12":"sale","13":"taxable","14":"shipping-taxable","15":"purchasable","16":"product-type-simple"},"bundled_by":[],"bundle_stock_status":"instock","bundle_stock_quantity":1,"bundle_virtual":false,"bundle_layout":"","bundle_add_to_cart_form_location":"","bundle_editable_in_cart":false,"bundle_sold_individually_context":"","bundle_item_grouping":"","bundle_min_size":"","bundle_max_size":"","bundle_price":[],"bundled_items":[],"bundle_sell_ids":[],"group_of_quantity":0,"min_quantity":0,"max_quantity":"","exclude_order_quantity_value_rules":"no","exclude_category_quantity_rules":"no","combine_variations":"no","exclude_global_add_ons":[],"addons":[],"jetpack_sharing_enabled":true,"jetpack_likes_enabled":true,"_links":{"self":[{"href":"https:\/\/watchdeluxe.it\/es\/wp-json\/wp\/v2\/product\/119522","targetHints":{"allow":["GET"]}}],"collection":[{"href":"https:\/\/watchdeluxe.it\/es\/wp-json\/wp\/v2\/product"}],"about":[{"href":"https:\/\/watchdeluxe.it\/es\/wp-json\/wp\/v2\/types\/product"}],"wp:featuredmedia":[{"embeddable":true,"href":"https:\/\/watchdeluxe.it\/es\/wp-json\/wp\/v2\/media\/119520"}],"wp:attachment":[{"href":"https:\/\/watchdeluxe.it\/es\/wp-json\/wp\/v2\/media?parent=119522"}],"wp:term":[{"taxonomy":"product_brand","embeddable":true,"href":"https:\/\/watchdeluxe.it\/es\/wp-json\/wp\/v2\/product_brand?post=119522"},{"taxonomy":"product_cat","embeddable":true,"href":"https:\/\/watchdeluxe.it\/es\/wp-json\/wp\/v2\/product_cat?post=119522"},{"taxonomy":"product_tag","embeddable":true,"href":"https:\/\/watchdeluxe.it\/es\/wp-json\/wp\/v2\/product_tag?post=119522"},{"taxonomy":"berocket_brand","embeddable":true,"href":"https:\/\/watchdeluxe.it\/es\/wp-json\/wp\/v2\/berocket_brand?post=119522"},{"taxonomy":"woo-feed-brand","embeddable":true,"href":"https:\/\/watchdeluxe.it\/es\/wp-json\/wp\/v2\/woo-feed-brand?post=119522"}],"curies":[{"name":"wp","href":"https:\/\/api.w.org\/{rel}","templated":true}]}}