{"id":119508,"date":"2025-09-24T13:39:27","date_gmt":"2025-09-24T11:39:27","guid":{"rendered":"https:\/\/watchdeluxe.it\/prodotto\/nomos-ldwig-neomatik-41-fecha-ref-262\/"},"modified":"2025-09-24T13:39:27","modified_gmt":"2025-09-24T11:39:27","slug":"nomos-ldwig-neomatik-41-fecha-ref-262","status":"publish","type":"product","link":"https:\/\/watchdeluxe.it\/es\/prodotto\/nomos-ldwig-neomatik-41-fecha-ref-262\/","title":{"rendered":"Nomos Ldwig Neomatik 41 fecha ref. 262"},"content":{"rendered":"<p>Nomos Ldwig Neomatik 41 fecha ref. 262<\/p>\n<div class=\"list-couple\">\n<div class=\"specs-list\">\n<dl>\n<dt>Caja<\/dt>\n<dd>acero inoxidable, fondo de cristal de zafiro tripartito\n<\/dd>\n<\/dl>\n<dl>\n<dt>Cristal<\/dt>\n<dd>cristal de zafiro con revestimiento antirreflejos en el interior<\/dd>\n<\/dl>\n<dl>\n<dt>Carga<\/dt>\n<dd>autom\u00e1tico<\/dd>\n<\/dl>\n<dl>\n<dt>Dimensiones<\/dt>\n<dd>di\u00e1metro <span class=\"size-property\"> 40,5 mm <\/span><br \/>\ngrosor <span class=\"size-property\"> 7,7 mm <\/span><br \/>\nTama\u00f1o del bucle exterior <span class=\"size-property\"> 49,0 mm <\/span><\/dd>\n<\/dl>\n<dl>\n<dt>Resistencia al agua<\/dt>\n<dd>5 atm (a prueba de salpicaduras)<\/dd>\n<\/dl>\n<\/div>\n<div class=\"specs-list\">\n<dl>\n<dt>Esfera<\/dt>\n<dd>galvanizada, plateada blanca<br \/>\nindicaci\u00f3n de la fecha en las tres<\/dd>\n<\/dl>\n<dl>\n<dt>Manos<\/dt>\n<dd>azules endurecidas<\/dd>\n<\/dl>\n<dl>\n<dt>correa<\/dt>\n<dd>Horween Genuine Shell Cordovan negra, remachada<br \/>\n<span class=\"size-property\"> anchura de la leng\u00fceta 20 mm <\/span><\/dd>\n<\/dl>\n<dl>\n<dt>Hebilla<\/dt>\n<dd>Hebilla de pasador, redonda, acero inoxidable<\/dd>\n<\/dl>\n<\/div>\n<\/div>\n","protected":false},"excerpt":{"rendered":"<p>Nomos Ldwig Neomatik 41 fecha ref. 262 Caja acero inoxidable, fondo de cristal de zafiro tripartito Cristal cristal de zafiro con revestimiento antirreflejos en el interior Carga autom\u00e1tico Dimensiones di\u00e1metro 40,5 mm grosor 7,7 mm Tama\u00f1o del bucle exterior 49,0 mm Resistencia al agua 5 atm (a prueba de salpicaduras) Esfera galvanizada, plateada blanca indicaci\u00f3n [&hellip;]<\/p>\n","protected":false},"featured_media":119507,"template":"","meta":{"_crdt_document":"","advanced_seo_description":"","jetpack_seo_html_title":"","jetpack_seo_noindex":false},"product_brand":[2154],"product_cat":[2360],"product_tag":[3323],"berocket_brand":[],"woo-feed-brand":[],"class_list":{"0":"post-119508","1":"product","2":"type-product","3":"status-publish","4":"has-post-thumbnail","6":"product_brand-nomos-glashutte","7":"product_cat-nomos-glashutte-es","8":"product_tag-ludwig-es","10":"first","11":"instock","12":"sale","13":"taxable","14":"shipping-taxable","15":"purchasable","16":"product-type-simple"},"bundled_by":[],"bundle_stock_status":"instock","bundle_stock_quantity":1,"bundle_virtual":false,"bundle_layout":"","bundle_add_to_cart_form_location":"","bundle_editable_in_cart":false,"bundle_sold_individually_context":"","bundle_item_grouping":"","bundle_min_size":"","bundle_max_size":"","bundle_price":[],"bundled_items":[],"bundle_sell_ids":[],"group_of_quantity":0,"min_quantity":0,"max_quantity":"","exclude_order_quantity_value_rules":"no","exclude_category_quantity_rules":"no","combine_variations":"no","exclude_global_add_ons":[],"addons":[],"jetpack_sharing_enabled":true,"jetpack_likes_enabled":true,"_links":{"self":[{"href":"https:\/\/watchdeluxe.it\/es\/wp-json\/wp\/v2\/product\/119508","targetHints":{"allow":["GET"]}}],"collection":[{"href":"https:\/\/watchdeluxe.it\/es\/wp-json\/wp\/v2\/product"}],"about":[{"href":"https:\/\/watchdeluxe.it\/es\/wp-json\/wp\/v2\/types\/product"}],"wp:featuredmedia":[{"embeddable":true,"href":"https:\/\/watchdeluxe.it\/es\/wp-json\/wp\/v2\/media\/119507"}],"wp:attachment":[{"href":"https:\/\/watchdeluxe.it\/es\/wp-json\/wp\/v2\/media?parent=119508"}],"wp:term":[{"taxonomy":"product_brand","embeddable":true,"href":"https:\/\/watchdeluxe.it\/es\/wp-json\/wp\/v2\/product_brand?post=119508"},{"taxonomy":"product_cat","embeddable":true,"href":"https:\/\/watchdeluxe.it\/es\/wp-json\/wp\/v2\/product_cat?post=119508"},{"taxonomy":"product_tag","embeddable":true,"href":"https:\/\/watchdeluxe.it\/es\/wp-json\/wp\/v2\/product_tag?post=119508"},{"taxonomy":"berocket_brand","embeddable":true,"href":"https:\/\/watchdeluxe.it\/es\/wp-json\/wp\/v2\/berocket_brand?post=119508"},{"taxonomy":"woo-feed-brand","embeddable":true,"href":"https:\/\/watchdeluxe.it\/es\/wp-json\/wp\/v2\/woo-feed-brand?post=119508"}],"curies":[{"name":"wp","href":"https:\/\/api.w.org\/{rel}","templated":true}]}}